{"id":336491,"date":"2026-03-07T19:49:53","date_gmt":"2026-03-07T16:49:53","guid":{"rendered":"https:\/\/baldumarket.lt\/?post_type=product&#038;p=336491"},"modified":"2026-04-07T16:02:33","modified_gmt":"2026-04-07T13:02:33","slug":"jork-stalas-jb-130","status":"publish","type":"product","link":"https:\/\/baldumarket.lt\/lt\/product\/jork-stalas-jb-130\/","title":{"rendered":"YORK stalas JB-130"},"content":{"rendered":"<p>JB-130 stalas \u2013 puikus sprendimas tiems, kurie vertina klasikin\u0119 apdail\u0105 ir prakti\u0161kum\u0105. Baldas pagamintas i\u0161 tvirtos 16 mm storio laminuotos plok\u0161t\u0117s. D\u0117l eleganti\u0161kos formos ir modernios i\u0161vaizdos jis neu\u017ego\u0161 jokio interjero, tod\u0117l puikiai tinka ma\u017eoms erdv\u0117ms. Stalas si\u016blomas \u012fvairi\u0173 spalv\u0173.<\/p>\n<p>Baldai pristatomi supakuoti, tod\u0117l juos galima surinkti patiems.<\/p>\n<p>Naujas produktas, originalioje pakuot\u0117je!<\/p>\n<p>Priekin\u0117 dalis: lygus priekis.<br \/>\nMatmenys:<br \/>\n\u2013 plotis 130 cm \/ auk\u0161tis 76 cm \/ gylis 60 cm<br \/>\nPapildoma informacija:<\/p>\n<p>Galimos spalvos: Sonoma, Artisan, San Remo Rust, Wellington, Canyon, Lancelot Oak<br \/>\nR\u0117mo apdaila: matin\u0117<br \/>\nPriekin\u0117 apdaila: matin\u0117<br \/>\nMed\u017eiaga: laminuota med\u017eio dro\u017eli\u0173 plok\u0161t\u0117<br \/>\nTipas: laisvai pastatomas<br \/>\nStilius: modernus<\/p>","protected":false},"excerpt":{"rendered":"<p>JB-130 stalas \u2013 puikus sprendimas tiems, kurie vertina klasikin\u0119 apdail\u0105 ir prakti\u0161kum\u0105. Baldas pagamintas i\u0161 tvirtos 16 mm storio laminuotos plok\u0161t\u0117s. D\u0117l eleganti\u0161kos formos ir modernios i\u0161vaizdos jis neu\u017ego\u0161 jokio interjero, tod\u0117l puikiai tinka ma\u017eoms erdv\u0117ms. Stalas si\u016blomas \u012fvairi\u0173 spalv\u0173. Baldai [\u2026]<\/p>","protected":false},"featured_media":336531,"comment_status":"open","ping_status":"closed","template":"","meta":[],"product_brand":[],"product_cat":[9935,9879,1312],"product_tag":[],"class_list":{"0":"post-336491","1":"product","2":"type-product","3":"status-publish","4":"has-post-thumbnail","6":"product_cat-furniture-system-york","7":"product_cat-krajan","8":"product_cat-desks","10":"first","11":"instock","12":"shipping-taxable","13":"purchasable","14":"product-type-variable","15":"wvs-archive-product-wrapper"},"_links":{"self":[{"href":"https:\/\/baldumarket.lt\/lt\/wp-json\/wp\/v2\/product\/336491","targetHints":{"allow":["GET"]}}],"collection":[{"href":"https:\/\/baldumarket.lt\/lt\/wp-json\/wp\/v2\/product"}],"about":[{"href":"https:\/\/baldumarket.lt\/lt\/wp-json\/wp\/v2\/types\/product"}],"replies":[{"embeddable":true,"href":"https:\/\/baldumarket.lt\/lt\/wp-json\/wp\/v2\/comments?post=336491"}],"wp:featuredmedia":[{"embeddable":true,"href":"https:\/\/baldumarket.lt\/lt\/wp-json\/wp\/v2\/media\/336531"}],"wp:attachment":[{"href":"https:\/\/baldumarket.lt\/lt\/wp-json\/wp\/v2\/media?parent=336491"}],"wp:term":[{"taxonomy":"product_brand","embeddable":true,"href":"https:\/\/baldumarket.lt\/lt\/wp-json\/wp\/v2\/product_brand?post=336491"},{"taxonomy":"product_cat","embeddable":true,"href":"https:\/\/baldumarket.lt\/lt\/wp-json\/wp\/v2\/product_cat?post=336491"},{"taxonomy":"product_tag","embeddable":true,"href":"https:\/\/baldumarket.lt\/lt\/wp-json\/wp\/v2\/product_tag?post=336491"}],"curies":[{"name":"wp","href":"https:\/\/api.w.org\/{rel}","templated":true}]}}