{"id":336414,"date":"2026-03-07T19:44:21","date_gmt":"2026-03-07T16:44:21","guid":{"rendered":"https:\/\/baldumarket.lt\/?post_type=product&#038;p=336414"},"modified":"2026-03-26T18:06:57","modified_gmt":"2026-03-26T15:06:57","slug":"karo","status":"publish","type":"product","link":"https:\/\/baldumarket.lt\/lt\/product\/karo\/","title":{"rendered":"Prie\u0161kambaris KARO"},"content":{"rendered":"<p>Plotis\/Auk\u0161tis\/Gylis: 204\/212\/67 cm<br \/>\nErdvi KARO stumdoma spinta. \u0160is modernus spintos dizainas puikiai tinka jaunimo kambariui, moderniam miegamajam ar prie\u0161kambariui. Baldai pagaminti i\u0161 auk\u0161tos kokyb\u0117s laminuotos plok\u0161t\u0117s. Viduje \u012frengtos prakti\u0161kos lentynos ir pakabos. Didelius matmenis ir tvirt\u0105 i\u0161vaizd\u0105 pary\u0161kina dinami\u0161kas fasad\u0173 dizainas, primenantis didel\u0119 \u0161achmat\u0173 lent\u0105. Stumdomos durys turi aliuminio rankenas, kad jas b\u016bt\u0173 lengva atidaryti ir u\u017edaryti.<\/p>\n<p>Matmenys:<br \/>\n\u2013 Plotis 204 cm \/ Auk\u0161tis 212 cm \/ Gylis 67 cm<br \/>\nPapildoma informacija:<br \/>\n\u2013 Naudojama auk\u0161\u010diausios kokyb\u0117s stumdoma sistema \u2013 \u201eSuperior Laguna\u201c sistema,<\/p>\n<p>\u2013 Viduje \u012frengti pakabinimo b\u0117geliai ir lentynos,<\/p>\n<p>\u2013 Rankenos: aliuminio \u0161oniniai profiliai,<\/p>\n<p>\u2013 Baldai nauji, supakuoti \u012f savaranki\u0161kai surinkamas pakuotes, su ai\u0161kiomis instrukcijomis ir priedais.<\/p>\n<p>\u2013 Vizualizacijoje pavaizduota spinta yra \u0161i\u0173 spalv\u0173: bordo \/ blizgi juoda (PASTABA: TAI YRA iliustracin\u0117 spalva)<\/p>\n<p>\u2013 Drabu\u017ein\u0119 galite u\u017esisakyti vienos spalvos (korpusas + priekin\u0117 dalis) \u2013 susisiekite su mumis telefonu arba el. pa\u0161tu krajanka@krajan.pl<\/p>","protected":false},"excerpt":{"rendered":"<p>Plotis\/Auk\u0161tis\/Gylis: 204\/212\/67 cm. Erdvi KARO stumdom\u0173 stumdom\u0173 stov\u0173 spinta. \u0160is modernus spintos dizainas puikiai tinka jaunimo kambariui, moderniam miegamajam ar prie\u0161kambariui. Baldai pagaminti i\u0161 auk\u0161tos kokyb\u0117s laminuotos plok\u0161t\u0117s. Viduje \u012frengtos prakti\u0161kos lentynos ir pakabos. Didelius matmenis ir tvirt\u0105 i\u0161vaizd\u0105 pary\u0161kina dinami\u0161kas [\u2026] dizainas.<\/p>","protected":false},"featured_media":336463,"comment_status":"open","ping_status":"closed","template":"","meta":[],"product_brand":[],"product_cat":[9879,9884,1177],"product_tag":[],"class_list":{"0":"post-336414","1":"product","2":"type-product","3":"status-publish","4":"has-post-thumbnail","6":"product_cat-krajan","7":"product_cat-wardrobes-krajan","8":"product_cat-wardrobes","10":"first","11":"instock","12":"shipping-taxable","13":"purchasable","14":"product-type-variable","15":"wvs-archive-product-wrapper"},"_links":{"self":[{"href":"https:\/\/baldumarket.lt\/lt\/wp-json\/wp\/v2\/product\/336414","targetHints":{"allow":["GET"]}}],"collection":[{"href":"https:\/\/baldumarket.lt\/lt\/wp-json\/wp\/v2\/product"}],"about":[{"href":"https:\/\/baldumarket.lt\/lt\/wp-json\/wp\/v2\/types\/product"}],"replies":[{"embeddable":true,"href":"https:\/\/baldumarket.lt\/lt\/wp-json\/wp\/v2\/comments?post=336414"}],"wp:featuredmedia":[{"embeddable":true,"href":"https:\/\/baldumarket.lt\/lt\/wp-json\/wp\/v2\/media\/336463"}],"wp:attachment":[{"href":"https:\/\/baldumarket.lt\/lt\/wp-json\/wp\/v2\/media?parent=336414"}],"wp:term":[{"taxonomy":"product_brand","embeddable":true,"href":"https:\/\/baldumarket.lt\/lt\/wp-json\/wp\/v2\/product_brand?post=336414"},{"taxonomy":"product_cat","embeddable":true,"href":"https:\/\/baldumarket.lt\/lt\/wp-json\/wp\/v2\/product_cat?post=336414"},{"taxonomy":"product_tag","embeddable":true,"href":"https:\/\/baldumarket.lt\/lt\/wp-json\/wp\/v2\/product_tag?post=336414"}],"curies":[{"name":"wp","href":"https:\/\/api.w.org\/{rel}","templated":true}]}}