{"id":336408,"date":"2026-03-07T19:44:12","date_gmt":"2026-03-07T16:44:12","guid":{"rendered":"https:\/\/baldumarket.lt\/?post_type=product&#038;p=336408"},"modified":"2026-03-26T18:06:57","modified_gmt":"2026-03-26T15:06:57","slug":"karolina-b-veidrodis","status":"publish","type":"product","link":"https:\/\/baldumarket.lt\/lt\/product\/karolina-b-veidrodis\/","title":{"rendered":"KAROLINA B \u2013 veidrodis"},"content":{"rendered":"<p>Plotis\/Auk\u0161tis\/Gylis: 210\/200\/65 cm<br \/>\nKAROLINA B su veidrod\u017eiu \u2013 moderni ir erdvi spinta su stumdomomis sijomis. Ji puikiai tinka miegamajam, prie\u0161kambariui ar net paauglio kambariui. Pagaminta i\u0161 auk\u0161tos kokyb\u0117s laminuotos plok\u0161t\u0117s. Spintos viduje yra prakti\u0161kos lentynos, du stal\u010diai ir pakabos daiktams. Galima rinktis i\u0161 \u012fvairi\u0173 spalv\u0173.<\/p>\n<p>Matmenys:<br \/>\n\u2013 plotis 210 cm \/ auk\u0161tis 200 cm \/ gylis 65 cm<br \/>\nPapildoma informacija:<br \/>\n\u2013 2 stal\u010diai spintos viduje,<br \/>\n\u2013 pasirinktinai 210\/45\/65 cm spintos prailginimas,<br \/>\n\u2013 aliuminio r\u0117mo fasadai,<br \/>\n\u2013 aliuminio b\u0117geliai ir \u0161oniniai profiliai,<br \/>\n\u2013 metaliniai ritininiai b\u0117geliai su i\u0161traukiama spyna,<br \/>\n\u2013 baldai yra nauji, supakuoti \u012f savaranki\u0161kai surinkamas pakuotes, su ai\u0161kiomis instrukcijomis ir priedais.<\/p>\n<p>\u2013 spinta pagal vizualizacij\u0105, pagaminta kanjono \u0105\u017euolo spalvos<\/p>","protected":false},"excerpt":{"rendered":"<p>Width\/Height\/Depth: 210\/200\/65 cm KAROLINA B with a mirror is a modern and spacious sliding wardrobe. It&#8217;s perfect for a bedroom, hallway, or even a teenager&#8217;s room. It&#8217;s made of high-quality laminated board. Inside, the wardrobe features practical shelves, two drawers, and hanging rails. Available in various colors. Dimensions: \u2013 width 210 cm \/ height 200 [&hellip;]<\/p>","protected":false},"featured_media":336452,"comment_status":"open","ping_status":"closed","template":"","meta":[],"product_brand":[],"product_cat":[9879,9884,1177],"product_tag":[],"class_list":{"0":"post-336408","1":"product","2":"type-product","3":"status-publish","4":"has-post-thumbnail","6":"product_cat-krajan","7":"product_cat-wardrobes-krajan","8":"product_cat-wardrobes","10":"first","11":"instock","12":"shipping-taxable","13":"purchasable","14":"product-type-variable","15":"wvs-archive-product-wrapper"},"_links":{"self":[{"href":"https:\/\/baldumarket.lt\/lt\/wp-json\/wp\/v2\/product\/336408","targetHints":{"allow":["GET"]}}],"collection":[{"href":"https:\/\/baldumarket.lt\/lt\/wp-json\/wp\/v2\/product"}],"about":[{"href":"https:\/\/baldumarket.lt\/lt\/wp-json\/wp\/v2\/types\/product"}],"replies":[{"embeddable":true,"href":"https:\/\/baldumarket.lt\/lt\/wp-json\/wp\/v2\/comments?post=336408"}],"wp:featuredmedia":[{"embeddable":true,"href":"https:\/\/baldumarket.lt\/lt\/wp-json\/wp\/v2\/media\/336452"}],"wp:attachment":[{"href":"https:\/\/baldumarket.lt\/lt\/wp-json\/wp\/v2\/media?parent=336408"}],"wp:term":[{"taxonomy":"product_brand","embeddable":true,"href":"https:\/\/baldumarket.lt\/lt\/wp-json\/wp\/v2\/product_brand?post=336408"},{"taxonomy":"product_cat","embeddable":true,"href":"https:\/\/baldumarket.lt\/lt\/wp-json\/wp\/v2\/product_cat?post=336408"},{"taxonomy":"product_tag","embeddable":true,"href":"https:\/\/baldumarket.lt\/lt\/wp-json\/wp\/v2\/product_tag?post=336408"}],"curies":[{"name":"wp","href":"https:\/\/api.w.org\/{rel}","templated":true}]}}