{"id":336400,"date":"2026-03-07T19:43:32","date_gmt":"2026-03-07T16:43:32","guid":{"rendered":"https:\/\/baldumarket.lt\/?post_type=product&#038;p=336400"},"modified":"2026-03-26T18:06:57","modified_gmt":"2026-03-26T15:06:57","slug":"kasia-bis-i-b","status":"publish","type":"product","link":"https:\/\/baldumarket.lt\/lt\/product\/kasia-bis-i-b\/","title":{"rendered":"Kasia Bis I B"},"content":{"rendered":"<p>Width\/Height\/Depth: 120\/230\/62.5 cm<br \/>\nThe KASIA BIS I B wardrobe with a sliding door system is solidly constructed, functional, and elegant, facilitating everyday use. Perfect for bedrooms, hallways, and living rooms. The practical interior is divided into shelves and hangers.<br \/>\nMatmenys:<br \/>\n\u2013 Width 120 cm \/ Height 230 cm \/ Depth 62.5 cm<br \/>\nPapildoma informacija:<br \/>\n\u2013 Spintos vidus: padalintas \u012f dvi dalis (kair\u0117je pus\u0117je lentynos; de\u0161in\u0117je pus\u0117je drabu\u017ei\u0173 pakaba)<\/p>\n<p>\u2013 Interior of the wardrobe: one shelf inside the door<\/p>\n<p>\u2013 B\u0117gikai: metaliniai ritin\u0117liai<\/p>\n<p>\u2013 Tinka: svetainei, miegamajam, jaunimo kambariui, darbo kambariui, vaik\u0173 kambariui, biurui<\/p>\n<p>\u2013 Baldai nauji, supakuoti \u012f savaranki\u0161kai surinkamas pakuotes, su ai\u0161kiomis instrukcijomis ir priedais.<\/p>\n<p>\u2013 spinta pagal vizualizacij\u0105, pagaminta juodalksnio spalvos (D\u0116MESIO!!! SPALVA NEGALIMA)<\/p>","protected":false},"excerpt":{"rendered":"<p>Width\/Height\/Depth: 120\/230\/62.5 cm The KASIA BIS I B wardrobe with a sliding door system is solidly constructed, functional, and elegant, facilitating everyday use. Perfect for bedrooms, hallways, and living rooms. The practical interior is divided into shelves and hangers. Dimensions: \u2013 Width 120 cm \/ Height 230 cm \/ Depth 62.5 cm Additional information: \u2013 [&hellip;]<\/p>","protected":false},"featured_media":336444,"comment_status":"open","ping_status":"closed","template":"","meta":[],"product_brand":[],"product_cat":[9879,9884,1177],"product_tag":[],"class_list":{"0":"post-336400","1":"product","2":"type-product","3":"status-publish","4":"has-post-thumbnail","6":"product_cat-krajan","7":"product_cat-wardrobes-krajan","8":"product_cat-wardrobes","10":"first","11":"instock","12":"shipping-taxable","13":"purchasable","14":"product-type-variable","15":"wvs-archive-product-wrapper"},"_links":{"self":[{"href":"https:\/\/baldumarket.lt\/lt\/wp-json\/wp\/v2\/product\/336400","targetHints":{"allow":["GET"]}}],"collection":[{"href":"https:\/\/baldumarket.lt\/lt\/wp-json\/wp\/v2\/product"}],"about":[{"href":"https:\/\/baldumarket.lt\/lt\/wp-json\/wp\/v2\/types\/product"}],"replies":[{"embeddable":true,"href":"https:\/\/baldumarket.lt\/lt\/wp-json\/wp\/v2\/comments?post=336400"}],"wp:featuredmedia":[{"embeddable":true,"href":"https:\/\/baldumarket.lt\/lt\/wp-json\/wp\/v2\/media\/336444"}],"wp:attachment":[{"href":"https:\/\/baldumarket.lt\/lt\/wp-json\/wp\/v2\/media?parent=336400"}],"wp:term":[{"taxonomy":"product_brand","embeddable":true,"href":"https:\/\/baldumarket.lt\/lt\/wp-json\/wp\/v2\/product_brand?post=336400"},{"taxonomy":"product_cat","embeddable":true,"href":"https:\/\/baldumarket.lt\/lt\/wp-json\/wp\/v2\/product_cat?post=336400"},{"taxonomy":"product_tag","embeddable":true,"href":"https:\/\/baldumarket.lt\/lt\/wp-json\/wp\/v2\/product_tag?post=336400"}],"curies":[{"name":"wp","href":"https:\/\/api.w.org\/{rel}","templated":true}]}}