{"id":336398,"date":"2026-03-07T19:43:30","date_gmt":"2026-03-07T16:43:30","guid":{"rendered":"https:\/\/baldumarket.lt\/?post_type=product&#038;p=336398"},"modified":"2026-03-26T18:06:57","modified_gmt":"2026-03-26T15:06:57","slug":"kasia-bis-ii","status":"publish","type":"product","link":"https:\/\/baldumarket.lt\/lt\/product\/kasia-bis-ii\/","title":{"rendered":"Kasia Bis II"},"content":{"rendered":"<p>Plotis\/Auk\u0161tis\/Gylis: 150\/230\/62,5 cm<br \/>\nTrij\u0173 dur\u0173 spinta KASIA BIS II su vir\u0161utine dalimi ir stumdom\u0173 dur\u0173 sistema yra tvirtos konstrukcijos, funkcionali ir eleganti\u0161ka, tod\u0117l kasdien\u012f naudojim\u0105 palengvina. Puikiai tinka miegamiesiems, koridoriams ir svetain\u0117ms. Prakti\u0161kas vidus suskirstytas \u012f lentynas ir pakabas.<br \/>\nMatmenys:<br \/>\n\u2013 Plotis 150 cm \/ Auk\u0161tis 230 cm \/ Gylis 62,5 cm<br \/>\nPapildoma informacija:<br \/>\n\u2013 Baldai nauji, supakuoti \u012f savaranki\u0161kai surinkamas pakuotes, su ai\u0161kiomis instrukcijomis ir priedais.<\/p>\n<p>\u2013 Vizualizacijoje pavaizduota spinta yra \u0161ios spalvos: Corsico (PASTABA!!! SPALVA NEGALIMA)<\/p>","protected":false},"excerpt":{"rendered":"<p>Width\/Height\/Depth: 150\/230\/62.5 cm The KASIA BIS II 3-door wardrobe with a top unit and sliding door system is solidly constructed, functional, and elegant, making everyday use easier. Perfect for bedrooms, hallways, and living rooms. The practical interior is divided into shelves and hangers. Dimensions: \u2013 Width 150 cm \/ Height 230 cm \/ Depth 62.5 [&hellip;]<\/p>","protected":false},"featured_media":336442,"comment_status":"open","ping_status":"closed","template":"","meta":[],"product_brand":[],"product_cat":[9879,9884,1177],"product_tag":[],"class_list":{"0":"post-336398","1":"product","2":"type-product","3":"status-publish","4":"has-post-thumbnail","6":"product_cat-krajan","7":"product_cat-wardrobes-krajan","8":"product_cat-wardrobes","10":"first","11":"instock","12":"shipping-taxable","13":"purchasable","14":"product-type-variable","15":"wvs-archive-product-wrapper"},"_links":{"self":[{"href":"https:\/\/baldumarket.lt\/lt\/wp-json\/wp\/v2\/product\/336398","targetHints":{"allow":["GET"]}}],"collection":[{"href":"https:\/\/baldumarket.lt\/lt\/wp-json\/wp\/v2\/product"}],"about":[{"href":"https:\/\/baldumarket.lt\/lt\/wp-json\/wp\/v2\/types\/product"}],"replies":[{"embeddable":true,"href":"https:\/\/baldumarket.lt\/lt\/wp-json\/wp\/v2\/comments?post=336398"}],"wp:featuredmedia":[{"embeddable":true,"href":"https:\/\/baldumarket.lt\/lt\/wp-json\/wp\/v2\/media\/336442"}],"wp:attachment":[{"href":"https:\/\/baldumarket.lt\/lt\/wp-json\/wp\/v2\/media?parent=336398"}],"wp:term":[{"taxonomy":"product_brand","embeddable":true,"href":"https:\/\/baldumarket.lt\/lt\/wp-json\/wp\/v2\/product_brand?post=336398"},{"taxonomy":"product_cat","embeddable":true,"href":"https:\/\/baldumarket.lt\/lt\/wp-json\/wp\/v2\/product_cat?post=336398"},{"taxonomy":"product_tag","embeddable":true,"href":"https:\/\/baldumarket.lt\/lt\/wp-json\/wp\/v2\/product_tag?post=336398"}],"curies":[{"name":"wp","href":"https:\/\/api.w.org\/{rel}","templated":true}]}}