{"id":336393,"date":"2026-03-07T19:42:50","date_gmt":"2026-03-07T16:42:50","guid":{"rendered":"https:\/\/baldumarket.lt\/?post_type=product&#038;p=336393"},"modified":"2026-03-26T18:06:57","modified_gmt":"2026-03-26T15:06:57","slug":"kasia-bis-iii","status":"publish","type":"product","link":"https:\/\/baldumarket.lt\/lt\/product\/kasia-bis-iii\/","title":{"rendered":"Kasia Bis III"},"content":{"rendered":"<p>Plotis\/Auk\u0161tis\/Gylis: 180\/230\/62,5 cm<br \/>\nTrij\u0173 dur\u0173 spinta KASIA BIS III su vir\u0161utine dalimi ir stumdom\u0173 dur\u0173 sistema yra tvirtos konstrukcijos, funkcionali ir eleganti\u0161ka, tod\u0117l kasdien\u012f naudojim\u0105 palengvina. Puikiai tinka miegamiesiems, koridoriams ir svetain\u0117ms. Prakti\u0161kas vidus suskirstytas \u012f lentynas ir pakabas. Matmenys:<br \/>\n\u2013 Plotis 180 cm \/ Auk\u0161tis 230 cm \/ Gylis 62,5 cm<br \/>\nPapildoma informacija:<\/p>\n<p>Dur\u0173 skai\u010dius \u2013 4 stumdomos + 4 atidaromos (vidurin\u0117s)<br \/>\nStal\u010di\u0173 skai\u010dius \u2013 2<br \/>\nSpintos vidus \u2013 trij\u0173 dali\u0173 spinta (vidurin\u0117 dalis su lentynomis | de\u0161in\u0117 ir kair\u0117 pus\u0117s su drabu\u017ei\u0173 pakaba)<br \/>\nVir\u0161utinio bloko viduje \u2013 viena lentyna dureli\u0173 viduje<br \/>\nKreiptuvai \u2013 metaliniai ritininiai kreiptuvai<br \/>\nPaskirtis \u2013 svetain\u0117, miegamasis, jaunimo kambarys, darbo kambarys, vaik\u0173 kambarys, biuras<br \/>\nVidurin\u0117ms durims galima \u012fsigyti veidrod\u012f<br \/>\nBaldai nauji, supakuoti \u012f surinkimo pakuotes, su ai\u0161kiomis instrukcijomis ir priedais.<br \/>\nVizualizacijoje pavaizduota spinta yra \u0161okolado spalvos.<\/p>","protected":false},"excerpt":{"rendered":"<p>Plotis\/Auk\u0161tis\/Gylis: 180\/230\/62,5 cm. KASIA BIS III trij\u0173 dur\u0173 spinta su vir\u0161utine dalimi ir stumdom\u0173 dur\u0173 sistema yra tvirtos konstrukcijos, funkcionali ir eleganti\u0161ka, tod\u0117l kasdien ja naudotis yra lengviau. Puikiai tinka miegamiesiems, koridoriams ir svetain\u0117ms. Prakti\u0161kas vidus suskirstytas \u012f lentynas ir pakabas. Matmenys: \u2013 Plotis 180 cm \/ Auk\u0161tis 230 cm \/ Gylis 62,5 [\u2026]<\/p>","protected":false},"featured_media":336432,"comment_status":"open","ping_status":"closed","template":"","meta":[],"product_brand":[],"product_cat":[9879,9884,1177],"product_tag":[],"class_list":{"0":"post-336393","1":"product","2":"type-product","3":"status-publish","4":"has-post-thumbnail","6":"product_cat-krajan","7":"product_cat-wardrobes-krajan","8":"product_cat-wardrobes","10":"first","11":"instock","12":"shipping-taxable","13":"purchasable","14":"product-type-variable","15":"wvs-archive-product-wrapper"},"_links":{"self":[{"href":"https:\/\/baldumarket.lt\/lt\/wp-json\/wp\/v2\/product\/336393","targetHints":{"allow":["GET"]}}],"collection":[{"href":"https:\/\/baldumarket.lt\/lt\/wp-json\/wp\/v2\/product"}],"about":[{"href":"https:\/\/baldumarket.lt\/lt\/wp-json\/wp\/v2\/types\/product"}],"replies":[{"embeddable":true,"href":"https:\/\/baldumarket.lt\/lt\/wp-json\/wp\/v2\/comments?post=336393"}],"wp:featuredmedia":[{"embeddable":true,"href":"https:\/\/baldumarket.lt\/lt\/wp-json\/wp\/v2\/media\/336432"}],"wp:attachment":[{"href":"https:\/\/baldumarket.lt\/lt\/wp-json\/wp\/v2\/media?parent=336393"}],"wp:term":[{"taxonomy":"product_brand","embeddable":true,"href":"https:\/\/baldumarket.lt\/lt\/wp-json\/wp\/v2\/product_brand?post=336393"},{"taxonomy":"product_cat","embeddable":true,"href":"https:\/\/baldumarket.lt\/lt\/wp-json\/wp\/v2\/product_cat?post=336393"},{"taxonomy":"product_tag","embeddable":true,"href":"https:\/\/baldumarket.lt\/lt\/wp-json\/wp\/v2\/product_tag?post=336393"}],"curies":[{"name":"wp","href":"https:\/\/api.w.org\/{rel}","templated":true}]}}