{"id":336391,"date":"2026-03-07T19:42:45","date_gmt":"2026-03-07T16:42:45","guid":{"rendered":"https:\/\/baldumarket.lt\/?post_type=product&#038;p=336391"},"modified":"2026-03-26T18:06:57","modified_gmt":"2026-03-26T15:06:57","slug":"kasia-i-a","status":"publish","type":"product","link":"https:\/\/baldumarket.lt\/lt\/product\/kasia-i-a\/","title":{"rendered":"Kasia I A"},"content":{"rendered":"<p>Plotis\/Auk\u0161tis\/Gylis: 100\/200\/62,5 cm<br \/>\nDviej\u0173 dur\u0173 spinta su stumdom\u0173 dur\u0173 sistema KASIA IA yra tvirtos konstrukcijos, funkcionali ir eleganti\u0161ka, tod\u0117l ja lengva naudotis kasdien. Puikiai tinka miegamiesiems, koridoriams ir svetain\u0117ms. Prakti\u0161kas vidus suskirstytas \u012f lentynas ir pakabas.<br \/>\nMatmenys:<br \/>\n\u2013 plotis 100 cm \/ auk\u0161tis 200 cm \/ gylis 62,5 cm<br \/>\nPapildoma informacija:<br \/>\n\u2013 baldai yra nauji, supakuoti \u012f savaranki\u0161kai surinkamas pakuotes, su ai\u0161kiomis instrukcijomis ir priedais.<\/p>\n<p>\u2013 vizualizacijoje pavaizduota spinta yra apdailinta alksniu (PASTABA!!! SPALVA NEGALIMA)<\/p>","protected":false},"excerpt":{"rendered":"<p>Width\/Height\/Depth: 100\/200\/62.5 cm The KASIA I A two-door wardrobe with a sliding door system is solidly constructed, functional, and elegant, making everyday use easier. Perfect for bedrooms, hallways, and living rooms. The practical interior is divided into shelves and hangers. Dimensions: \u2013 width 100 cm \/ height 200 cm \/ depth 62.5 cm Additional information: [&hellip;]<\/p>","protected":false},"featured_media":336429,"comment_status":"open","ping_status":"closed","template":"","meta":[],"product_brand":[],"product_cat":[9879,9884,1177],"product_tag":[],"class_list":{"0":"post-336391","1":"product","2":"type-product","3":"status-publish","4":"has-post-thumbnail","6":"product_cat-krajan","7":"product_cat-wardrobes-krajan","8":"product_cat-wardrobes","10":"first","11":"instock","12":"shipping-taxable","13":"purchasable","14":"product-type-variable","15":"wvs-archive-product-wrapper"},"_links":{"self":[{"href":"https:\/\/baldumarket.lt\/lt\/wp-json\/wp\/v2\/product\/336391","targetHints":{"allow":["GET"]}}],"collection":[{"href":"https:\/\/baldumarket.lt\/lt\/wp-json\/wp\/v2\/product"}],"about":[{"href":"https:\/\/baldumarket.lt\/lt\/wp-json\/wp\/v2\/types\/product"}],"replies":[{"embeddable":true,"href":"https:\/\/baldumarket.lt\/lt\/wp-json\/wp\/v2\/comments?post=336391"}],"wp:featuredmedia":[{"embeddable":true,"href":"https:\/\/baldumarket.lt\/lt\/wp-json\/wp\/v2\/media\/336429"}],"wp:attachment":[{"href":"https:\/\/baldumarket.lt\/lt\/wp-json\/wp\/v2\/media?parent=336391"}],"wp:term":[{"taxonomy":"product_brand","embeddable":true,"href":"https:\/\/baldumarket.lt\/lt\/wp-json\/wp\/v2\/product_brand?post=336391"},{"taxonomy":"product_cat","embeddable":true,"href":"https:\/\/baldumarket.lt\/lt\/wp-json\/wp\/v2\/product_cat?post=336391"},{"taxonomy":"product_tag","embeddable":true,"href":"https:\/\/baldumarket.lt\/lt\/wp-json\/wp\/v2\/product_tag?post=336391"}],"curies":[{"name":"wp","href":"https:\/\/api.w.org\/{rel}","templated":true}]}}