{"id":336378,"date":"2026-03-07T19:41:46","date_gmt":"2026-03-07T16:41:46","guid":{"rendered":"https:\/\/baldumarket.lt\/?post_type=product&#038;p=336378"},"modified":"2026-03-26T18:06:57","modified_gmt":"2026-03-26T15:06:57","slug":"keks","status":"publish","type":"product","link":"https:\/\/baldumarket.lt\/lt\/product\/keks\/","title":{"rendered":"Bald\u0173 sienel\u0117 KEKS"},"content":{"rendered":"<p>Plotis\/Auk\u0161tis\/Gylis: 220\/48 cm<br \/>\nKEKS komplektas puikiai tiks kaip televizoriaus staliukas. Be unikalaus charakterio, jis yra daugiafunkcis, esteti\u0161kai patrauklus ir patvarus, tod\u0117l puikiai papildys pagrindinius svetain\u0117s, erdvaus miegamojo ar jaunimo kambario baldus.<\/p>\n<p>Matmenys:<br \/>\n\u2013 Plotis 220 cm \/ Auk\u0161tis XX cm \/ Gylis 48 cm<br \/>\nPapildoma informacija:<br \/>\n\u2013 90 cm spintel\u0117 parduodama atskirai<\/p>\n<p>\u2013 16 mm storio laminuota plok\u0161t\u0117, 22 mm vir\u0161us<\/p>\n<p>\u2013 Kair\u0117s pus\u0117s ni\u0161os plotis 120 cm, de\u0161in\u0117s pus\u0117s 100 cm<\/p>\n<p>\u2013 Plastikin\u0117s rankenos u\u017etikrina patvarum\u0105 ir naudojimo patogum\u0105<\/p>\n<p>\u2013 Televizoriaus ni\u0161os plotis 120 cm<\/p>\n<p>\u2013 Baldai nauji, supakuoti \u012f savaranki\u0161kai surinkamas pakuotes, su ai\u0161kiomis instrukcijomis ir priedais.<\/p>\n<p>\u2013 Vizualizacijoje pavaizduota sienin\u0117 spintel\u0117 yra \u0161ios spalvos: Sonoma<\/p>","protected":false},"excerpt":{"rendered":"<p><strong><span dir=\"auto\">Matmenys:<\/span><\/strong><\/p>\n<p><span dir=\"auto\">\u2013 plotis 220 cm \/ auk\u0161tis XX cm \/ gylis 48 cm<\/span><\/p>","protected":false},"featured_media":336417,"comment_status":"open","ping_status":"closed","template":"","meta":[],"product_brand":[],"product_cat":[9879,9880,2008],"product_tag":[],"class_list":{"0":"post-336378","1":"product","2":"type-product","3":"status-publish","4":"has-post-thumbnail","6":"product_cat-krajan","7":"product_cat-classic-furniture-krajan","8":"product_cat-wall-units","10":"first","11":"instock","12":"shipping-taxable","13":"purchasable","14":"product-type-variable","15":"wvs-archive-product-wrapper"},"_links":{"self":[{"href":"https:\/\/baldumarket.lt\/lt\/wp-json\/wp\/v2\/product\/336378","targetHints":{"allow":["GET"]}}],"collection":[{"href":"https:\/\/baldumarket.lt\/lt\/wp-json\/wp\/v2\/product"}],"about":[{"href":"https:\/\/baldumarket.lt\/lt\/wp-json\/wp\/v2\/types\/product"}],"replies":[{"embeddable":true,"href":"https:\/\/baldumarket.lt\/lt\/wp-json\/wp\/v2\/comments?post=336378"}],"wp:featuredmedia":[{"embeddable":true,"href":"https:\/\/baldumarket.lt\/lt\/wp-json\/wp\/v2\/media\/336417"}],"wp:attachment":[{"href":"https:\/\/baldumarket.lt\/lt\/wp-json\/wp\/v2\/media?parent=336378"}],"wp:term":[{"taxonomy":"product_brand","embeddable":true,"href":"https:\/\/baldumarket.lt\/lt\/wp-json\/wp\/v2\/product_brand?post=336378"},{"taxonomy":"product_cat","embeddable":true,"href":"https:\/\/baldumarket.lt\/lt\/wp-json\/wp\/v2\/product_cat?post=336378"},{"taxonomy":"product_tag","embeddable":true,"href":"https:\/\/baldumarket.lt\/lt\/wp-json\/wp\/v2\/product_tag?post=336378"}],"curies":[{"name":"wp","href":"https:\/\/api.w.org\/{rel}","templated":true}]}}