{"id":336358,"date":"2026-03-07T19:40:09","date_gmt":"2026-03-07T16:40:09","guid":{"rendered":"https:\/\/baldumarket.lt\/?post_type=product&#038;p=336358"},"modified":"2026-03-26T18:06:57","modified_gmt":"2026-03-26T15:06:57","slug":"kl-4","status":"publish","type":"product","link":"https:\/\/baldumarket.lt\/lt\/product\/kl-4\/","title":{"rendered":"Komoda KL-4"},"content":{"rendered":"<p>Plotis\/Auk\u0161tis\/Gylis: 158\/82\/43 cm<br \/>\nKL-4 indauja \u2013 puikus sprendimas tiems, kurie vertina klasikin\u0119 apdail\u0105 ir prakti\u0161kum\u0105. Baldai pagaminti i\u0161 tvirtos 22 mm storio laminuotos plok\u0161t\u0117s. \u0160i\u0173 lent\u0173 kra\u0161tai klijuoti moderniomis briaun\u0173 apklijavimo stakl\u0117mis, naudojant 0,6 mm storio briaunas. Bendras efektas yra vientisas, tuo pa\u010diu u\u017etikrinant atsparum\u0105 aplinkos s\u0105lygoms. Tvirtas stalvir\u0161is idealiai tinka dekoratyviniams daiktams eksponuoti. Indauja yra tvirta ir patvari.<\/p>\n<p>Baldai nauji, supakuoti \u012f surinkimo pakuotes, su ai\u0161kiomis instrukcijomis ir priedais.<\/p>\n<p>Produkt\u0105 lengva surinkti. Matmenys:<br \/>\n\u2013 plotis 158 cm \/ auk\u0161tis 82 cm \/ gylis 43,5 cm<br \/>\nPapildoma informacija:<\/p>\n<p>Galimos spalvos: \u0161okolado, sonoma, sonoma\/\u0161okolado, triufeli\u0173<br \/>\nApdailintas korpusas: matinis<br \/>\nPriekin\u0117 pus\u0117: matin\u0117<br \/>\nKomoda su trimis stal\u010diais ir trimis lentynomis<br \/>\nVir\u0161utinio storio: 22 mm<br \/>\nTipas: laisvai pastatomas<br \/>\nStilius: modernus<\/p>","protected":false},"excerpt":{"rendered":"<p>Plotis\/Auk\u0161tis\/Gylis: 158\/82\/43 cm. KL-4 indauja \u2013 puikus sprendimas tiems, kurie vertina klasikin\u0119 apdail\u0105 ir prakti\u0161kum\u0105. Baldai pagaminti i\u0161 tvirtos 22 mm storio laminuotos plok\u0161t\u0117s. \u0160i\u0173 lent\u0173 kra\u0161tai klijuoti naudojant modernias briaun\u0173 apklijavimo stakles su 0,6 mm storio briaunomis. Bendras efektas yra vientisas, tuo pa\u010diu u\u017etikrinant atsparum\u0105 aplinkos poveikiui [\u2026]<\/p>","protected":false},"featured_media":336396,"comment_status":"open","ping_status":"closed","template":"","meta":[],"product_brand":[],"product_cat":[9879,9884,1173],"product_tag":[],"class_list":{"0":"post-336358","1":"product","2":"type-product","3":"status-publish","4":"has-post-thumbnail","6":"product_cat-krajan","7":"product_cat-wardrobes-krajan","8":"product_cat-chests-of-drawers","10":"first","11":"instock","12":"shipping-taxable","13":"purchasable","14":"product-type-variable","15":"wvs-archive-product-wrapper"},"_links":{"self":[{"href":"https:\/\/baldumarket.lt\/lt\/wp-json\/wp\/v2\/product\/336358","targetHints":{"allow":["GET"]}}],"collection":[{"href":"https:\/\/baldumarket.lt\/lt\/wp-json\/wp\/v2\/product"}],"about":[{"href":"https:\/\/baldumarket.lt\/lt\/wp-json\/wp\/v2\/types\/product"}],"replies":[{"embeddable":true,"href":"https:\/\/baldumarket.lt\/lt\/wp-json\/wp\/v2\/comments?post=336358"}],"wp:featuredmedia":[{"embeddable":true,"href":"https:\/\/baldumarket.lt\/lt\/wp-json\/wp\/v2\/media\/336396"}],"wp:attachment":[{"href":"https:\/\/baldumarket.lt\/lt\/wp-json\/wp\/v2\/media?parent=336358"}],"wp:term":[{"taxonomy":"product_brand","embeddable":true,"href":"https:\/\/baldumarket.lt\/lt\/wp-json\/wp\/v2\/product_brand?post=336358"},{"taxonomy":"product_cat","embeddable":true,"href":"https:\/\/baldumarket.lt\/lt\/wp-json\/wp\/v2\/product_cat?post=336358"},{"taxonomy":"product_tag","embeddable":true,"href":"https:\/\/baldumarket.lt\/lt\/wp-json\/wp\/v2\/product_tag?post=336358"}],"curies":[{"name":"wp","href":"https:\/\/api.w.org\/{rel}","templated":true}]}}