{"id":336330,"date":"2026-03-07T19:37:00","date_gmt":"2026-03-07T16:37:00","guid":{"rendered":"https:\/\/baldumarket.lt\/?post_type=product&#038;p=336330"},"modified":"2026-03-26T18:06:57","modified_gmt":"2026-03-26T15:06:57","slug":"komoda-edk-2","status":"publish","type":"product","link":"https:\/\/baldumarket.lt\/lt\/product\/komoda-edk-2\/","title":{"rendered":"Komoda EDEN EDK-2"},"content":{"rendered":"<p>\u2013 EDK-2 komoda \u2013 (222\/83\/47 cm)<br \/>\n\u2013 sistema i\u0161 vizualizacijos, galima \u012fsigyti \u0161ios spalvos: kaln\u0173 pelen\u0173 \/ portlando pelen\u0173<\/p>","protected":false},"excerpt":{"rendered":"<p>\u2013 EDK-2 komoda \u2013 (222\/83\/47 cm) \u2013 sistema i\u0161 vizualizacijos, spalva: kaln\u0173 uosis \/ portlando uosis<\/p>","protected":false},"featured_media":336372,"comment_status":"open","ping_status":"closed","template":"","meta":[],"product_brand":[],"product_cat":[9929,9879,1173],"product_tag":[],"class_list":{"0":"post-336330","1":"product","2":"type-product","3":"status-publish","4":"has-post-thumbnail","6":"product_cat-furniture-system-eden","7":"product_cat-krajan","8":"product_cat-chests-of-drawers","10":"first","11":"instock","12":"shipping-taxable","13":"purchasable","14":"product-type-variable","15":"wvs-archive-product-wrapper"},"_links":{"self":[{"href":"https:\/\/baldumarket.lt\/lt\/wp-json\/wp\/v2\/product\/336330","targetHints":{"allow":["GET"]}}],"collection":[{"href":"https:\/\/baldumarket.lt\/lt\/wp-json\/wp\/v2\/product"}],"about":[{"href":"https:\/\/baldumarket.lt\/lt\/wp-json\/wp\/v2\/types\/product"}],"replies":[{"embeddable":true,"href":"https:\/\/baldumarket.lt\/lt\/wp-json\/wp\/v2\/comments?post=336330"}],"wp:featuredmedia":[{"embeddable":true,"href":"https:\/\/baldumarket.lt\/lt\/wp-json\/wp\/v2\/media\/336372"}],"wp:attachment":[{"href":"https:\/\/baldumarket.lt\/lt\/wp-json\/wp\/v2\/media?parent=336330"}],"wp:term":[{"taxonomy":"product_brand","embeddable":true,"href":"https:\/\/baldumarket.lt\/lt\/wp-json\/wp\/v2\/product_brand?post=336330"},{"taxonomy":"product_cat","embeddable":true,"href":"https:\/\/baldumarket.lt\/lt\/wp-json\/wp\/v2\/product_cat?post=336330"},{"taxonomy":"product_tag","embeddable":true,"href":"https:\/\/baldumarket.lt\/lt\/wp-json\/wp\/v2\/product_tag?post=336330"}],"curies":[{"name":"wp","href":"https:\/\/api.w.org\/{rel}","templated":true}]}}