{"id":336316,"date":"2026-03-07T19:36:13","date_gmt":"2026-03-07T16:36:13","guid":{"rendered":"https:\/\/baldumarket.lt\/?post_type=product&#038;p=336316"},"modified":"2026-03-26T18:06:57","modified_gmt":"2026-03-26T15:06:57","slug":"kek-2-komoda","status":"publish","type":"product","link":"https:\/\/baldumarket.lt\/lt\/product\/kek-2-komoda\/","title":{"rendered":"KEVIN KEK-2 komoda"},"content":{"rendered":"<p>\u2013 KEK-2 komoda \u2013 (220\/83\/45 cm)<br \/>\n\u2013 sistema, kaip parodyta vizualizacijoje, galima \u012fsigyti \u0161i\u0173 spalv\u0173: \u0105\u017euolo \u201eLancelot\u201c \/ uosio \u201ePortland\u201c<\/p>","protected":false},"excerpt":{"rendered":"<p>\u2013 KEK-2 komoda \u2013 (220\/83\/45 cm) \u2013 sistema, kaip parodyta vizualizacijoje, galima \u012fsigyti \u0161i\u0173 spalv\u0173: \u0105\u017euolas \u201eLancelot\u201c \/ uosis \u201ePortland\u201c<\/p>","protected":false},"featured_media":336355,"comment_status":"open","ping_status":"closed","template":"","meta":[],"product_brand":[],"product_cat":[9936,9879,1173],"product_tag":[],"class_list":{"0":"post-336316","1":"product","2":"type-product","3":"status-publish","4":"has-post-thumbnail","6":"product_cat-furniture-system-kevin","7":"product_cat-krajan","8":"product_cat-chests-of-drawers","10":"first","11":"instock","12":"shipping-taxable","13":"purchasable","14":"product-type-variable","15":"wvs-archive-product-wrapper"},"_links":{"self":[{"href":"https:\/\/baldumarket.lt\/lt\/wp-json\/wp\/v2\/product\/336316","targetHints":{"allow":["GET"]}}],"collection":[{"href":"https:\/\/baldumarket.lt\/lt\/wp-json\/wp\/v2\/product"}],"about":[{"href":"https:\/\/baldumarket.lt\/lt\/wp-json\/wp\/v2\/types\/product"}],"replies":[{"embeddable":true,"href":"https:\/\/baldumarket.lt\/lt\/wp-json\/wp\/v2\/comments?post=336316"}],"wp:featuredmedia":[{"embeddable":true,"href":"https:\/\/baldumarket.lt\/lt\/wp-json\/wp\/v2\/media\/336355"}],"wp:attachment":[{"href":"https:\/\/baldumarket.lt\/lt\/wp-json\/wp\/v2\/media?parent=336316"}],"wp:term":[{"taxonomy":"product_brand","embeddable":true,"href":"https:\/\/baldumarket.lt\/lt\/wp-json\/wp\/v2\/product_brand?post=336316"},{"taxonomy":"product_cat","embeddable":true,"href":"https:\/\/baldumarket.lt\/lt\/wp-json\/wp\/v2\/product_cat?post=336316"},{"taxonomy":"product_tag","embeddable":true,"href":"https:\/\/baldumarket.lt\/lt\/wp-json\/wp\/v2\/product_tag?post=336316"}],"curies":[{"name":"wp","href":"https:\/\/api.w.org\/{rel}","templated":true}]}}