{"id":336281,"date":"2026-03-07T19:33:56","date_gmt":"2026-03-07T16:33:56","guid":{"rendered":"https:\/\/baldumarket.lt\/?post_type=product&#038;p=336281"},"modified":"2026-03-26T18:06:57","modified_gmt":"2026-03-26T15:06:57","slug":"wik-1-komoda","status":"publish","type":"product","link":"https:\/\/baldumarket.lt\/lt\/product\/wik-1-komoda\/","title":{"rendered":"WIVA WIK-1 komoda"},"content":{"rendered":"<p>\u2013 WIK-1 komoda \u2013 (188,8\/84,2\/45 cm)<br \/>\n\u2013 sistema, kaip parodyta vizualizacijoje, galima \u012fsigyti sidabrinio \u0105\u017euolo \/ dirbtinio \u0105\u017euolo spalvos.<\/p>","protected":false},"excerpt":{"rendered":"<p>amatininkas\/dab amatas<br \/>\nd\u0105b srebrny\/wellington<br \/>\nd\u0105b srebrny\/d\u0105b craft<br \/>\njesion g\u00f3rski\/dab craft<br \/>\njesion portland\/artasan<\/p>","protected":false},"featured_media":336326,"comment_status":"open","ping_status":"closed","template":"","meta":[],"product_brand":[],"product_cat":[9949,9879,1173],"product_tag":[],"class_list":{"0":"post-336281","1":"product","2":"type-product","3":"status-publish","4":"has-post-thumbnail","6":"product_cat-furniture-system-wiva","7":"product_cat-krajan","8":"product_cat-chests-of-drawers","10":"first","11":"instock","12":"shipping-taxable","13":"purchasable","14":"product-type-variable","15":"wvs-archive-product-wrapper"},"_links":{"self":[{"href":"https:\/\/baldumarket.lt\/lt\/wp-json\/wp\/v2\/product\/336281","targetHints":{"allow":["GET"]}}],"collection":[{"href":"https:\/\/baldumarket.lt\/lt\/wp-json\/wp\/v2\/product"}],"about":[{"href":"https:\/\/baldumarket.lt\/lt\/wp-json\/wp\/v2\/types\/product"}],"replies":[{"embeddable":true,"href":"https:\/\/baldumarket.lt\/lt\/wp-json\/wp\/v2\/comments?post=336281"}],"wp:featuredmedia":[{"embeddable":true,"href":"https:\/\/baldumarket.lt\/lt\/wp-json\/wp\/v2\/media\/336326"}],"wp:attachment":[{"href":"https:\/\/baldumarket.lt\/lt\/wp-json\/wp\/v2\/media?parent=336281"}],"wp:term":[{"taxonomy":"product_brand","embeddable":true,"href":"https:\/\/baldumarket.lt\/lt\/wp-json\/wp\/v2\/product_brand?post=336281"},{"taxonomy":"product_cat","embeddable":true,"href":"https:\/\/baldumarket.lt\/lt\/wp-json\/wp\/v2\/product_cat?post=336281"},{"taxonomy":"product_tag","embeddable":true,"href":"https:\/\/baldumarket.lt\/lt\/wp-json\/wp\/v2\/product_tag?post=336281"}],"curies":[{"name":"wp","href":"https:\/\/api.w.org\/{rel}","templated":true}]}}