{"id":336275,"date":"2026-03-07T19:33:42","date_gmt":"2026-03-07T16:33:42","guid":{"rendered":"https:\/\/baldumarket.lt\/?post_type=product&#038;p=336275"},"modified":"2026-03-26T18:06:57","modified_gmt":"2026-03-26T15:06:57","slug":"kora","status":"publish","type":"product","link":"https:\/\/baldumarket.lt\/lt\/product\/kora\/","title":{"rendered":"Prie\u0161kambaris KORA"},"content":{"rendered":"<p>Plotis\/Auk\u0161tis\/Gylis: 150\/200\/62,5 cm<br \/>\nTrij\u0173 dur\u0173 spinta su stumdom\u0173 dur\u0173 sistema KORA yra tvirtos konstrukcijos, funkcionali ir eleganti\u0161ka, tod\u0117l ja lengva naudotis kasdien. Puikiai tinka miegamiesiems, koridoriams ir svetain\u0117ms. Prakti\u0161kas vidus suskirstytas \u012f lentynas, 1 stal\u010di\u0173 ir 2 drabu\u017ei\u0173 pakabas.<br \/>\nMatmenys:<br \/>\n\u2013 plotis 150 cm \/ auk\u0161tis 200 cm \/ gylis 62,5 cm<br \/>\nPapildoma informacija:<br \/>\n\u2013 baldai yra nauji, supakuoti \u012f savaranki\u0161kai surinkamas pakuotes, su ai\u0161kiomis instrukcijomis ir priedais,<\/p>\n<p>\u2013 galima \u012fsigyti veidrod\u012f vidurin\u0117ms durims,<\/p>\n<p>\u2013 vizualizacijoje pavaizduota spinta yra \u0161okolado spalvos.<\/p>","protected":false},"excerpt":{"rendered":"<p>Plotis\/Auk\u0161tis\/Gylis: 150\/200\/62,5 cm. Trij\u0173 dur\u0173 spinta su stumdom\u0173 dur\u0173 sistema KORA yra tvirtos konstrukcijos, funkcionali ir eleganti\u0161ka, tod\u0117l ja lengva naudotis kasdien. Puikiai tinka miegamiesiems, koridoriams ir svetain\u0117ms. Prakti\u0161kas vidus suskirstytas \u012f lentynas, 1 stal\u010di\u0173 ir 2 drabu\u017ei\u0173 pakabas. Matmenys: \u2013 plotis 150 cm \/ auk\u0161tis 200 cm \/ gylis 62,5 cm [\u2026]<\/p>","protected":false},"featured_media":336311,"comment_status":"open","ping_status":"closed","template":"","meta":[],"product_brand":[],"product_cat":[9879,9884,1177],"product_tag":[],"class_list":{"0":"post-336275","1":"product","2":"type-product","3":"status-publish","4":"has-post-thumbnail","6":"product_cat-krajan","7":"product_cat-wardrobes-krajan","8":"product_cat-wardrobes","10":"first","11":"instock","12":"shipping-taxable","13":"purchasable","14":"product-type-variable","15":"wvs-archive-product-wrapper"},"_links":{"self":[{"href":"https:\/\/baldumarket.lt\/lt\/wp-json\/wp\/v2\/product\/336275","targetHints":{"allow":["GET"]}}],"collection":[{"href":"https:\/\/baldumarket.lt\/lt\/wp-json\/wp\/v2\/product"}],"about":[{"href":"https:\/\/baldumarket.lt\/lt\/wp-json\/wp\/v2\/types\/product"}],"replies":[{"embeddable":true,"href":"https:\/\/baldumarket.lt\/lt\/wp-json\/wp\/v2\/comments?post=336275"}],"wp:featuredmedia":[{"embeddable":true,"href":"https:\/\/baldumarket.lt\/lt\/wp-json\/wp\/v2\/media\/336311"}],"wp:attachment":[{"href":"https:\/\/baldumarket.lt\/lt\/wp-json\/wp\/v2\/media?parent=336275"}],"wp:term":[{"taxonomy":"product_brand","embeddable":true,"href":"https:\/\/baldumarket.lt\/lt\/wp-json\/wp\/v2\/product_brand?post=336275"},{"taxonomy":"product_cat","embeddable":true,"href":"https:\/\/baldumarket.lt\/lt\/wp-json\/wp\/v2\/product_cat?post=336275"},{"taxonomy":"product_tag","embeddable":true,"href":"https:\/\/baldumarket.lt\/lt\/wp-json\/wp\/v2\/product_tag?post=336275"}],"curies":[{"name":"wp","href":"https:\/\/api.w.org\/{rel}","templated":true}]}}