{"id":336267,"date":"2026-03-07T19:32:56","date_gmt":"2026-03-07T16:32:56","guid":{"rendered":"https:\/\/baldumarket.lt\/?post_type=product&#038;p=336267"},"modified":"2026-03-26T18:06:57","modified_gmt":"2026-03-26T15:06:57","slug":"koral-c","status":"publish","type":"product","link":"https:\/\/baldumarket.lt\/lt\/product\/koral-c\/","title":{"rendered":"Bald\u0173 sienel\u0117 KORAL C"},"content":{"rendered":"<p>Matmenys \/ Auk\u0161tis \/ Gylis: 310\/208\/53 cm<br \/>\nKORAL C komplektas \u2013 puikus pasirinkimas tiems, kurie ie\u0161ko klasikinio stiliaus visame kame. Paprastas dizainas ir lengva prie\u017ei\u016bra patiks jo gerb\u0117jams. Sienin\u0117 spintel\u0117 turi daug prakti\u0161k\u0173 daiktad\u0117\u017ei\u0173, kurios pad\u0117s i\u0161laikyti tvark\u0105, o atvir\u0173, \u012fstiklint\u0173 lentyn\u0173 d\u0117ka galite pabr\u0117\u017eti savo unikal\u0173 stili\u0173 stilingais aksesuarais. Baldai yra erdv\u016bs ir si\u016blomi \u012fvairi\u0173 spalv\u0173. Matmenys:<br \/>\n\u2013 Plotis 310 cm \/ Auk\u0161tis 208 cm \/ Gylis 53 cm<br \/>\nPapildoma informacija:<br \/>\n\u2013 16 mm storio laminuota plok\u0161t\u0117, 22 mm storio vir\u0161us<\/p>\n<p>\u2013 MDF lentos priekin\u0117je pus\u0117je<\/p>\n<p>\u2013 Vitrinose standarti\u0161kai \u012frengtos laminuotos lentos lentynos,<\/p>\n<p>\u2013 Rankenos ir kojel\u0117s, pagamintos i\u0161 plastiko, u\u017etikrina patvarum\u0105 ir patogum\u0105,<\/p>\n<p>\u2013 Televizoriaus ni\u0161os plotis 101,5 cm<\/p>\n<p>\u2013 Spinta 90\/208\/53 cm su lentyna vir\u0161 drabu\u017ei\u0173 skersinio,<\/p>\n<p>\u2013 Baldai nauji, supakuoti \u012f savaranki\u0161kai surinkamas pakuotes, su ai\u0161kiomis instrukcijomis ir priedais.<\/p>\n<p>\u2013 Vizualizacijoje parodyta sienin\u0117 spintel\u0117 yra apdailinta \u201eWotan\u201c \/ juodomis lentjuost\u0117mis.<\/p>","protected":false},"excerpt":{"rendered":"<p><strong><span dir=\"auto\"><span class=\"\" dir=\"auto\">Matmenys:<\/span><\/span><\/strong><\/p>\n<p><span dir=\"auto\">\u2013 plotis 310 cm \/ auk\u0161tis 208 cm \/ gylis 53 cm<\/span><\/p>","protected":false},"featured_media":336308,"comment_status":"open","ping_status":"closed","template":"","meta":[],"product_brand":[],"product_cat":[9879,9880,2008],"product_tag":[],"class_list":{"0":"post-336267","1":"product","2":"type-product","3":"status-publish","4":"has-post-thumbnail","6":"product_cat-krajan","7":"product_cat-classic-furniture-krajan","8":"product_cat-wall-units","10":"first","11":"instock","12":"shipping-taxable","13":"purchasable","14":"product-type-variable","15":"wvs-archive-product-wrapper"},"_links":{"self":[{"href":"https:\/\/baldumarket.lt\/lt\/wp-json\/wp\/v2\/product\/336267","targetHints":{"allow":["GET"]}}],"collection":[{"href":"https:\/\/baldumarket.lt\/lt\/wp-json\/wp\/v2\/product"}],"about":[{"href":"https:\/\/baldumarket.lt\/lt\/wp-json\/wp\/v2\/types\/product"}],"replies":[{"embeddable":true,"href":"https:\/\/baldumarket.lt\/lt\/wp-json\/wp\/v2\/comments?post=336267"}],"wp:featuredmedia":[{"embeddable":true,"href":"https:\/\/baldumarket.lt\/lt\/wp-json\/wp\/v2\/media\/336308"}],"wp:attachment":[{"href":"https:\/\/baldumarket.lt\/lt\/wp-json\/wp\/v2\/media?parent=336267"}],"wp:term":[{"taxonomy":"product_brand","embeddable":true,"href":"https:\/\/baldumarket.lt\/lt\/wp-json\/wp\/v2\/product_brand?post=336267"},{"taxonomy":"product_cat","embeddable":true,"href":"https:\/\/baldumarket.lt\/lt\/wp-json\/wp\/v2\/product_cat?post=336267"},{"taxonomy":"product_tag","embeddable":true,"href":"https:\/\/baldumarket.lt\/lt\/wp-json\/wp\/v2\/product_tag?post=336267"}],"curies":[{"name":"wp","href":"https:\/\/api.w.org\/{rel}","templated":true}]}}