{"id":336265,"date":"2026-03-07T19:32:54","date_gmt":"2026-03-07T16:32:54","guid":{"rendered":"https:\/\/baldumarket.lt\/?post_type=product&#038;p=336265"},"modified":"2026-03-26T18:06:57","modified_gmt":"2026-03-26T15:06:57","slug":"ksenia-komoda-ks-2","status":"publish","type":"product","link":"https:\/\/baldumarket.lt\/lt\/product\/ksenia-komoda-ks-2\/","title":{"rendered":"KSENIA komoda KS-2"},"content":{"rendered":"<p>Plotis\/Auk\u0161tis\/Gylis: 60\/125\/42,5 cm<br \/>\n\u2013 Baldai nauji, supakuoti \u012f savaranki\u0161kai surinkamas pakuotes, su ai\u0161kiomis instrukcijomis ir priedais.<\/p>\n<p>\u2013 Vizualizacijoje pavaizduota komoda yra apdailinta triufeli\u0173 \/ pu\u0161ies kremin\u0117s spalvos (PASTABA!!! SPALVA NEGALIMA)<\/p>","protected":false},"excerpt":{"rendered":"<p>Width\/Height\/Depth: 60\/125\/42.5 cm \u2013 The furniture is new, packaged in self-assembly packages, with clear instructions and accessories. \u2013 The chest of drawers shown in the visualization is finished in the color: truffle\/pine cream (NOTE!!! COLOR UNAVAILABLE)<\/p>","protected":false},"featured_media":336307,"comment_status":"open","ping_status":"closed","template":"","meta":[],"product_brand":[],"product_cat":[9883,9879,1173],"product_tag":[],"class_list":{"0":"post-336265","1":"product","2":"type-product","3":"status-publish","4":"has-post-thumbnail","6":"product_cat-bedrooms-krajan","7":"product_cat-krajan","8":"product_cat-chests-of-drawers","10":"first","11":"instock","12":"shipping-taxable","13":"purchasable","14":"product-type-variable","15":"wvs-archive-product-wrapper"},"_links":{"self":[{"href":"https:\/\/baldumarket.lt\/lt\/wp-json\/wp\/v2\/product\/336265","targetHints":{"allow":["GET"]}}],"collection":[{"href":"https:\/\/baldumarket.lt\/lt\/wp-json\/wp\/v2\/product"}],"about":[{"href":"https:\/\/baldumarket.lt\/lt\/wp-json\/wp\/v2\/types\/product"}],"replies":[{"embeddable":true,"href":"https:\/\/baldumarket.lt\/lt\/wp-json\/wp\/v2\/comments?post=336265"}],"wp:featuredmedia":[{"embeddable":true,"href":"https:\/\/baldumarket.lt\/lt\/wp-json\/wp\/v2\/media\/336307"}],"wp:attachment":[{"href":"https:\/\/baldumarket.lt\/lt\/wp-json\/wp\/v2\/media?parent=336265"}],"wp:term":[{"taxonomy":"product_brand","embeddable":true,"href":"https:\/\/baldumarket.lt\/lt\/wp-json\/wp\/v2\/product_brand?post=336265"},{"taxonomy":"product_cat","embeddable":true,"href":"https:\/\/baldumarket.lt\/lt\/wp-json\/wp\/v2\/product_cat?post=336265"},{"taxonomy":"product_tag","embeddable":true,"href":"https:\/\/baldumarket.lt\/lt\/wp-json\/wp\/v2\/product_tag?post=336265"}],"curies":[{"name":"wp","href":"https:\/\/api.w.org\/{rel}","templated":true}]}}