{"id":336263,"date":"2026-03-07T19:32:51","date_gmt":"2026-03-07T16:32:51","guid":{"rendered":"https:\/\/baldumarket.lt\/?post_type=product&#038;p=336263"},"modified":"2026-03-26T18:06:57","modified_gmt":"2026-03-26T15:06:57","slug":"ksenia-komoda-ks-3","status":"publish","type":"product","link":"https:\/\/baldumarket.lt\/lt\/product\/ksenia-komoda-ks-3\/","title":{"rendered":"KSENIA komoda KS-3"},"content":{"rendered":"<p>Plotis\/Auk\u0161tis\/Gylis: 140\/84,5\/42,5 cm<br \/>\n\u2013 komoda i\u0161 vizualizacijos, galima \u012fsigyti trum\u0173\/pu\u0161\u0173 kremin\u0117s spalvos (PASTABA!!! SPALVA NEGALIMA)<\/p>","protected":false},"excerpt":{"rendered":"<p>Plotis\/Auk\u0161tis\/Gylis: 140\/84,5\/42,5 cm \u2013 komoda i\u0161 vizualizacijos, spalvos: triufeli\u0173\/pu\u0161\u0173 kremin\u0117 (PASTABA!!! SPALVA NEGALIMA)<\/p>","protected":false},"featured_media":336298,"comment_status":"open","ping_status":"closed","template":"","meta":[],"product_brand":[],"product_cat":[9883,9879,1173],"product_tag":[],"class_list":{"0":"post-336263","1":"product","2":"type-product","3":"status-publish","4":"has-post-thumbnail","6":"product_cat-bedrooms-krajan","7":"product_cat-krajan","8":"product_cat-chests-of-drawers","10":"first","11":"instock","12":"shipping-taxable","13":"purchasable","14":"product-type-variable","15":"wvs-archive-product-wrapper"},"_links":{"self":[{"href":"https:\/\/baldumarket.lt\/lt\/wp-json\/wp\/v2\/product\/336263","targetHints":{"allow":["GET"]}}],"collection":[{"href":"https:\/\/baldumarket.lt\/lt\/wp-json\/wp\/v2\/product"}],"about":[{"href":"https:\/\/baldumarket.lt\/lt\/wp-json\/wp\/v2\/types\/product"}],"replies":[{"embeddable":true,"href":"https:\/\/baldumarket.lt\/lt\/wp-json\/wp\/v2\/comments?post=336263"}],"wp:featuredmedia":[{"embeddable":true,"href":"https:\/\/baldumarket.lt\/lt\/wp-json\/wp\/v2\/media\/336298"}],"wp:attachment":[{"href":"https:\/\/baldumarket.lt\/lt\/wp-json\/wp\/v2\/media?parent=336263"}],"wp:term":[{"taxonomy":"product_brand","embeddable":true,"href":"https:\/\/baldumarket.lt\/lt\/wp-json\/wp\/v2\/product_brand?post=336263"},{"taxonomy":"product_cat","embeddable":true,"href":"https:\/\/baldumarket.lt\/lt\/wp-json\/wp\/v2\/product_cat?post=336263"},{"taxonomy":"product_tag","embeddable":true,"href":"https:\/\/baldumarket.lt\/lt\/wp-json\/wp\/v2\/product_tag?post=336263"}],"curies":[{"name":"wp","href":"https:\/\/api.w.org\/{rel}","templated":true}]}}