{"id":336259,"date":"2026-03-07T19:32:46","date_gmt":"2026-03-07T16:32:46","guid":{"rendered":"https:\/\/baldumarket.lt\/?post_type=product&#038;p=336259"},"modified":"2026-03-26T18:06:57","modified_gmt":"2026-03-26T15:06:57","slug":"ksenia-lova-ks-5","status":"publish","type":"product","link":"https:\/\/baldumarket.lt\/lt\/product\/ksenia-lova-ks-5\/","title":{"rendered":"KSENIA Lova KS-5"},"content":{"rendered":"<p>Plotis\/Auk\u0161tis\/Gylis: 166\/100\/205 cm<\/p>\n<p>Papildoma informacija:<br \/>\n\u2013 Lova: 160 x 200 cm miegamasis plotas (\u010diu\u017einys ne\u012fskai\u010diuotas)<\/p>\n<p>\u2013 Lova neturi daiktad\u0117\u017e\u0117s.<\/p>\n<p>\u2013 Baldai nauji, supakuoti \u012f savaranki\u0161kai surinkamas pakuotes, su ai\u0161kiomis instrukcijomis ir priedais.<\/p>\n<p>\u2013 Vizualizacijoje pavaizduota lova yra triufeli\u0173 \/ pu\u0161ies kremin\u0117s spalvos (PASTABA!!! SPALVA NEGALIMA)<\/p>","protected":false},"excerpt":{"rendered":"<p>Plotis\/Auk\u0161tis\/Gylis: 166\/100\/205 cm Papildoma informacija: \u2013 Lova: 160 x 200 cm miegamasis pavir\u0161ius (\u010diu\u017einys ne\u012fskai\u010diuotas) \u2013 Lova neturi daiktad\u0117\u017e\u0117s. \u2013 Baldai nauji, supakuoti \u012f savaranki\u0161kai surenkamas pakuotes, su ai\u0161kiomis instrukcijomis ir priedais. \u2013 Vizualizacijoje pavaizduota lova yra triufeli\u0173\/pu\u0161\u0173 kremin\u0117s spalvos (PASTABA!!! SPALVA NEGALIMA)<\/p>","protected":false},"featured_media":336296,"comment_status":"open","ping_status":"closed","template":"","meta":[],"product_brand":[],"product_cat":[9883,9879,505],"product_tag":[],"class_list":{"0":"post-336259","1":"product","2":"type-product","3":"status-publish","4":"has-post-thumbnail","6":"product_cat-bedrooms-krajan","7":"product_cat-krajan","8":"product_cat-bedroom-beds","10":"first","11":"instock","12":"shipping-taxable","13":"purchasable","14":"product-type-variable","15":"wvs-archive-product-wrapper"},"_links":{"self":[{"href":"https:\/\/baldumarket.lt\/lt\/wp-json\/wp\/v2\/product\/336259","targetHints":{"allow":["GET"]}}],"collection":[{"href":"https:\/\/baldumarket.lt\/lt\/wp-json\/wp\/v2\/product"}],"about":[{"href":"https:\/\/baldumarket.lt\/lt\/wp-json\/wp\/v2\/types\/product"}],"replies":[{"embeddable":true,"href":"https:\/\/baldumarket.lt\/lt\/wp-json\/wp\/v2\/comments?post=336259"}],"wp:featuredmedia":[{"embeddable":true,"href":"https:\/\/baldumarket.lt\/lt\/wp-json\/wp\/v2\/media\/336296"}],"wp:attachment":[{"href":"https:\/\/baldumarket.lt\/lt\/wp-json\/wp\/v2\/media?parent=336259"}],"wp:term":[{"taxonomy":"product_brand","embeddable":true,"href":"https:\/\/baldumarket.lt\/lt\/wp-json\/wp\/v2\/product_brand?post=336259"},{"taxonomy":"product_cat","embeddable":true,"href":"https:\/\/baldumarket.lt\/lt\/wp-json\/wp\/v2\/product_cat?post=336259"},{"taxonomy":"product_tag","embeddable":true,"href":"https:\/\/baldumarket.lt\/lt\/wp-json\/wp\/v2\/product_tag?post=336259"}],"curies":[{"name":"wp","href":"https:\/\/api.w.org\/{rel}","templated":true}]}}