{"id":336255,"date":"2026-03-07T19:32:04","date_gmt":"2026-03-07T16:32:04","guid":{"rendered":"https:\/\/baldumarket.lt\/?post_type=product&#038;p=336255"},"modified":"2026-03-26T18:06:57","modified_gmt":"2026-03-26T15:06:57","slug":"ksenia-naktinis-staliukas-ks-6","status":"publish","type":"product","link":"https:\/\/baldumarket.lt\/lt\/product\/ksenia-naktinis-staliukas-ks-6\/","title":{"rendered":"KSENIA Naktinis staliukas KS-6"},"content":{"rendered":"<p>Plotis\/Auk\u0161tis\/Gylis: 50\/40\/42,5 cm<br \/>\n\u2013 Baldai nauji, supakuoti \u012f savaranki\u0161kai surinkamas pakuotes, su ai\u0161kiomis instrukcijomis ir priedais.<\/p>\n<p>\u2013 Vizualizacijoje pavaizduotas naktinis staliukas yra \u0161i\u0173 spalv\u0173: triufeli\u0173 \/ pu\u0161ies kremin\u0117 (PASTABA: SPALVA NEGALIMA)<\/p>","protected":false},"excerpt":{"rendered":"<p>Plotis\/Auk\u0161tis\/Gylis: 50\/40\/42,5 cm \u2013 Baldai nauji, supakuoti \u012f surinkimo pakuotes, su ai\u0161kiomis instrukcijomis ir priedais. \u2013 Vizualizacijoje pavaizduotas naktinis staliukas yra \u0161i\u0173 spalv\u0173: triufeli\u0173\/pu\u0161\u0173 kremin\u0117 (PASTABA: SPALVA NEGALIMA)<\/p>","protected":false},"featured_media":336295,"comment_status":"open","ping_status":"closed","template":"","meta":[],"product_brand":[],"product_cat":[9883,9879,1176],"product_tag":[],"class_list":{"0":"post-336255","1":"product","2":"type-product","3":"status-publish","4":"has-post-thumbnail","6":"product_cat-bedrooms-krajan","7":"product_cat-krajan","8":"product_cat-bedside-tables","10":"first","11":"instock","12":"shipping-taxable","13":"purchasable","14":"product-type-variable","15":"wvs-archive-product-wrapper"},"_links":{"self":[{"href":"https:\/\/baldumarket.lt\/lt\/wp-json\/wp\/v2\/product\/336255","targetHints":{"allow":["GET"]}}],"collection":[{"href":"https:\/\/baldumarket.lt\/lt\/wp-json\/wp\/v2\/product"}],"about":[{"href":"https:\/\/baldumarket.lt\/lt\/wp-json\/wp\/v2\/types\/product"}],"replies":[{"embeddable":true,"href":"https:\/\/baldumarket.lt\/lt\/wp-json\/wp\/v2\/comments?post=336255"}],"wp:featuredmedia":[{"embeddable":true,"href":"https:\/\/baldumarket.lt\/lt\/wp-json\/wp\/v2\/media\/336295"}],"wp:attachment":[{"href":"https:\/\/baldumarket.lt\/lt\/wp-json\/wp\/v2\/media?parent=336255"}],"wp:term":[{"taxonomy":"product_brand","embeddable":true,"href":"https:\/\/baldumarket.lt\/lt\/wp-json\/wp\/v2\/product_brand?post=336255"},{"taxonomy":"product_cat","embeddable":true,"href":"https:\/\/baldumarket.lt\/lt\/wp-json\/wp\/v2\/product_cat?post=336255"},{"taxonomy":"product_tag","embeddable":true,"href":"https:\/\/baldumarket.lt\/lt\/wp-json\/wp\/v2\/product_tag?post=336255"}],"curies":[{"name":"wp","href":"https:\/\/api.w.org\/{rel}","templated":true}]}}