{"id":336253,"date":"2026-03-07T19:32:02","date_gmt":"2026-03-07T16:32:02","guid":{"rendered":"https:\/\/baldumarket.lt\/?post_type=product&#038;p=336253"},"modified":"2026-03-26T18:06:57","modified_gmt":"2026-03-26T15:06:57","slug":"ksenia-spinta-ks-1","status":"publish","type":"product","link":"https:\/\/baldumarket.lt\/lt\/product\/ksenia-spinta-ks-1\/","title":{"rendered":"KSENIA Spinta KS-1"},"content":{"rendered":"<p>Plotis\/Auk\u0161tis\/Gylis: 200\/211\/64 cm<br \/>\nErdvi KSENIA stumdom\u0173 dur\u0173 spinta. \u0160i moderni spinta puikiai tinka jaunimo kambariui, moderniam miegamajam ar prie\u0161kambariui. Spinta pagaminta i\u0161 auk\u0161tos kokyb\u0117s laminuotos plok\u0161t\u0117s. Stumdomos durys turi aliuminio rankenas, kad jas b\u016bt\u0173 lengva atidaryti ir u\u017edaryti.<br \/>\nMatmenys:<br \/>\n\u2013 plotis 200 cm \/ auk\u0161tis 211 cm \/ gylis 64 cm<br \/>\nPapildoma informacija:<br \/>\n\u2013 naudojama auk\u0161\u010diausios kokyb\u0117s stumdoma sistema; prana\u0161esn\u0117 \u201eLaguna\u201c sistema,<\/p>\n<p>\u2013 viduje yra pakabos ir 4 lentynos,<\/p>\n<p>\u2013 aliuminio rankenos,<\/p>\n<p>\u2013 baldai yra nauji, supakuoti \u012f savaranki\u0161kai surinkamas pakuotes, su ai\u0161kiomis instrukcijomis ir priedais.<\/p>\n<p>\u2013 vizualizacijoje pavaizduota spinta yra \u0161ios spalvos: triufeli\u0173 \/ pu\u0161ies kremin\u0117 (PASTABA!!! SPALVA NEGALIMA)<\/p>","protected":false},"excerpt":{"rendered":"<p>Plotis\/Auk\u0161tis\/Gylis: 200\/211\/64 cm Erdvi KSENIA stumdom\u0173 stumdom\u0173 dur\u0173 spinta. \u0160i moderni spinta puikiai tinka jaunimo kambariui, moderniam miegamajam ar prie\u0161kambariui. Spinta pagaminta i\u0161 auk\u0161tos kokyb\u0117s laminuotos plok\u0161t\u0117s. Stumdomos durys turi aliuminio rankenas, kad jas b\u016bt\u0173 lengva atidaryti ir u\u017edaryti. Matmenys: \u2013 plotis 200 cm \/ auk\u0161tis 211 cm \/ gylis 64 cm [\u2026]<\/p>","protected":false},"featured_media":336286,"comment_status":"open","ping_status":"closed","template":"","meta":[],"product_brand":[],"product_cat":[9883,9879,1177],"product_tag":[],"class_list":{"0":"post-336253","1":"product","2":"type-product","3":"status-publish","4":"has-post-thumbnail","6":"product_cat-bedrooms-krajan","7":"product_cat-krajan","8":"product_cat-wardrobes","10":"first","11":"instock","12":"shipping-taxable","13":"purchasable","14":"product-type-variable","15":"wvs-archive-product-wrapper"},"_links":{"self":[{"href":"https:\/\/baldumarket.lt\/lt\/wp-json\/wp\/v2\/product\/336253","targetHints":{"allow":["GET"]}}],"collection":[{"href":"https:\/\/baldumarket.lt\/lt\/wp-json\/wp\/v2\/product"}],"about":[{"href":"https:\/\/baldumarket.lt\/lt\/wp-json\/wp\/v2\/types\/product"}],"replies":[{"embeddable":true,"href":"https:\/\/baldumarket.lt\/lt\/wp-json\/wp\/v2\/comments?post=336253"}],"wp:featuredmedia":[{"embeddable":true,"href":"https:\/\/baldumarket.lt\/lt\/wp-json\/wp\/v2\/media\/336286"}],"wp:attachment":[{"href":"https:\/\/baldumarket.lt\/lt\/wp-json\/wp\/v2\/media?parent=336253"}],"wp:term":[{"taxonomy":"product_brand","embeddable":true,"href":"https:\/\/baldumarket.lt\/lt\/wp-json\/wp\/v2\/product_brand?post=336253"},{"taxonomy":"product_cat","embeddable":true,"href":"https:\/\/baldumarket.lt\/lt\/wp-json\/wp\/v2\/product_cat?post=336253"},{"taxonomy":"product_tag","embeddable":true,"href":"https:\/\/baldumarket.lt\/lt\/wp-json\/wp\/v2\/product_tag?post=336253"}],"curies":[{"name":"wp","href":"https:\/\/api.w.org\/{rel}","templated":true}]}}