{"id":336243,"date":"2026-03-07T19:31:12","date_gmt":"2026-03-07T16:31:12","guid":{"rendered":"https:\/\/baldumarket.lt\/?post_type=product&#038;p=336243"},"modified":"2026-03-26T18:06:57","modified_gmt":"2026-03-26T15:06:57","slug":"laguna-b-veidrodis","status":"publish","type":"product","link":"https:\/\/baldumarket.lt\/lt\/product\/laguna-b-veidrodis\/","title":{"rendered":"LAGUNA B+ veidrodis"},"content":{"rendered":"<p>Plotis\/Auk\u0161tis\/Gylis: 200\/200\/65 cm<br \/>\n\u201eLaguna B\u201c dviej\u0173 dur\u0173 spinta su veidrod\u017eiu ir stumdom\u0173 dur\u0173 sistema yra tvirtos konstrukcijos, funkcionali ir eleganti\u0161ka, tod\u0117l kasdienis naudojimas yra lengvesnis. Puikiai tinka miegamiesiems, koridoriams ir svetain\u0117ms. Prakti\u0161kas vidus suskirstytas \u012f lentynas ir drabu\u017ei\u0173 pakab\u0105.<br \/>\nMatmenys:<br \/>\n\u2013 Plotis 200 cm \/ Auk\u0161tis 200 cm \/ Gylis 65 cm<br \/>\nPapildoma informacija:<br \/>\n\u2013 Baldai nauji, supakuoti \u012f savaranki\u0161kai surinkamas pakuotes, su ai\u0161kiomis instrukcijomis ir priedais.<\/p>\n<p>\u2013 Vizualizacijoje parodyta spinta yra \u0161okolado spalvos.<\/p>","protected":false},"excerpt":{"rendered":"<p>Width\/Height\/Depth: 200\/200\/65 cm The Laguna B 2-door mirrored wardrobe with a sliding door system is solidly constructed, functional, and elegant, making everyday use easier. Perfect for bedrooms, hallways, and living rooms. The practical interior is divided into shelves and a clothes rail. Dimensions: \u2013 Width 200 cm \/ Height 200 cm \/ Depth 65 cm [&hellip;]<\/p>","protected":false},"featured_media":336282,"comment_status":"open","ping_status":"closed","template":"","meta":[],"product_brand":[],"product_cat":[9879,9884,1177],"product_tag":[],"class_list":{"0":"post-336243","1":"product","2":"type-product","3":"status-publish","4":"has-post-thumbnail","6":"product_cat-krajan","7":"product_cat-wardrobes-krajan","8":"product_cat-wardrobes","10":"first","11":"instock","12":"shipping-taxable","13":"purchasable","14":"product-type-variable","15":"wvs-archive-product-wrapper"},"_links":{"self":[{"href":"https:\/\/baldumarket.lt\/lt\/wp-json\/wp\/v2\/product\/336243","targetHints":{"allow":["GET"]}}],"collection":[{"href":"https:\/\/baldumarket.lt\/lt\/wp-json\/wp\/v2\/product"}],"about":[{"href":"https:\/\/baldumarket.lt\/lt\/wp-json\/wp\/v2\/types\/product"}],"replies":[{"embeddable":true,"href":"https:\/\/baldumarket.lt\/lt\/wp-json\/wp\/v2\/comments?post=336243"}],"wp:featuredmedia":[{"embeddable":true,"href":"https:\/\/baldumarket.lt\/lt\/wp-json\/wp\/v2\/media\/336282"}],"wp:attachment":[{"href":"https:\/\/baldumarket.lt\/lt\/wp-json\/wp\/v2\/media?parent=336243"}],"wp:term":[{"taxonomy":"product_brand","embeddable":true,"href":"https:\/\/baldumarket.lt\/lt\/wp-json\/wp\/v2\/product_brand?post=336243"},{"taxonomy":"product_cat","embeddable":true,"href":"https:\/\/baldumarket.lt\/lt\/wp-json\/wp\/v2\/product_cat?post=336243"},{"taxonomy":"product_tag","embeddable":true,"href":"https:\/\/baldumarket.lt\/lt\/wp-json\/wp\/v2\/product_tag?post=336243"}],"curies":[{"name":"wp","href":"https:\/\/api.w.org\/{rel}","templated":true}]}}