{"id":336231,"date":"2026-03-07T19:30:16","date_gmt":"2026-03-07T16:30:16","guid":{"rendered":"https:\/\/baldumarket.lt\/?post_type=product&#038;p=336231"},"modified":"2026-03-26T18:06:57","modified_gmt":"2026-03-26T15:06:57","slug":"lano-240-cm","status":"publish","type":"product","link":"https:\/\/baldumarket.lt\/lt\/product\/lano-240-cm\/","title":{"rendered":"Prie\u0161kambaris LANO \u2013 240 cm"},"content":{"rendered":"<p>Moderni ir erdvi LANO spinta \u2013 240 cm plo\u010dio \u2013 pasi\u017eymi labai madingu ir eleganti\u0161ku dizainu bei dviem stumdomomis durimis. Unikalus jos charakteris suteiks \u017eavesio bet kuriam kambariui. Pagaminta i\u0161 auk\u0161\u010diausios kokyb\u0117s med\u017eiag\u0173, spinta patenkins net ir reikliausi\u0173 klient\u0173 l\u016bkes\u010dius. Stumdomos durys turi aliuminio rankenas, kad jas b\u016bt\u0173 lengva atidaryti ir u\u017edaryti.<\/p>\n<p>Matmenys:<br \/>\n\u2013 plotis 240 cm \/ auk\u0161tis 200 cm \/ gylis 65 cm<br \/>\nPapildoma informacija:<br \/>\n\u2013 auk\u0161\u010diausios kokyb\u0117s stumdoma sistema,<\/p>\n<p>\u2013 viduje yra pakabinimo b\u0117geliai ir lentynos,<\/p>\n<p>\u2013 baldai yra nauji, supakuoti \u012f savaranki\u0161kai surinkamas pakuotes, su ai\u0161kiomis instrukcijomis ir priedais.<\/p>","protected":false},"excerpt":{"rendered":"<p>The modern and spacious LANO wardrobe -240 cm wide has a very fashionable and elegant design and features two sliding doors. Its unique character will add charm to any room. Made of the highest quality materials, the wardrobe will meet the expectations of even the most demanding customers. The sliding doors feature aluminum handles for [&hellip;]<\/p>","protected":false},"featured_media":336270,"comment_status":"open","ping_status":"closed","template":"","meta":[],"product_brand":[],"product_cat":[9879,9884,1177],"product_tag":[],"class_list":{"0":"post-336231","1":"product","2":"type-product","3":"status-publish","4":"has-post-thumbnail","6":"product_cat-krajan","7":"product_cat-wardrobes-krajan","8":"product_cat-wardrobes","10":"first","11":"instock","12":"shipping-taxable","13":"purchasable","14":"product-type-variable","15":"wvs-archive-product-wrapper"},"_links":{"self":[{"href":"https:\/\/baldumarket.lt\/lt\/wp-json\/wp\/v2\/product\/336231","targetHints":{"allow":["GET"]}}],"collection":[{"href":"https:\/\/baldumarket.lt\/lt\/wp-json\/wp\/v2\/product"}],"about":[{"href":"https:\/\/baldumarket.lt\/lt\/wp-json\/wp\/v2\/types\/product"}],"replies":[{"embeddable":true,"href":"https:\/\/baldumarket.lt\/lt\/wp-json\/wp\/v2\/comments?post=336231"}],"wp:featuredmedia":[{"embeddable":true,"href":"https:\/\/baldumarket.lt\/lt\/wp-json\/wp\/v2\/media\/336270"}],"wp:attachment":[{"href":"https:\/\/baldumarket.lt\/lt\/wp-json\/wp\/v2\/media?parent=336231"}],"wp:term":[{"taxonomy":"product_brand","embeddable":true,"href":"https:\/\/baldumarket.lt\/lt\/wp-json\/wp\/v2\/product_brand?post=336231"},{"taxonomy":"product_cat","embeddable":true,"href":"https:\/\/baldumarket.lt\/lt\/wp-json\/wp\/v2\/product_cat?post=336231"},{"taxonomy":"product_tag","embeddable":true,"href":"https:\/\/baldumarket.lt\/lt\/wp-json\/wp\/v2\/product_tag?post=336231"}],"curies":[{"name":"wp","href":"https:\/\/api.w.org\/{rel}","templated":true}]}}