{"id":336198,"date":"2026-03-07T19:28:13","date_gmt":"2026-03-07T16:28:13","guid":{"rendered":"https:\/\/baldumarket.lt\/?post_type=product&#038;p=336198"},"modified":"2026-03-26T18:06:57","modified_gmt":"2026-03-26T15:06:57","slug":"lena","status":"publish","type":"product","link":"https:\/\/baldumarket.lt\/lt\/produktas\/lena\/","title":{"rendered":"Lena"},"content":{"rendered":"<p>LENA miegamojo komplektas<br \/>\n\u0160\u012f miegamojo bald\u0173 komplekt\u0105 sudaro lova, drabu\u017ei\u0173 spinta, komoda ir naktiniai staleliai. Juos taip pat galima \u012fsigyti atskirai, tod\u0117l galite susikurti savo miegamojo bald\u0173 komplekt\u0105 pagal savo individualius pageidavimus. Jie yra patog\u016bs ir erdv\u016bs d\u0117l gerai suprojektuot\u0173 daiktad\u0117\u017ei\u0173. D\u0117l auk\u0161\u010diausios kokyb\u0117s meistri\u0161kumo jais gal\u0117site d\u017eiaugtis ilgus metus. Komplekt\u0105 sudaro:<br \/>\n\u2013 Atidaroma spinta \u2013 Spinta susideda i\u0161 dviej\u0173 atskir\u0173 skyri\u0173<\/p>\n<p>\u2013 Lova su kop\u0117\u010di\u0173 r\u0117mu \u2013 1 vnt. (be \u010diu\u017einio)<\/p>\n<p>\u2013 Komoda \u2013 1 vnt.<\/p>\n<p>\u2013 Naktiniai staleliai \u2013 2 vnt.<br \/>\nMatmenys:<\/p>\n<p>Plotis cm \/ Auk\u0161tis cm \/ Gylis cm<\/p>\n<p>\u2013 Drabu\u017ein\u0117s matmenys: 108 x 212 x 62,5 ir 158 x 212 x 62,5<\/p>\n<p>\u2013 Lova: 169 x 85 x 207<\/p>\n<p>\u2013 Naktiniai staleliai: 54 x 43 x 43<\/p>\n<p>\u2013 Komoda: 144 x 81 x 42,5<br \/>\nPapildoma informacija:<br \/>\n\u2013 Lova: miegamojo plotas 160 x 200 cm (\u010diu\u017einys ne\u012fskai\u010diuotas)<\/p>\n<p>\u2013 Baldai nauji, supakuoti \u012f savaranki\u0161kai surinkamas pakuotes, su ai\u0161kiomis instrukcijomis ir priedais.<\/p>\n<p>\u2013 miegamasis pagal vizualizacij\u0105, pagamintas \u0161okolado\/santropo spalvos<\/p>","protected":false},"excerpt":{"rendered":"<p>LENA miegamojo komplektas. \u0160\u012f miegamojo komplekt\u0105 sudaro lova, drabu\u017ei\u0173 spinta, komoda ir naktiniai staleliai. Juos taip pat galima \u012fsigyti atskirai, tod\u0117l galite susikurti savo miegamojo bald\u0173 komplekt\u0105 pagal savo individualius pageidavimus. Jie yra patog\u016bs ir erdv\u016bs d\u0117l gerai suprojektuot\u0173 daiktad\u0117\u017ei\u0173. D\u0117l auk\u0161\u010diausios kokyb\u0117s meistri\u0161kumo galite m\u0117gautis [\u2026]<\/p>","protected":false},"featured_media":336234,"comment_status":"open","ping_status":"closed","template":"","meta":[],"product_brand":[],"product_cat":[9883,9879],"product_tag":[],"class_list":{"0":"post-336198","1":"product","2":"type-product","3":"status-publish","4":"has-post-thumbnail","6":"product_cat-bedrooms-krajan","7":"product_cat-krajan","9":"first","10":"instock","11":"shipping-taxable","12":"product-type-variable","13":"wvs-archive-product-wrapper"},"_links":{"self":[{"href":"https:\/\/baldumarket.lt\/lt\/wp-json\/wp\/v2\/product\/336198","targetHints":{"allow":["GET"]}}],"collection":[{"href":"https:\/\/baldumarket.lt\/lt\/wp-json\/wp\/v2\/product"}],"about":[{"href":"https:\/\/baldumarket.lt\/lt\/wp-json\/wp\/v2\/types\/product"}],"replies":[{"embeddable":true,"href":"https:\/\/baldumarket.lt\/lt\/wp-json\/wp\/v2\/comments?post=336198"}],"wp:featuredmedia":[{"embeddable":true,"href":"https:\/\/baldumarket.lt\/lt\/wp-json\/wp\/v2\/media\/336234"}],"wp:attachment":[{"href":"https:\/\/baldumarket.lt\/lt\/wp-json\/wp\/v2\/media?parent=336198"}],"wp:term":[{"taxonomy":"product_brand","embeddable":true,"href":"https:\/\/baldumarket.lt\/lt\/wp-json\/wp\/v2\/product_brand?post=336198"},{"taxonomy":"product_cat","embeddable":true,"href":"https:\/\/baldumarket.lt\/lt\/wp-json\/wp\/v2\/product_cat?post=336198"},{"taxonomy":"product_tag","embeddable":true,"href":"https:\/\/baldumarket.lt\/lt\/wp-json\/wp\/v2\/product_tag?post=336198"}],"curies":[{"name":"wp","href":"https:\/\/api.w.org\/{rel}","templated":true}]}}