{"id":336190,"date":"2026-03-07T19:27:24","date_gmt":"2026-03-07T16:27:24","guid":{"rendered":"https:\/\/baldumarket.lt\/?post_type=product&#038;p=336190"},"modified":"2026-03-26T18:06:57","modified_gmt":"2026-03-26T15:06:57","slug":"lena-lova-le-3","status":"publish","type":"product","link":"https:\/\/baldumarket.lt\/lt\/product\/lena-lova-le-3\/","title":{"rendered":"LENA lova LE-3"},"content":{"rendered":"<p>Plotis\/Auk\u0161tis\/Gylis: 169\/85\/207 cm<\/p>\n<p>Papildoma informacija:<br \/>\n\u2013 Lova: 160 x 200 cm miegamasis plotas (\u010diu\u017einys ne\u012fskai\u010diuotas)<br \/>\n\u2013 Lova neturi patalyn\u0117s skyriaus.<\/p>","protected":false},"excerpt":{"rendered":"<p>Plotis\/Auk\u0161tis\/Gylis: 169\/85\/207 cm Papildoma informacija: \u2013 Lova: 160 x 200 cm miegamasis pavir\u0161ius (\u010diu\u017einys ne\u012fskai\u010diuotas) \u2013 Lova neturi patalyn\u0117s skyriaus.<\/p>","protected":false},"featured_media":336232,"comment_status":"open","ping_status":"closed","template":"","meta":[],"product_brand":[],"product_cat":[9883,9879,505],"product_tag":[],"class_list":{"0":"post-336190","1":"product","2":"type-product","3":"status-publish","4":"has-post-thumbnail","6":"product_cat-bedrooms-krajan","7":"product_cat-krajan","8":"product_cat-bedroom-beds","10":"first","11":"instock","12":"shipping-taxable","13":"purchasable","14":"product-type-variable","15":"wvs-archive-product-wrapper"},"_links":{"self":[{"href":"https:\/\/baldumarket.lt\/lt\/wp-json\/wp\/v2\/product\/336190","targetHints":{"allow":["GET"]}}],"collection":[{"href":"https:\/\/baldumarket.lt\/lt\/wp-json\/wp\/v2\/product"}],"about":[{"href":"https:\/\/baldumarket.lt\/lt\/wp-json\/wp\/v2\/types\/product"}],"replies":[{"embeddable":true,"href":"https:\/\/baldumarket.lt\/lt\/wp-json\/wp\/v2\/comments?post=336190"}],"wp:featuredmedia":[{"embeddable":true,"href":"https:\/\/baldumarket.lt\/lt\/wp-json\/wp\/v2\/media\/336232"}],"wp:attachment":[{"href":"https:\/\/baldumarket.lt\/lt\/wp-json\/wp\/v2\/media?parent=336190"}],"wp:term":[{"taxonomy":"product_brand","embeddable":true,"href":"https:\/\/baldumarket.lt\/lt\/wp-json\/wp\/v2\/product_brand?post=336190"},{"taxonomy":"product_cat","embeddable":true,"href":"https:\/\/baldumarket.lt\/lt\/wp-json\/wp\/v2\/product_cat?post=336190"},{"taxonomy":"product_tag","embeddable":true,"href":"https:\/\/baldumarket.lt\/lt\/wp-json\/wp\/v2\/product_tag?post=336190"}],"curies":[{"name":"wp","href":"https:\/\/api.w.org\/{rel}","templated":true}]}}