{"id":336186,"date":"2026-03-07T19:27:18","date_gmt":"2026-03-07T16:27:18","guid":{"rendered":"https:\/\/baldumarket.lt\/?post_type=product&#038;p=336186"},"modified":"2026-03-26T18:06:57","modified_gmt":"2026-03-26T15:06:57","slug":"lena-spinta-le-1","status":"publish","type":"product","link":"https:\/\/baldumarket.lt\/lt\/product\/lena-spinta-le-1\/","title":{"rendered":"LENA spinta LE-1"},"content":{"rendered":"<p>Plotis\/Auk\u0161tis\/Gylis: 266\/212\/62,5 cm<br \/>\nSpinta LENA \u2013 puikus pasirinkimas j\u016bs\u0173 miegamajam. Pagaminta i\u0161 auk\u0161tos kokyb\u0117s laminuotos plok\u0161t\u0117s, prakti\u0161ki stal\u010diai, lentynos ir drabu\u017ei\u0173 pakabos suteikia daug vietos daiktams susid\u0117ti. Tvirta konstrukcija garantuoja ilgaam\u017ei\u0161kum\u0105 ir u\u017etikrina, kad spinta tarnaus daugel\u012f met\u0173.<\/p>\n<p>D\u0117l savo matmen\u0173 jis yra ne\u012ftik\u0117tinai erdvus.<br \/>\n\u2013 Atidaroma spinta \u2013 Spinta susideda i\u0161 dviej\u0173 atskir\u0173 dali\u0173:<\/p>\n<p>\u2013 Baldai nauji, supakuoti \u012f savaranki\u0161kai surinkamas pakuotes, su ai\u0161kiomis instrukcijomis ir priedais.<\/p>\n<p>\u2013 Spinta: 108 x 212 x 62,5 cm ir 158 x 212 x 62,5 cm<\/p>","protected":false},"excerpt":{"rendered":"<p>Plotis\/Auk\u0161tis\/Gylis: 266\/212\/62,5 cm. Spinta LENA \u2013 puikus pasirinkimas j\u016bs\u0173 miegamajam. Pagaminta i\u0161 auk\u0161tos kokyb\u0117s laminuotos plok\u0161t\u0117s, prakti\u0161ki stal\u010diai, lentynos ir drabu\u017ei\u0173 kabyklos suteikia daug vietos daiktams susid\u0117ti. Tvirta konstrukcija garantuoja ilgaam\u017ei\u0161kum\u0105 ir u\u017etikrina, kad spinta tarnaus ilgus metus. D\u0117l savo matmen\u0173 ji yra ne\u012ftik\u0117tinai erdvi. \u2013 Atidaroma spinta \u2013 Spinta [\u2026]<\/p>","protected":false},"featured_media":336222,"comment_status":"open","ping_status":"closed","template":"","meta":[],"product_brand":[],"product_cat":[9883,9879,1177],"product_tag":[],"class_list":{"0":"post-336186","1":"product","2":"type-product","3":"status-publish","4":"has-post-thumbnail","6":"product_cat-bedrooms-krajan","7":"product_cat-krajan","8":"product_cat-wardrobes","10":"first","11":"instock","12":"shipping-taxable","13":"purchasable","14":"product-type-variable","15":"wvs-archive-product-wrapper"},"_links":{"self":[{"href":"https:\/\/baldumarket.lt\/lt\/wp-json\/wp\/v2\/product\/336186","targetHints":{"allow":["GET"]}}],"collection":[{"href":"https:\/\/baldumarket.lt\/lt\/wp-json\/wp\/v2\/product"}],"about":[{"href":"https:\/\/baldumarket.lt\/lt\/wp-json\/wp\/v2\/types\/product"}],"replies":[{"embeddable":true,"href":"https:\/\/baldumarket.lt\/lt\/wp-json\/wp\/v2\/comments?post=336186"}],"wp:featuredmedia":[{"embeddable":true,"href":"https:\/\/baldumarket.lt\/lt\/wp-json\/wp\/v2\/media\/336222"}],"wp:attachment":[{"href":"https:\/\/baldumarket.lt\/lt\/wp-json\/wp\/v2\/media?parent=336186"}],"wp:term":[{"taxonomy":"product_brand","embeddable":true,"href":"https:\/\/baldumarket.lt\/lt\/wp-json\/wp\/v2\/product_brand?post=336186"},{"taxonomy":"product_cat","embeddable":true,"href":"https:\/\/baldumarket.lt\/lt\/wp-json\/wp\/v2\/product_cat?post=336186"},{"taxonomy":"product_tag","embeddable":true,"href":"https:\/\/baldumarket.lt\/lt\/wp-json\/wp\/v2\/product_tag?post=336186"}],"curies":[{"name":"wp","href":"https:\/\/api.w.org\/{rel}","templated":true}]}}