{"id":336173,"date":"2026-03-07T19:26:25","date_gmt":"2026-03-07T16:26:25","guid":{"rendered":"https:\/\/baldumarket.lt\/?post_type=product&#038;p=336173"},"modified":"2026-03-26T18:06:57","modified_gmt":"2026-03-26T15:06:57","slug":"lion-spinta-l-1","status":"publish","type":"product","link":"https:\/\/baldumarket.lt\/lt\/product\/lion-spinta-l-1\/","title":{"rendered":"LION Spinta L-1"},"content":{"rendered":"<p>Plotis\/Auk\u0161tis\/Gylis: 155\/200\/53 cm<br \/>\nSpinta LION \u2013 puikus pasirinkimas j\u016bs\u0173 miegamajam. Pagaminta i\u0161 auk\u0161tos kokyb\u0117s laminuotos plok\u0161t\u0117s, prakti\u0161ki stal\u010diai, lentynos ir drabu\u017ei\u0173 pakabos suteikia daug vietos daiktams susid\u0117ti. Tvirta konstrukcija garantuoja ilgaam\u017ei\u0161kum\u0105 ir u\u017etikrina, kad spinta tarnaus ilgus metus.<\/p>\n<p>D\u0117l savo matmen\u0173 jis pasi\u017eymi ne\u012ftik\u0117tina talpa.<br \/>\n\u2013 Baldai yra nauji, supakuoti \u012f savaranki\u0161kai surinkamas pakuotes, su ai\u0161kiomis instrukcijomis ir priedais.<\/p>","protected":false},"excerpt":{"rendered":"<p>Width\/Height\/Depth: 155\/200\/53 cm The LION wardrobe is the perfect choice for your bedroom. Made of high-quality laminated board, practical drawers, shelves, and clothes rails offer plenty of storage space. Solid construction guarantees durability, ensuring the wardrobe will last for many years. Thanks to its dimensions, it offers incredible capacity. \u2013 The furniture is new, packaged [&hellip;]<\/p>","protected":false},"featured_media":336207,"comment_status":"open","ping_status":"closed","template":"","meta":[],"product_brand":[],"product_cat":[9883,9879,1177],"product_tag":[],"class_list":{"0":"post-336173","1":"product","2":"type-product","3":"status-publish","4":"has-post-thumbnail","6":"product_cat-bedrooms-krajan","7":"product_cat-krajan","8":"product_cat-wardrobes","10":"first","11":"instock","12":"shipping-taxable","13":"purchasable","14":"product-type-variable","15":"wvs-archive-product-wrapper"},"_links":{"self":[{"href":"https:\/\/baldumarket.lt\/lt\/wp-json\/wp\/v2\/product\/336173","targetHints":{"allow":["GET"]}}],"collection":[{"href":"https:\/\/baldumarket.lt\/lt\/wp-json\/wp\/v2\/product"}],"about":[{"href":"https:\/\/baldumarket.lt\/lt\/wp-json\/wp\/v2\/types\/product"}],"replies":[{"embeddable":true,"href":"https:\/\/baldumarket.lt\/lt\/wp-json\/wp\/v2\/comments?post=336173"}],"wp:featuredmedia":[{"embeddable":true,"href":"https:\/\/baldumarket.lt\/lt\/wp-json\/wp\/v2\/media\/336207"}],"wp:attachment":[{"href":"https:\/\/baldumarket.lt\/lt\/wp-json\/wp\/v2\/media?parent=336173"}],"wp:term":[{"taxonomy":"product_brand","embeddable":true,"href":"https:\/\/baldumarket.lt\/lt\/wp-json\/wp\/v2\/product_brand?post=336173"},{"taxonomy":"product_cat","embeddable":true,"href":"https:\/\/baldumarket.lt\/lt\/wp-json\/wp\/v2\/product_cat?post=336173"},{"taxonomy":"product_tag","embeddable":true,"href":"https:\/\/baldumarket.lt\/lt\/wp-json\/wp\/v2\/product_tag?post=336173"}],"curies":[{"name":"wp","href":"https:\/\/api.w.org\/{rel}","templated":true}]}}