{"id":336112,"date":"2026-03-07T19:21:49","date_gmt":"2026-03-07T16:21:49","guid":{"rendered":"https:\/\/baldumarket.lt\/?post_type=product&#038;p=336112"},"modified":"2026-03-26T18:06:57","modified_gmt":"2026-03-26T15:06:57","slug":"livia-spinta-li-1","status":"publish","type":"product","link":"https:\/\/baldumarket.lt\/lt\/product\/livia-spinta-li-1\/","title":{"rendered":"LIVIA spinta LI-1"},"content":{"rendered":"<p>Plotis\/Auk\u0161tis\/Gylis: 204\/212\/65,5 cm<br \/>\nDviej\u0173 dur\u0173 spinta su stumdom\u0173 dur\u0173 sistema LIVIA yra tvirtos konstrukcijos, funkcionali ir eleganti\u0161ka, tod\u0117l kasdienis naudojimas yra lengvesnis. Puikiai tinka miegamiesiems, koridoriams ir svetain\u0117ms. Prakti\u0161kas vidus suskirstytas \u012f lentynas ir drabu\u017ei\u0173 pakab\u0105. Matmenys:<br \/>\n\u2013 plotis 204 cm \/ auk\u0161tis 212 cm \/ gylis 65,5 cm<br \/>\nPapildoma informacija:<\/p>\n<p>Moderni stumdoma spinta pla\u010diame spalv\u0173 asortimente,<br \/>\nVizualizacijoje pavaizduota spinta yra Sonoma\/baltos spalvos,<br \/>\nStumdom\u0173 dur\u0173 skai\u010dius: 2 durys,<br \/>\nDu funkcional\u016bs skyriai su lentynomis ir pakaba daiktams,<br \/>\nAuk\u0161tos kokyb\u0117s 16 mm laminuota plok\u0161t\u0117, 22 mm stalvir\u0161is,<br \/>\nPVC apvadai,<br \/>\nBaldai yra visi\u0161kai nauji, supakuoti originalioje pakuot\u0117je,<br \/>\nBaldai supakuoti plok\u0161\u010diai, tod\u0117l juos galima surinkti patiems,<br \/>\nPridedamos ai\u0161kios surinkimo instrukcijos ir visi reikalingi priedai.<\/p>","protected":false},"excerpt":{"rendered":"<p>Plotis\/Auk\u0161tis\/Gylis: 204\/212\/65,5 cm. LIVIA dviej\u0173 dur\u0173 spinta su stumdom\u0173 dur\u0173 sistema yra tvirtos konstrukcijos, funkcionali ir eleganti\u0161ka, tod\u0117l kasdienis naudojimas yra lengvesnis. Puikiai tinka miegamiesiems, koridoriams ir svetain\u0117ms. Prakti\u0161kas vidus suskirstytas \u012f lentynas ir drabu\u017ei\u0173 pakab\u0105. Matmenys: \u2013 plotis 204 cm \/ auk\u0161tis 212 cm \/ gylis 65,5 cm. Papildoma informacija: [\u2026]<\/p>","protected":false},"featured_media":336149,"comment_status":"open","ping_status":"closed","template":"","meta":[],"product_brand":[],"product_cat":[9883,9879,9884,1177],"product_tag":[],"class_list":{"0":"post-336112","1":"product","2":"type-product","3":"status-publish","4":"has-post-thumbnail","6":"product_cat-bedrooms-krajan","7":"product_cat-krajan","8":"product_cat-wardrobes-krajan","9":"product_cat-wardrobes","11":"first","12":"instock","13":"shipping-taxable","14":"purchasable","15":"product-type-variable","16":"wvs-archive-product-wrapper"},"_links":{"self":[{"href":"https:\/\/baldumarket.lt\/lt\/wp-json\/wp\/v2\/product\/336112","targetHints":{"allow":["GET"]}}],"collection":[{"href":"https:\/\/baldumarket.lt\/lt\/wp-json\/wp\/v2\/product"}],"about":[{"href":"https:\/\/baldumarket.lt\/lt\/wp-json\/wp\/v2\/types\/product"}],"replies":[{"embeddable":true,"href":"https:\/\/baldumarket.lt\/lt\/wp-json\/wp\/v2\/comments?post=336112"}],"wp:featuredmedia":[{"embeddable":true,"href":"https:\/\/baldumarket.lt\/lt\/wp-json\/wp\/v2\/media\/336149"}],"wp:attachment":[{"href":"https:\/\/baldumarket.lt\/lt\/wp-json\/wp\/v2\/media?parent=336112"}],"wp:term":[{"taxonomy":"product_brand","embeddable":true,"href":"https:\/\/baldumarket.lt\/lt\/wp-json\/wp\/v2\/product_brand?post=336112"},{"taxonomy":"product_cat","embeddable":true,"href":"https:\/\/baldumarket.lt\/lt\/wp-json\/wp\/v2\/product_cat?post=336112"},{"taxonomy":"product_tag","embeddable":true,"href":"https:\/\/baldumarket.lt\/lt\/wp-json\/wp\/v2\/product_tag?post=336112"}],"curies":[{"name":"wp","href":"https:\/\/api.w.org\/{rel}","templated":true}]}}