{"id":336091,"date":"2026-03-07T19:20:20","date_gmt":"2026-03-07T16:20:20","guid":{"rendered":"https:\/\/baldumarket.lt\/?post_type=product&#038;p=336091"},"modified":"2026-03-26T18:06:57","modified_gmt":"2026-03-26T15:06:57","slug":"luna-a-180-m","status":"publish","type":"product","link":"https:\/\/baldumarket.lt\/lt\/product\/luna-a-180-m\/","title":{"rendered":"Prie\u0161kambaris LUNA A-1,80 m"},"content":{"rendered":"<p>Plotis\/Auk\u0161tis\/Gylis: 180\/212\/65 cm<br \/>\nErdvi LUNA A stumdom\u0173 dur\u0173 spinta. \u0160i moderni spinta puikiai tinka jaunimo kambariui, moderniam miegamajam ar prie\u0161kambariui. Baldai pagaminti i\u0161 auk\u0161tos kokyb\u0117s laminuotos plok\u0161t\u0117s. Stumdomos durys turi aliuminio rankenas, kad jas b\u016bt\u0173 lengva atidaryti ir u\u017edaryti.<br \/>\nMatmenys:<br \/>\n\u2013 Plotis 180 cm \/ Auk\u0161tis 212 cm \/ Gylis 65 cm<br \/>\nPapildoma informacija:<br \/>\n\u2013 Naudojama auk\u0161\u010diausios kokyb\u0117s stumdomoji sistema \u2013 \u201eLaguna Superior\u201c sistema,<\/p>\n<p>\u2013 Viduje \u012frengti pakabinimo b\u0117geliai ir lentynos,<\/p>\n<p>\u2013 Aliuminio rankenos,<\/p>\n<p>\u2013 Baldai nauji, supakuoti \u012f savaranki\u0161kai surinkamas pakuotes, su ai\u0161kiomis instrukcijomis ir priedais.<\/p>\n<p>\u2013 Vizualizacijoje pavaizduota spinta yra apdailinta mazguoto \u0105\u017euolo spalva.<\/p>","protected":false},"excerpt":{"rendered":"<p>Plotis\/Auk\u0161tis\/Gylis: 180\/212\/65 cm. Erdvi LUNA A stumdom\u0173 dur\u0173 spinta. \u0160i moderni spinta puikiai tinka jaunimo kambariui, moderniam miegamajam ar prie\u0161kambariui. Baldai pagaminti i\u0161 auk\u0161tos kokyb\u0117s laminuotos plok\u0161t\u0117s. Stumdomos durys turi aliuminio rankenas, kad jas b\u016bt\u0173 lengva atidaryti ir u\u017edaryti. Matmenys: \u2013 Plotis 180 cm \/ Auk\u0161tis 212 cm \/ Gylis 65 cm [\u2026]<\/p>","protected":false},"featured_media":336127,"comment_status":"open","ping_status":"closed","template":"","meta":[],"product_brand":[],"product_cat":[9879,9884,1177],"product_tag":[],"class_list":{"0":"post-336091","1":"product","2":"type-product","3":"status-publish","4":"has-post-thumbnail","6":"product_cat-krajan","7":"product_cat-wardrobes-krajan","8":"product_cat-wardrobes","10":"first","11":"instock","12":"shipping-taxable","13":"purchasable","14":"product-type-variable","15":"wvs-archive-product-wrapper"},"_links":{"self":[{"href":"https:\/\/baldumarket.lt\/lt\/wp-json\/wp\/v2\/product\/336091","targetHints":{"allow":["GET"]}}],"collection":[{"href":"https:\/\/baldumarket.lt\/lt\/wp-json\/wp\/v2\/product"}],"about":[{"href":"https:\/\/baldumarket.lt\/lt\/wp-json\/wp\/v2\/types\/product"}],"replies":[{"embeddable":true,"href":"https:\/\/baldumarket.lt\/lt\/wp-json\/wp\/v2\/comments?post=336091"}],"wp:featuredmedia":[{"embeddable":true,"href":"https:\/\/baldumarket.lt\/lt\/wp-json\/wp\/v2\/media\/336127"}],"wp:attachment":[{"href":"https:\/\/baldumarket.lt\/lt\/wp-json\/wp\/v2\/media?parent=336091"}],"wp:term":[{"taxonomy":"product_brand","embeddable":true,"href":"https:\/\/baldumarket.lt\/lt\/wp-json\/wp\/v2\/product_brand?post=336091"},{"taxonomy":"product_cat","embeddable":true,"href":"https:\/\/baldumarket.lt\/lt\/wp-json\/wp\/v2\/product_cat?post=336091"},{"taxonomy":"product_tag","embeddable":true,"href":"https:\/\/baldumarket.lt\/lt\/wp-json\/wp\/v2\/product_tag?post=336091"}],"curies":[{"name":"wp","href":"https:\/\/api.w.org\/{rel}","templated":true}]}}