{"id":336056,"date":"2026-03-07T19:17:34","date_gmt":"2026-03-07T16:17:34","guid":{"rendered":"https:\/\/baldumarket.lt\/?post_type=product&#038;p=336056"},"modified":"2026-03-26T18:06:57","modified_gmt":"2026-03-26T15:06:57","slug":"fenix-fel-3-suolas","status":"publish","type":"product","link":"https:\/\/baldumarket.lt\/lt\/product\/fenix-fel-3-suolas\/","title":{"rendered":"FENIX FE\u0141-3 suoliukai"},"content":{"rendered":"<p>Plotis\/Auk\u0161tis\/Gylis: 126\/42\/67 cm<br \/>\nKavos staliukas i\u0161 vizualizacijos, galima \u012fsigyti \u0161ios spalvos: j.portland<\/p>","protected":false},"excerpt":{"rendered":"<p>Plotis\/Auk\u0161tis\/Gylis: 126\/42\/67 cm. Kavos staliukas i\u0161 vizualizacijos, spalva: j.portland.<\/p>","protected":false},"featured_media":336097,"comment_status":"open","ping_status":"closed","template":"","meta":[],"product_brand":[],"product_cat":[9932,9879,866],"product_tag":[],"class_list":{"0":"post-336056","1":"product","2":"type-product","3":"status-publish","4":"has-post-thumbnail","6":"product_cat-furniture-system-phoenix","7":"product_cat-krajan","8":"product_cat-coffee-tables","10":"first","11":"instock","12":"shipping-taxable","13":"purchasable","14":"product-type-variable","15":"wvs-archive-product-wrapper"},"_links":{"self":[{"href":"https:\/\/baldumarket.lt\/lt\/wp-json\/wp\/v2\/product\/336056","targetHints":{"allow":["GET"]}}],"collection":[{"href":"https:\/\/baldumarket.lt\/lt\/wp-json\/wp\/v2\/product"}],"about":[{"href":"https:\/\/baldumarket.lt\/lt\/wp-json\/wp\/v2\/types\/product"}],"replies":[{"embeddable":true,"href":"https:\/\/baldumarket.lt\/lt\/wp-json\/wp\/v2\/comments?post=336056"}],"wp:featuredmedia":[{"embeddable":true,"href":"https:\/\/baldumarket.lt\/lt\/wp-json\/wp\/v2\/media\/336097"}],"wp:attachment":[{"href":"https:\/\/baldumarket.lt\/lt\/wp-json\/wp\/v2\/media?parent=336056"}],"wp:term":[{"taxonomy":"product_brand","embeddable":true,"href":"https:\/\/baldumarket.lt\/lt\/wp-json\/wp\/v2\/product_brand?post=336056"},{"taxonomy":"product_cat","embeddable":true,"href":"https:\/\/baldumarket.lt\/lt\/wp-json\/wp\/v2\/product_cat?post=336056"},{"taxonomy":"product_tag","embeddable":true,"href":"https:\/\/baldumarket.lt\/lt\/wp-json\/wp\/v2\/product_tag?post=336056"}],"curies":[{"name":"wp","href":"https:\/\/api.w.org\/{rel}","templated":true}]}}