{"id":336015,"date":"2026-03-07T19:14:23","date_gmt":"2026-03-07T16:14:23","guid":{"rendered":"https:\/\/baldumarket.lt\/?post_type=product&#038;p=336015"},"modified":"2026-03-26T18:06:57","modified_gmt":"2026-03-26T15:06:57","slug":"m5-d","status":"publish","type":"product","link":"https:\/\/baldumarket.lt\/lt\/product\/m5-d\/","title":{"rendered":"Komoda M5-D"},"content":{"rendered":"<p>Plotis\/Auk\u0161tis\/Gylis: 80\/82\/43,5 cm<br \/>\nM5-D indauja \u2013 puikus sprendimas tiems, kurie vertina klasikin\u0119 apdail\u0105 ir prakti\u0161kum\u0105. Baldas pagamintas i\u0161 tvirtos 16 mm storio laminuotos plok\u0161t\u0117s. D\u0117l eleganti\u0161kos formos ir modernios i\u0161vaizdos jis neu\u017ego\u0161 jokio interjero, tod\u0117l puikiai tinka net ma\u017eesn\u0117ms erdv\u0117ms. Indauja si\u016bloma \u012fvairi\u0173 spalv\u0173.<\/p>\n<p>Baldai pristatomi supakuoti, tod\u0117l juos galima surinkti patiems.<\/p>\n<p>Naujas produktas, originalioje pakuot\u0117je!<\/p>\n<p>Priekin\u0117 dalis: lygus priekis. Matmenys:<br \/>\n\u2013 Plotis 80 cm \/ Auk\u0161tis 82 cm \/ Gylis 43,5 cm<br \/>\nPapildoma informacija:<\/p>\n<p>Galimos spalvos: Artisan, \u0161okolado, Sonoma, triufeli\u0173, Syrach, Wotan, Bordeaux<br \/>\nKorpuso apdaila: matin\u0117<br \/>\nPriekin\u0117 apdaila: matin\u0117<br \/>\nPlastikin\u0117s kojel\u0117s u\u017etikrina stabilum\u0105 ir ilgaam\u017ei\u0161kum\u0105<br \/>\nPagaminta i\u0161: laminuotos med\u017eio dro\u017eli\u0173 plok\u0161t\u0117s<br \/>\nTipas: Laisvai pastatomas<br \/>\nStilius: Modernus<\/p>","protected":false},"excerpt":{"rendered":"<p>Plotis\/Auk\u0161tis\/Gylis: 80\/82\/43,5 cm. M5-D indauja \u2013 puikus sprendimas tiems, kurie vertina klasikin\u0119 apdail\u0105 ir prakti\u0161kum\u0105. Baldas pagamintas i\u0161 tvirtos 16 mm storio laminuotos plok\u0161t\u0117s. D\u0117l eleganti\u0161kos formos ir modernios i\u0161vaizdos jis neu\u017ego\u0161 jokio interjero, tod\u0117l puikiai tinka net ma\u017eesn\u0117ms erdv\u0117ms. Indauja yra [\u2026]<\/p>","protected":false},"featured_media":336059,"comment_status":"open","ping_status":"closed","template":"","meta":[],"product_brand":[],"product_cat":[9879,9884,1173],"product_tag":[],"class_list":{"0":"post-336015","1":"product","2":"type-product","3":"status-publish","4":"has-post-thumbnail","6":"product_cat-krajan","7":"product_cat-wardrobes-krajan","8":"product_cat-chests-of-drawers","10":"first","11":"instock","12":"shipping-taxable","13":"purchasable","14":"product-type-variable","15":"wvs-archive-product-wrapper"},"_links":{"self":[{"href":"https:\/\/baldumarket.lt\/lt\/wp-json\/wp\/v2\/product\/336015","targetHints":{"allow":["GET"]}}],"collection":[{"href":"https:\/\/baldumarket.lt\/lt\/wp-json\/wp\/v2\/product"}],"about":[{"href":"https:\/\/baldumarket.lt\/lt\/wp-json\/wp\/v2\/types\/product"}],"replies":[{"embeddable":true,"href":"https:\/\/baldumarket.lt\/lt\/wp-json\/wp\/v2\/comments?post=336015"}],"wp:featuredmedia":[{"embeddable":true,"href":"https:\/\/baldumarket.lt\/lt\/wp-json\/wp\/v2\/media\/336059"}],"wp:attachment":[{"href":"https:\/\/baldumarket.lt\/lt\/wp-json\/wp\/v2\/media?parent=336015"}],"wp:term":[{"taxonomy":"product_brand","embeddable":true,"href":"https:\/\/baldumarket.lt\/lt\/wp-json\/wp\/v2\/product_brand?post=336015"},{"taxonomy":"product_cat","embeddable":true,"href":"https:\/\/baldumarket.lt\/lt\/wp-json\/wp\/v2\/product_cat?post=336015"},{"taxonomy":"product_tag","embeddable":true,"href":"https:\/\/baldumarket.lt\/lt\/wp-json\/wp\/v2\/product_tag?post=336015"}],"curies":[{"name":"wp","href":"https:\/\/api.w.org\/{rel}","templated":true}]}}