{"id":335987,"date":"2026-03-07T19:12:42","date_gmt":"2026-03-07T16:12:42","guid":{"rendered":"https:\/\/baldumarket.lt\/?post_type=product&#038;p=335987"},"modified":"2026-03-26T18:06:57","modified_gmt":"2026-03-26T15:06:57","slug":"m8-b","status":"publish","type":"product","link":"https:\/\/baldumarket.lt\/lt\/product\/m8-b\/","title":{"rendered":"Komoda M8-B"},"content":{"rendered":"<p>Plotis\/Auk\u0161tis\/Gylis: 143\/85\/43,5 cm<br \/>\nM8-B indauja \u2013 puikus sprendimas tiems, kurie vertina klasikin\u0119 apdail\u0105 ir prakti\u0161kum\u0105. Baldas pagamintas i\u0161 tvirtos 16 mm storio laminuotos plok\u0161t\u0117s. D\u0117l eleganti\u0161kos formos ir modernios i\u0161vaizdos jis neu\u017egriozdins kambario, tod\u0117l puikiai tinka ma\u017eoms erdv\u0117ms. Indauja yra \u012fvairi\u0173 spalv\u0173.<\/p>\n<p>Baldai pristatomi supakuoti, tod\u0117l juos galima surinkti patiems.<\/p>\n<p>Naujas produktas, originalioje pakuot\u0117je!<\/p>\n<p>Priekin\u0117 dalis: lygus priekis.<br \/>\nMatmenys:<br \/>\n\u2013 plotis 143 cm \/ auk\u0161tis 85 cm \/ gylis 43,5 cm<br \/>\nPapildoma informacija:<\/p>\n<p>Galimos spalvos: Sonoma, Truffle, \u0160okoladin\u0117, Syrach, Bordeaux, Wellington<br \/>\nR\u0117mo apdaila: matin\u0117<br \/>\nPriekin\u0117 apdaila: matin\u0117<br \/>\nPagaminta i\u0161 laminuotos med\u017eio dro\u017eli\u0173 plok\u0161t\u0117s<br \/>\nTipas: laisvai pastatomas<br \/>\nStilius: modernus<\/p>","protected":false},"excerpt":{"rendered":"<p>Plotis\/Auk\u0161tis\/Gylis: 143\/85\/43,5 cm. M8-B indauja \u2013 puikus sprendimas tiems, kurie vertina klasikin\u0119 apdail\u0105 ir prakti\u0161kum\u0105. Baldas pagamintas i\u0161 tvirtos 16 mm storio laminuotos plok\u0161t\u0117s. D\u0117l eleganti\u0161kos formos ir modernios i\u0161vaizdos jis neu\u017egriozdins kambario, tod\u0117l puikiai tinka ma\u017eoms erdv\u0117ms. Indauja si\u016bloma pla\u010diame [\u2026]<\/p>","protected":false},"featured_media":336039,"comment_status":"open","ping_status":"closed","template":"","meta":[],"product_brand":[],"product_cat":[9879,9884,1173],"product_tag":[],"class_list":{"0":"post-335987","1":"product","2":"type-product","3":"status-publish","4":"has-post-thumbnail","6":"product_cat-krajan","7":"product_cat-wardrobes-krajan","8":"product_cat-chests-of-drawers","10":"first","11":"instock","12":"shipping-taxable","13":"purchasable","14":"product-type-variable","15":"wvs-archive-product-wrapper"},"_links":{"self":[{"href":"https:\/\/baldumarket.lt\/lt\/wp-json\/wp\/v2\/product\/335987","targetHints":{"allow":["GET"]}}],"collection":[{"href":"https:\/\/baldumarket.lt\/lt\/wp-json\/wp\/v2\/product"}],"about":[{"href":"https:\/\/baldumarket.lt\/lt\/wp-json\/wp\/v2\/types\/product"}],"replies":[{"embeddable":true,"href":"https:\/\/baldumarket.lt\/lt\/wp-json\/wp\/v2\/comments?post=335987"}],"wp:featuredmedia":[{"embeddable":true,"href":"https:\/\/baldumarket.lt\/lt\/wp-json\/wp\/v2\/media\/336039"}],"wp:attachment":[{"href":"https:\/\/baldumarket.lt\/lt\/wp-json\/wp\/v2\/media?parent=335987"}],"wp:term":[{"taxonomy":"product_brand","embeddable":true,"href":"https:\/\/baldumarket.lt\/lt\/wp-json\/wp\/v2\/product_brand?post=335987"},{"taxonomy":"product_cat","embeddable":true,"href":"https:\/\/baldumarket.lt\/lt\/wp-json\/wp\/v2\/product_cat?post=335987"},{"taxonomy":"product_tag","embeddable":true,"href":"https:\/\/baldumarket.lt\/lt\/wp-json\/wp\/v2\/product_tag?post=335987"}],"curies":[{"name":"wp","href":"https:\/\/api.w.org\/{rel}","templated":true}]}}