{"id":335975,"date":"2026-03-07T19:11:50","date_gmt":"2026-03-07T16:11:50","guid":{"rendered":"https:\/\/baldumarket.lt\/?post_type=product&#038;p=335975"},"modified":"2026-03-26T18:06:57","modified_gmt":"2026-03-26T15:06:57","slug":"malaga-180-cm","status":"publish","type":"product","link":"https:\/\/baldumarket.lt\/lt\/product\/malaga-180-cm\/","title":{"rendered":"MALAGA \u2013 180 cm"},"content":{"rendered":"<p>Moderni ir erdvi MALAGA spinta \u2013 180 cm plo\u010dio, labai madingo ir eleganti\u0161ko dizaino, su dviem stumdomomis durimis. Unikalus jos charakteris suteiks \u017eavesio bet kuriam kambariui. Pagaminta i\u0161 auk\u0161\u010diausios kokyb\u0117s med\u017eiag\u0173, ji patenkins net ir reikliausi\u0173 klient\u0173 l\u016bkes\u010dius. Stumdomos durys turi aliuminio rankenas, kad jas b\u016bt\u0173 lengva atidaryti ir u\u017edaryti. Spintos korpusas ir fasadai pagaminti i\u0161 \u0161okolado spalvos laminuotos plok\u0161t\u0117s.<br \/>\nMatmenys:<br \/>\n\u2013 plotis 180 cm \/ auk\u0161tis 200 cm \/ gylis 65 cm<br \/>\nPapildoma informacija:<br \/>\n\u2013 naudojama auk\u0161\u010diausios kokyb\u0117s stumdoma sistema,<\/p>\n<p>\u2013 viduje yra pakabinimo b\u0117geliai ir lentynos,<\/p>\n<p>\u2013 baldai yra nauji, supakuoti \u012f savaranki\u0161kai surinkamas pakuotes, su ai\u0161kiomis instrukcijomis ir priedais.<\/p>","protected":false},"excerpt":{"rendered":"<p>Moderni ir erdvi MALAGA spinta \u2013 180 cm plo\u010dio, labai madingo ir eleganti\u0161ko dizaino, su dviem stumdomomis durimis. Unikalus jos charakteris suteiks \u017eavesio bet kuriam kambariui. Pagaminta i\u0161 auk\u0161\u010diausios kokyb\u0117s med\u017eiag\u0173, ji patenkins net ir reikliausi\u0173 klient\u0173 l\u016bkes\u010dius. Stumdomose duryse yra aliuminio rankenos, kad b\u016bt\u0173 lengva [\u2026]<\/p>","protected":false},"featured_media":336018,"comment_status":"open","ping_status":"closed","template":"","meta":[],"product_brand":[],"product_cat":[9879,9884,1177],"product_tag":[],"class_list":{"0":"post-335975","1":"product","2":"type-product","3":"status-publish","4":"has-post-thumbnail","6":"product_cat-krajan","7":"product_cat-wardrobes-krajan","8":"product_cat-wardrobes","10":"first","11":"instock","12":"shipping-taxable","13":"purchasable","14":"product-type-variable","15":"wvs-archive-product-wrapper"},"_links":{"self":[{"href":"https:\/\/baldumarket.lt\/lt\/wp-json\/wp\/v2\/product\/335975","targetHints":{"allow":["GET"]}}],"collection":[{"href":"https:\/\/baldumarket.lt\/lt\/wp-json\/wp\/v2\/product"}],"about":[{"href":"https:\/\/baldumarket.lt\/lt\/wp-json\/wp\/v2\/types\/product"}],"replies":[{"embeddable":true,"href":"https:\/\/baldumarket.lt\/lt\/wp-json\/wp\/v2\/comments?post=335975"}],"wp:featuredmedia":[{"embeddable":true,"href":"https:\/\/baldumarket.lt\/lt\/wp-json\/wp\/v2\/media\/336018"}],"wp:attachment":[{"href":"https:\/\/baldumarket.lt\/lt\/wp-json\/wp\/v2\/media?parent=335975"}],"wp:term":[{"taxonomy":"product_brand","embeddable":true,"href":"https:\/\/baldumarket.lt\/lt\/wp-json\/wp\/v2\/product_brand?post=335975"},{"taxonomy":"product_cat","embeddable":true,"href":"https:\/\/baldumarket.lt\/lt\/wp-json\/wp\/v2\/product_cat?post=335975"},{"taxonomy":"product_tag","embeddable":true,"href":"https:\/\/baldumarket.lt\/lt\/wp-json\/wp\/v2\/product_tag?post=335975"}],"curies":[{"name":"wp","href":"https:\/\/api.w.org\/{rel}","templated":true}]}}