{"id":335953,"date":"2026-03-07T19:10:18","date_gmt":"2026-03-07T16:10:18","guid":{"rendered":"https:\/\/baldumarket.lt\/?post_type=product&#038;p=335953"},"modified":"2026-03-26T18:06:57","modified_gmt":"2026-03-26T15:06:57","slug":"marion-3","status":"publish","type":"product","link":"https:\/\/baldumarket.lt\/lt\/product\/marion-3\/","title":{"rendered":"Bald\u0173 sienel\u0117 MARION"},"content":{"rendered":"<p>Plotis\/Auk\u0161tis\/Gylis: 340\/200\/53 cm<br \/>\nMARION komplektas \u2013 puikus pasirinkimas tiems, kurie ie\u0161ko klasikinio stiliaus visame kame. Paprastas dizainas ir lengva prie\u017ei\u016bra patiks gerb\u0117jams. Sienin\u0117 spintel\u0117 turi daug prakti\u0161k\u0173 skyreli\u0173 daiktams susid\u0117ti, kad gal\u0117tum\u0117te i\u0161likti tvarkingi, o stiklin\u0117 vitrina leid\u017eia pabr\u0117\u017eti savo unikal\u0173 stili\u0173 stilingais aksesuarais. Baldai yra erdv\u016bs ir si\u016blomi \u012fvairi\u0173 spalv\u0173. Matmenys:<br \/>\n\u2013 plotis 340 cm \/ auk\u0161tis 200 cm \/ gylis 53 cm<br \/>\nPapildoma informacija:<br \/>\n\u2013 16 mm storio laminuota plok\u0161t\u0117, 25 mm vir\u0161us<\/p>\n<p>\u2013 vitrinose standarti\u0161kai yra laminuotos plok\u0161t\u0117s lentynos,<\/p>\n<p>\u2013 plastikin\u0117s rankenos ir kojel\u0117s u\u017etikrina patvarum\u0105 ir patogum\u0105,<\/p>\n<p>\u2013 Televizoriaus ni\u0161os plotis 86,5 cm<\/p>\n<p>\u2013 80\/200\/53 cm spinta su lentyna vir\u0161 drabu\u017ei\u0173 skersinio,<\/p>\n<p>\u2013 baldai yra nauji, supakuoti \u012f savaranki\u0161kai surinkamas pakuotes, su ai\u0161kiomis instrukcijomis ir priedais.<\/p>\n<p>\u2013 vizualizacijoje pavaizduota sienin\u0117 spintel\u0117 yra \u0161okolado spalvos<br \/>\nPASTABA!!!<\/p>\n<p>Standartin\u0117s \u201eArtisan\u201c rankenos yra juodos spalvos. Spalv\u0105 galima pakeisti \u012f auksu padengt\u0105.<\/p>\n<p>Jei nor\u0117tum\u0117te pakeisti spalv\u0105, pra\u0161ome pateikti papildomos informacijos pateikdami u\u017esakym\u0105.<\/p>","protected":false},"excerpt":{"rendered":"<p><strong><span dir=\"auto\">Matmenys:<\/span><\/strong><\/p>\n<p><span dir=\"auto\">\u2013 plotis 340 cm \/ auk\u0161tis 200 cm \/ gylis 53 cm<\/span><\/p>","protected":false},"featured_media":335995,"comment_status":"open","ping_status":"closed","template":"","meta":[],"product_brand":[],"product_cat":[9879,9880,2008],"product_tag":[],"class_list":{"0":"post-335953","1":"product","2":"type-product","3":"status-publish","4":"has-post-thumbnail","6":"product_cat-krajan","7":"product_cat-classic-furniture-krajan","8":"product_cat-wall-units","10":"first","11":"instock","12":"shipping-taxable","13":"purchasable","14":"product-type-variable","15":"wvs-archive-product-wrapper"},"_links":{"self":[{"href":"https:\/\/baldumarket.lt\/lt\/wp-json\/wp\/v2\/product\/335953","targetHints":{"allow":["GET"]}}],"collection":[{"href":"https:\/\/baldumarket.lt\/lt\/wp-json\/wp\/v2\/product"}],"about":[{"href":"https:\/\/baldumarket.lt\/lt\/wp-json\/wp\/v2\/types\/product"}],"replies":[{"embeddable":true,"href":"https:\/\/baldumarket.lt\/lt\/wp-json\/wp\/v2\/comments?post=335953"}],"wp:featuredmedia":[{"embeddable":true,"href":"https:\/\/baldumarket.lt\/lt\/wp-json\/wp\/v2\/media\/335995"}],"wp:attachment":[{"href":"https:\/\/baldumarket.lt\/lt\/wp-json\/wp\/v2\/media?parent=335953"}],"wp:term":[{"taxonomy":"product_brand","embeddable":true,"href":"https:\/\/baldumarket.lt\/lt\/wp-json\/wp\/v2\/product_brand?post=335953"},{"taxonomy":"product_cat","embeddable":true,"href":"https:\/\/baldumarket.lt\/lt\/wp-json\/wp\/v2\/product_cat?post=335953"},{"taxonomy":"product_tag","embeddable":true,"href":"https:\/\/baldumarket.lt\/lt\/wp-json\/wp\/v2\/product_tag?post=335953"}],"curies":[{"name":"wp","href":"https:\/\/api.w.org\/{rel}","templated":true}]}}