{"id":335951,"date":"2026-03-07T19:10:14","date_gmt":"2026-03-07T16:10:14","guid":{"rendered":"https:\/\/baldumarket.lt\/?post_type=product&#038;p=335951"},"modified":"2026-03-26T18:06:57","modified_gmt":"2026-03-26T15:06:57","slug":"maris","status":"publish","type":"product","link":"https:\/\/baldumarket.lt\/lt\/product\/maris\/","title":{"rendered":"Prie\u0161kambaris MARIS"},"content":{"rendered":"<p>Informacija:<br \/>\nPlotis\/Auk\u0161tis\/Gylis: 235\/201\/43,5 cm<br \/>\nKair\u0117s lentynos (pus\u0117s spintos) plotis: 60 cm \u2013 viduje i\u0161traukiamas strypas.<\/p>\n<p>Komodos plotis: 94,5 cm<\/p>\n<p>Lentynos su pakabomis plotis: 80,5 cm<br \/>\nVeidrodis su r\u0117mu: 80 \u00d7 70 cm<br \/>\nBaldai pristatomi plok\u0161\u010diose pakuot\u0117se, kurias galima surinkti savaranki\u0161kai.<\/p>\n<p>Naujas produktas, originalioje pakuot\u0117je!<\/p>\n<p>Pagaminta i\u0161 laminuotos med\u017eio dro\u017eli\u0173 plok\u0161t\u0117s.<\/p>\n<p>Priekin\u0117s dalys: lenta + lygus priekis + \u0161onin\u0117s panel\u0117s.<br \/>\nDekoratyviniai elementai ne\u012ftraukti.<\/p>\n<p>Komplekt\u0105 sudaro pagrindas be s\u0117dyn\u0117s.<\/p>","protected":false},"excerpt":{"rendered":"<p>Informacija: Plotis\/Auk\u0161tis\/Gylis: 235\/201\/43,5 cm Kair\u0117je pus\u0117je esan\u010dios lentynos (1\/2 spintos) plotis: 60 cm \u2013 viduje i\u0161traukiamas strypas. Komodos plotis: 94,5 cm Lentynos su pakabomis plotis: 80,5 cm Veidrod\u017eio su r\u0117mu dydis: 80 \u00d7 70 cm Baldai pristatomi plok\u0161\u010diose pakuot\u0117se, kad b\u016bt\u0173 galima surinkti patiems. Naujas gaminys, originalioje pakuot\u0117je! Pagaminta i\u0161 laminuotos med\u017eio dro\u017eli\u0173 plok\u0161t\u0117s. Fasadas: plok\u0161t\u0117 + lygus priekis + \u0161onin\u0117 [\u2026]<\/p>","protected":false},"featured_media":335994,"comment_status":"open","ping_status":"closed","template":"","meta":[],"product_brand":[],"product_cat":[9879,9884,1177],"product_tag":[],"class_list":{"0":"post-335951","1":"product","2":"type-product","3":"status-publish","4":"has-post-thumbnail","6":"product_cat-krajan","7":"product_cat-wardrobes-krajan","8":"product_cat-wardrobes","10":"first","11":"instock","12":"shipping-taxable","13":"purchasable","14":"product-type-variable","15":"wvs-archive-product-wrapper"},"_links":{"self":[{"href":"https:\/\/baldumarket.lt\/lt\/wp-json\/wp\/v2\/product\/335951","targetHints":{"allow":["GET"]}}],"collection":[{"href":"https:\/\/baldumarket.lt\/lt\/wp-json\/wp\/v2\/product"}],"about":[{"href":"https:\/\/baldumarket.lt\/lt\/wp-json\/wp\/v2\/types\/product"}],"replies":[{"embeddable":true,"href":"https:\/\/baldumarket.lt\/lt\/wp-json\/wp\/v2\/comments?post=335951"}],"wp:featuredmedia":[{"embeddable":true,"href":"https:\/\/baldumarket.lt\/lt\/wp-json\/wp\/v2\/media\/335994"}],"wp:attachment":[{"href":"https:\/\/baldumarket.lt\/lt\/wp-json\/wp\/v2\/media?parent=335951"}],"wp:term":[{"taxonomy":"product_brand","embeddable":true,"href":"https:\/\/baldumarket.lt\/lt\/wp-json\/wp\/v2\/product_brand?post=335951"},{"taxonomy":"product_cat","embeddable":true,"href":"https:\/\/baldumarket.lt\/lt\/wp-json\/wp\/v2\/product_cat?post=335951"},{"taxonomy":"product_tag","embeddable":true,"href":"https:\/\/baldumarket.lt\/lt\/wp-json\/wp\/v2\/product_tag?post=335951"}],"curies":[{"name":"wp","href":"https:\/\/api.w.org\/{rel}","templated":true}]}}