{"id":33595,"date":"2025-11-14T23:11:40","date_gmt":"2025-11-14T20:11:40","guid":{"rendered":"https:\/\/baldumarket.lt\/product\/loze-pointt-stelaz-met-pod-gaz-kontener-140x200\/"},"modified":"2026-03-24T16:24:19","modified_gmt":"2026-03-24T13:24:19","slug":"loze-pointt-stelaz-met-pod-gaz-kontener-140x200","status":"publish","type":"product","link":"https:\/\/baldumarket.lt\/lt\/product\/loze-pointt-stelaz-met-pod-gaz-kontener-140x200\/","title":{"rendered":"\u201ePointt\u201c lova + metalinis r\u0117mas\/dujos\/konteineris 140\u00d7200"},"content":{"rendered":"<p>\u201ePointt\u201c lova \u2013 stilingas ir modernus baldas, pagamintas i\u0161 auk\u0161tos kokyb\u0117s T2130 put\u0173, u\u017etikrinan\u010di\u0173 patvarum\u0105 ir komfort\u0105. Ji turi tvirtas juodas metalines kojeles, suteikian\u010dias jai eleganti\u0161k\u0105 ir modern\u0173 charakter\u012f, taip pat prakti\u0161k\u0105 patalyn\u0117s skyri\u0173, puikiai tinkant\u012f daiktams laikyti. Metalinis r\u0117mas u\u017etikrina stabilum\u0105, o apmu\u0161tas atlo\u0161as \u2013 i\u0161skirtin\u012f rafinuotum\u0105. Su 6 cm \u010diu\u017einio \u012fd\u0117klu, ji pasi\u017eymi minimalistiniu dizainu. \u010ciu\u017einys \u012f komplekt\u0105 ne\u012feina, tod\u0117l galite pasirinkti tobul\u0105 model\u012f pagal savo pageidavimus. Galima \u012fsigyti trij\u0173 dyd\u017ei\u0173: 140 \u00d7 200 cm, 160 \u00d7 200 cm ir 180 \u00d7 200 cm, tod\u0117l ji prisitaiko prie \u012fvairi\u0173 erdvi\u0173, tod\u0117l \u201ePointt\u201c lova yra puikus pasirinkimas bet kokiam moderniam miegamajam, derinant funkcionalum\u0105 su i\u0161skirtiniu stiliumi.<\/p>","protected":false},"excerpt":{"rendered":"<p>\u201ePointt\u201c lova \u2013 stilingas ir modernus baldas, pagamintas i\u0161 auk\u0161tos kokyb\u0117s T2130 putplas\u010dio, u\u017etikrinan\u010dio patvarum\u0105 ir komfort\u0105. Ji turi tvirtas juodas metalines kojeles, suteikian\u010dias jai eleganti\u0161k\u0105 ir modern\u0173 charakter\u012f, taip pat prakti\u0161k\u0105 patalyn\u0117s skyri\u0173, puikiai tinkant\u012f daiktams laikyti. Metalinis r\u0117mas suteikia stabilumo, o apmu\u0161tas atlo\u0161as \u2013 i\u0161skirtin\u012f [\u2026]<\/p>","protected":false},"featured_media":33596,"comment_status":"open","ping_status":"open","template":"","meta":[],"product_brand":[],"product_cat":[505,1970,2012],"product_tag":[],"class_list":{"0":"post-33595","1":"product","2":"type-product","3":"status-publish","4":"has-post-thumbnail","6":"product_cat-bedroom-beds","7":"product_cat-beds-140x200","8":"product_cat-eltap","9":"pa_frame-material-wood","10":"pa_frame-material-type-pine","11":"pa_leg-color-black","12":"pa_leg-material-metal","13":"pa_linen-box-yes","14":"pa_main-color-beige","15":"pa_main-color-blue","16":"pa_main-color-gray","17":"pa_main-color-pink","18":"pa_main-color-red","19":"pa_main-color-yellow","20":"pa_price-group-prestige","21":"pa_price-group-premium","22":"pa_seat-depth-495","23":"pa_seat-width-509","24":"pa_sleep-function-yes","25":"pa_sleeping-area-length-498","26":"pa_sleeping-area-width-510","27":"pa_style-modern","28":"pa_textile-breona-04","29":"pa_textile-breona-30","30":"pa_textile-breona-40","31":"pa_textile-breona-45","32":"pa_textile-jaffray-03","33":"pa_textile-jaffray-18","34":"pa_textile-jaffray-30","35":"pa_textile-paolli-04","36":"pa_textile-paolli-24","37":"pa_textile-paolli-40","38":"pa_upholstery-material-polyester","40":"first","41":"instock","42":"purchasable","43":"product-type-variable","44":"wvs-archive-product-wrapper"},"_links":{"self":[{"href":"https:\/\/baldumarket.lt\/lt\/wp-json\/wp\/v2\/product\/33595","targetHints":{"allow":["GET"]}}],"collection":[{"href":"https:\/\/baldumarket.lt\/lt\/wp-json\/wp\/v2\/product"}],"about":[{"href":"https:\/\/baldumarket.lt\/lt\/wp-json\/wp\/v2\/types\/product"}],"replies":[{"embeddable":true,"href":"https:\/\/baldumarket.lt\/lt\/wp-json\/wp\/v2\/comments?post=33595"}],"wp:featuredmedia":[{"embeddable":true,"href":"https:\/\/baldumarket.lt\/lt\/wp-json\/wp\/v2\/media\/33596"}],"wp:attachment":[{"href":"https:\/\/baldumarket.lt\/lt\/wp-json\/wp\/v2\/media?parent=33595"}],"wp:term":[{"taxonomy":"product_brand","embeddable":true,"href":"https:\/\/baldumarket.lt\/lt\/wp-json\/wp\/v2\/product_brand?post=33595"},{"taxonomy":"product_cat","embeddable":true,"href":"https:\/\/baldumarket.lt\/lt\/wp-json\/wp\/v2\/product_cat?post=33595"},{"taxonomy":"product_tag","embeddable":true,"href":"https:\/\/baldumarket.lt\/lt\/wp-json\/wp\/v2\/product_tag?post=33595"}],"curies":[{"name":"wp","href":"https:\/\/api.w.org\/{rel}","templated":true}]}}