{"id":335939,"date":"2026-03-07T19:09:24","date_gmt":"2026-03-07T16:09:24","guid":{"rendered":"https:\/\/baldumarket.lt\/?post_type=product&#038;p=335939"},"modified":"2026-03-26T18:06:57","modified_gmt":"2026-03-26T15:06:57","slug":"marta-lova-m3","status":"publish","type":"product","link":"https:\/\/baldumarket.lt\/lt\/product\/marta-lova-m3\/","title":{"rendered":"MARTA lova M3"},"content":{"rendered":"<p>Plotis\/Auk\u0161tis\/Gylis: 169\/90\/205 cm<\/p>\n<p>Papildoma informacija:<br \/>\n\u2013 Lova: 160 x 200 cm miegamoji dalis (\u010diu\u017einys ne\u012fskai\u010diuotas)<\/p>","protected":false},"excerpt":{"rendered":"<p>Plotis\/Auk\u0161tis\/Gylis: 169\/90\/205 cm Papildoma informacija: \u2013 Lova: 160 x 200 cm miegamoji dalis (\u010diu\u017einys ne\u012fskai\u010diuotas)<\/p>","protected":false},"featured_media":335985,"comment_status":"open","ping_status":"closed","template":"","meta":[],"product_brand":[],"product_cat":[9879,505],"product_tag":[],"class_list":{"0":"post-335939","1":"product","2":"type-product","3":"status-publish","4":"has-post-thumbnail","6":"product_cat-krajan","7":"product_cat-bedroom-beds","9":"first","10":"instock","11":"shipping-taxable","12":"purchasable","13":"product-type-variable","14":"wvs-archive-product-wrapper"},"_links":{"self":[{"href":"https:\/\/baldumarket.lt\/lt\/wp-json\/wp\/v2\/product\/335939","targetHints":{"allow":["GET"]}}],"collection":[{"href":"https:\/\/baldumarket.lt\/lt\/wp-json\/wp\/v2\/product"}],"about":[{"href":"https:\/\/baldumarket.lt\/lt\/wp-json\/wp\/v2\/types\/product"}],"replies":[{"embeddable":true,"href":"https:\/\/baldumarket.lt\/lt\/wp-json\/wp\/v2\/comments?post=335939"}],"wp:featuredmedia":[{"embeddable":true,"href":"https:\/\/baldumarket.lt\/lt\/wp-json\/wp\/v2\/media\/335985"}],"wp:attachment":[{"href":"https:\/\/baldumarket.lt\/lt\/wp-json\/wp\/v2\/media?parent=335939"}],"wp:term":[{"taxonomy":"product_brand","embeddable":true,"href":"https:\/\/baldumarket.lt\/lt\/wp-json\/wp\/v2\/product_brand?post=335939"},{"taxonomy":"product_cat","embeddable":true,"href":"https:\/\/baldumarket.lt\/lt\/wp-json\/wp\/v2\/product_cat?post=335939"},{"taxonomy":"product_tag","embeddable":true,"href":"https:\/\/baldumarket.lt\/lt\/wp-json\/wp\/v2\/product_tag?post=335939"}],"curies":[{"name":"wp","href":"https:\/\/api.w.org\/{rel}","templated":true}]}}