{"id":335935,"date":"2026-03-07T19:09:15","date_gmt":"2026-03-07T16:09:15","guid":{"rendered":"https:\/\/baldumarket.lt\/?post_type=product&#038;p=335935"},"modified":"2026-03-26T18:06:57","modified_gmt":"2026-03-26T15:06:57","slug":"marta-spinta-m1","status":"publish","type":"product","link":"https:\/\/baldumarket.lt\/lt\/product\/marta-spinta-m1\/","title":{"rendered":"MARTA spinta M1"},"content":{"rendered":"<p>Spinta MARTA \u2013 puikus pasirinkimas j\u016bs\u0173 miegamajam. Pagaminta i\u0161 auk\u0161tos kokyb\u0117s laminuotos plok\u0161t\u0117s, prakti\u0161ki stal\u010diai, lentynos ir drabu\u017ei\u0173 pakabos suteikia daug vietos daiktams susid\u0117ti. Tvirta konstrukcija garantuoja ilgaam\u017ei\u0161kum\u0105 ir u\u017etikrina, kad spinta tarnaus daugel\u012f met\u0173.<\/p>\n<p>D\u0117l savo matmen\u0173 jis si\u016blo ne\u012ftik\u0117tin\u0105 sand\u0117liavimo erdv\u0119.<\/p>\n<p>\u2013 Atidarom\u0173 drabu\u017ei\u0173 spintos<\/p>\n<p>\u2013 Baldai yra nauji, supakuoti \u012f savaranki\u0161kai surinkamas pakuotes, su ai\u0161kiomis instrukcijomis ir priedais.<\/p>\n<p>\u2013 Matmenys: 209 x 212 x 60 cm<\/p>","protected":false},"excerpt":{"rendered":"<p>Spinta MARTA \u2013 puikus pasirinkimas j\u016bs\u0173 miegamajam. Pagaminta i\u0161 auk\u0161tos kokyb\u0117s laminuotos plok\u0161t\u0117s, prakti\u0161ki stal\u010diai, lentynos ir drabu\u017ei\u0173 kabyklos suteikia daug vietos daiktams susid\u0117ti. Tvirta konstrukcija garantuoja ilgaam\u017ei\u0161kum\u0105 ir u\u017etikrina, kad spinta tarnaus ilgus metus. D\u0117l savo matmen\u0173 ji si\u016blo ne\u012ftik\u0117tin\u0105 erdv\u0119 daiktams susid\u0117ti. \u2013 Atidaroma spinta \u2013 Baldai yra [\u2026]<\/p>","protected":false},"featured_media":335974,"comment_status":"open","ping_status":"closed","template":"","meta":[],"product_brand":[],"product_cat":[9879,1177],"product_tag":[],"class_list":{"0":"post-335935","1":"product","2":"type-product","3":"status-publish","4":"has-post-thumbnail","6":"product_cat-krajan","7":"product_cat-wardrobes","9":"first","10":"instock","11":"shipping-taxable","12":"purchasable","13":"product-type-variable","14":"wvs-archive-product-wrapper"},"_links":{"self":[{"href":"https:\/\/baldumarket.lt\/lt\/wp-json\/wp\/v2\/product\/335935","targetHints":{"allow":["GET"]}}],"collection":[{"href":"https:\/\/baldumarket.lt\/lt\/wp-json\/wp\/v2\/product"}],"about":[{"href":"https:\/\/baldumarket.lt\/lt\/wp-json\/wp\/v2\/types\/product"}],"replies":[{"embeddable":true,"href":"https:\/\/baldumarket.lt\/lt\/wp-json\/wp\/v2\/comments?post=335935"}],"wp:featuredmedia":[{"embeddable":true,"href":"https:\/\/baldumarket.lt\/lt\/wp-json\/wp\/v2\/media\/335974"}],"wp:attachment":[{"href":"https:\/\/baldumarket.lt\/lt\/wp-json\/wp\/v2\/media?parent=335935"}],"wp:term":[{"taxonomy":"product_brand","embeddable":true,"href":"https:\/\/baldumarket.lt\/lt\/wp-json\/wp\/v2\/product_brand?post=335935"},{"taxonomy":"product_cat","embeddable":true,"href":"https:\/\/baldumarket.lt\/lt\/wp-json\/wp\/v2\/product_cat?post=335935"},{"taxonomy":"product_tag","embeddable":true,"href":"https:\/\/baldumarket.lt\/lt\/wp-json\/wp\/v2\/product_tag?post=335935"}],"curies":[{"name":"wp","href":"https:\/\/api.w.org\/{rel}","templated":true}]}}