{"id":335916,"date":"2026-03-07T19:07:42","date_gmt":"2026-03-07T16:07:42","guid":{"rendered":"https:\/\/baldumarket.lt\/?post_type=product&#038;p=335916"},"modified":"2026-03-26T18:06:57","modified_gmt":"2026-03-26T15:06:57","slug":"michal","status":"publish","type":"product","link":"https:\/\/baldumarket.lt\/lt\/product\/michal\/","title":{"rendered":"Bald\u0173 sienel\u0117 MICHAL"},"content":{"rendered":"<p>Plotis\/Auk\u0161tis\/Gylis: 280\/196\/53 cm<br \/>\nMICHA\u0141 jaunimo baldai \u2013 tai jaunimo bald\u0173 komplektas, sukurtas atsi\u017evelgiant \u012f paaugli\u0173 poreikius. Madingos bald\u0173 spalvos der\u0117s prie dabartini\u0173 interjero dizaino tendencij\u0173. Jaunimo baldai yra svarbus vaiko ar paauglio kambario elementas, puikiai tinkantis mokytis, poilsiui ir kasdieni\u0173 daikt\u0173 laikymui. Baldai yra erdv\u016bs ir si\u016blomi \u012fvairi\u0173 spalv\u0173. Matmenys:<\/p>\n<p>\u2013 plotis 280 cm \/ auk\u0161tis 196 cm \/ gylis 53 cm<br \/>\nPapildoma informacija:<\/p>\n<p>\u012e komplekt\u0105 \u012feina \u0161ie baldai (plotis\/auk\u0161tis):<\/p>\n<p>\u2013 90 x 196 cm \/ 53 cm dyd\u017eio spinta su erdviu stal\u010diumi ir drabu\u017ei\u0173 pakaba,<\/p>\n<p>\u2013 stalas 130 x 78 cm \/ 53 cm su i\u0161traukiama klaviat\u016bros lentyna + stalo prailginimas,<\/p>\n<p>\u2013 \u201c60\u201d lentyn\u0173 blokas su lentynomis,<\/p>\n<p>\u2013 baldai pagaminti i\u0161 16 mm storio laminuotos plok\u0161t\u0117s,<\/p>\n<p>\u2013 auk\u0161tos kokyb\u0117s plastikin\u0117s rankenos u\u017etikrina patvarum\u0105 ir naudojimo patogum\u0105.<\/p>\n<p>\u2013 baldai yra nauji, supakuoti \u012f savaranki\u0161kai surinkamas pakuotes,<\/p>\n<p>\u2013 pridedamos ai\u0161kios instrukcijos ir priedai.<\/p>","protected":false},"excerpt":{"rendered":"<p>Plotis\/Auk\u0161tis\/Gylis: 280\/196\/53 cm. MICHA\u0141 jaunimo baldai \u2013 tai jaunimo bald\u0173 komplektas, sukurtas atsi\u017evelgiant \u012f paaugli\u0173 poreikius. Madingos bald\u0173 spalvos der\u0117s prie dabartini\u0173 interjero dizaino tendencij\u0173. Jaunimo baldai yra svarbus vaiko ar paauglio kambario elementas, puikiai tinkantis mokytis, poilsiui ir kasdieni\u0173 daikt\u0173 laikymui. Baldai yra erdv\u016bs ir lengvai prieinami [\u2026]<\/p>","protected":false},"featured_media":335959,"comment_status":"open","ping_status":"closed","template":"","meta":[],"product_brand":[],"product_cat":[9881,9879,2008],"product_tag":[],"class_list":{"0":"post-335916","1":"product","2":"type-product","3":"status-publish","4":"has-post-thumbnail","6":"product_cat-furniture-for-young-people-krajan","7":"product_cat-krajan","8":"product_cat-wall-units","10":"first","11":"instock","12":"shipping-taxable","13":"purchasable","14":"product-type-variable","15":"wvs-archive-product-wrapper"},"_links":{"self":[{"href":"https:\/\/baldumarket.lt\/lt\/wp-json\/wp\/v2\/product\/335916","targetHints":{"allow":["GET"]}}],"collection":[{"href":"https:\/\/baldumarket.lt\/lt\/wp-json\/wp\/v2\/product"}],"about":[{"href":"https:\/\/baldumarket.lt\/lt\/wp-json\/wp\/v2\/types\/product"}],"replies":[{"embeddable":true,"href":"https:\/\/baldumarket.lt\/lt\/wp-json\/wp\/v2\/comments?post=335916"}],"wp:featuredmedia":[{"embeddable":true,"href":"https:\/\/baldumarket.lt\/lt\/wp-json\/wp\/v2\/media\/335959"}],"wp:attachment":[{"href":"https:\/\/baldumarket.lt\/lt\/wp-json\/wp\/v2\/media?parent=335916"}],"wp:term":[{"taxonomy":"product_brand","embeddable":true,"href":"https:\/\/baldumarket.lt\/lt\/wp-json\/wp\/v2\/product_brand?post=335916"},{"taxonomy":"product_cat","embeddable":true,"href":"https:\/\/baldumarket.lt\/lt\/wp-json\/wp\/v2\/product_cat?post=335916"},{"taxonomy":"product_tag","embeddable":true,"href":"https:\/\/baldumarket.lt\/lt\/wp-json\/wp\/v2\/product_tag?post=335916"}],"curies":[{"name":"wp","href":"https:\/\/api.w.org\/{rel}","templated":true}]}}