{"id":335914,"date":"2026-03-07T19:07:38","date_gmt":"2026-03-07T16:07:38","guid":{"rendered":"https:\/\/baldumarket.lt\/?post_type=product&#038;p=335914"},"modified":"2026-03-26T18:06:57","modified_gmt":"2026-03-26T15:06:57","slug":"mikolaj","status":"publish","type":"product","link":"https:\/\/baldumarket.lt\/lt\/product\/mikolaj\/","title":{"rendered":"Mikolajus"},"content":{"rendered":"<p>Plotis\/Auk\u0161tis\/Gylis: 415\/200\/51<br \/>\nMIKO\u0141AJ jaunimo baldai \u2013 tai jaunimo bald\u0173 komplektas, atitinkantis paaugli\u0173 poreikius. Madingos bald\u0173 spalvos der\u0117s prie dabartini\u0173 interjero dizaino tendencij\u0173. Jaunimo baldai yra svarbus vaiko ar paauglio kambario elementas, tinkantis mokytis, poilsiui ir kasdieni\u0173 daikt\u0173 laikymui. Kiekvienas komplekto elementas yra atskiras modulis, leid\u017eiantis baldus i\u0161d\u0117styti bet kokiu deriniu. Matmenys:<br \/>\n\u2013 Plotis 415 cm \/ Auk\u0161tis 200 cm \/ Gylis 51 cm<br \/>\nPapildoma informacija:<br \/>\n\u012e rinkin\u012f \u012feina:<br \/>\n\u2013 80\u00d7200 cm spinta su erdviu stal\u010diumi ir lentyna vir\u0161 drabu\u017ei\u0173 kabyklo,<\/p>\n<p>\u2013 140 \u00d7 80 cm stalas su trij\u0173 stal\u010di\u0173 bloku po stalu,<\/p>\n<p>\u2013 195 \u00d7 200 cm knyg\u0173 lentyna su erdviomis lentynomis + 140 \u00d7 200 cm lova (\u010diu\u017einys ne\u012fskai\u010diuotas),<\/p>\n<p>\u2013 Baldai pagaminti i\u0161 16 mm storio laminuotos plok\u0161t\u0117s,<\/p>\n<p>\u2013 Auk\u0161tos kokyb\u0117s plastikin\u0117s rankenos u\u017etikrina patvarum\u0105 ir patogum\u0105.<\/p>\n<p>\u2013 Baldai yra nauji, supakuoti \u012f savaranki\u0161kai surinkamas pakuotes,<\/p>\n<p>\u2013 Pridedamos ai\u0161kios instrukcijos ir priedai.<\/p>","protected":false},"excerpt":{"rendered":"<p>Plotis\/Auk\u0161tis\/Gylis: 415\/200\/51 MIKO\u0141AJ jaunimo baldai \u2013 tai jaunimo bald\u0173 komplektas, atitinkantis paaugli\u0173 poreikius. Madingos bald\u0173 spalvos der\u0117s prie dabartini\u0173 interjero dizaino tendencij\u0173. Jaunimo baldai yra svarbus vaiko ar paauglio kambario elementas, tinkantis mokytis, poilsiui ir kasdieni\u0173 daikt\u0173 laikymui. Kiekvienas komplekto elementas yra atskiras [\u2026]<\/p>","protected":false},"featured_media":335957,"comment_status":"open","ping_status":"closed","template":"","meta":[],"product_brand":[],"product_cat":[9879,9134],"product_tag":[],"class_list":{"0":"post-335914","1":"product","2":"type-product","3":"status-publish","4":"has-post-thumbnail","6":"product_cat-krajan","7":"product_cat-bedroom-sets","9":"first","10":"instock","11":"shipping-taxable","12":"purchasable","13":"product-type-variable","14":"wvs-archive-product-wrapper"},"_links":{"self":[{"href":"https:\/\/baldumarket.lt\/lt\/wp-json\/wp\/v2\/product\/335914","targetHints":{"allow":["GET"]}}],"collection":[{"href":"https:\/\/baldumarket.lt\/lt\/wp-json\/wp\/v2\/product"}],"about":[{"href":"https:\/\/baldumarket.lt\/lt\/wp-json\/wp\/v2\/types\/product"}],"replies":[{"embeddable":true,"href":"https:\/\/baldumarket.lt\/lt\/wp-json\/wp\/v2\/comments?post=335914"}],"wp:featuredmedia":[{"embeddable":true,"href":"https:\/\/baldumarket.lt\/lt\/wp-json\/wp\/v2\/media\/335957"}],"wp:attachment":[{"href":"https:\/\/baldumarket.lt\/lt\/wp-json\/wp\/v2\/media?parent=335914"}],"wp:term":[{"taxonomy":"product_brand","embeddable":true,"href":"https:\/\/baldumarket.lt\/lt\/wp-json\/wp\/v2\/product_brand?post=335914"},{"taxonomy":"product_cat","embeddable":true,"href":"https:\/\/baldumarket.lt\/lt\/wp-json\/wp\/v2\/product_cat?post=335914"},{"taxonomy":"product_tag","embeddable":true,"href":"https:\/\/baldumarket.lt\/lt\/wp-json\/wp\/v2\/product_tag?post=335914"}],"curies":[{"name":"wp","href":"https:\/\/api.w.org\/{rel}","templated":true}]}}