{"id":335912,"date":"2026-03-07T19:07:33","date_gmt":"2026-03-07T16:07:33","guid":{"rendered":"https:\/\/baldumarket.lt\/?post_type=product&#038;p=335912"},"modified":"2026-03-26T18:06:57","modified_gmt":"2026-03-26T15:06:57","slug":"mikolaj-stalas-mb-140","status":"publish","type":"product","link":"https:\/\/baldumarket.lt\/lt\/product\/mikolaj-stalas-mb-140\/","title":{"rendered":"Mikolajaus stalas MB-140"},"content":{"rendered":"<p>MB-140 stalas \u2013 puikus sprendimas tiems, kurie vertina klasikin\u0119 apdail\u0105 ir prakti\u0161kum\u0105. Baldas pagamintas i\u0161 tvirtos 16 mm storio laminuotos plok\u0161t\u0117s. D\u0117l eleganti\u0161kos formos ir modernios i\u0161vaizdos jis neu\u017ego\u0161 jokio interjero, tod\u0117l puikiai tinka net ma\u017eoms erdv\u0117ms. Galima rinktis i\u0161 daugyb\u0117s spalv\u0173. Baldas turi trij\u0173 stal\u010di\u0173 mobil\u0173 skyri\u0173, kuris \u012fstumiamas po stalu.<\/p>\n<p>Baldai pristatomi plok\u0161\u010diai supakuoti, kad b\u016bt\u0173 galima juos surinkti patiems.<\/p>\n<p>Naujas produktas, originalioje pakuot\u0117je!<\/p>\n<p>Priekin\u0117 dalis: lygus priekis.<br \/>\nMatmenys:<br \/>\n\u2013 plotis 140 cm \/ auk\u0161tis 80 cm \/ gylis 51 cm<br \/>\nPapildoma informacija:<\/p>\n<p>Galimos spalvos: Sonoma, \u0161okolado, triufeli\u0173<br \/>\nR\u0117mo apdaila: matin\u0117<br \/>\nPriekin\u0117 apdaila: matin\u0117<br \/>\nMed\u017eiaga: laminuota med\u017eio dro\u017eli\u0173 plok\u0161t\u0117<br \/>\nTipas: laisvai pastatomas<br \/>\nStilius: modernus<\/p>","protected":false},"excerpt":{"rendered":"<p>MB-140 ra\u0161omasis stalas \u2013 puikus sprendimas tiems, kurie vertina klasikin\u0119 apdail\u0105 ir prakti\u0161kum\u0105. Baldas pagamintas i\u0161 tvirtos 16 mm storio laminuotos plok\u0161t\u0117s. D\u0117l eleganti\u0161kos formos ir modernios i\u0161vaizdos jis neu\u017ego\u0161 jokio interjero, tod\u0117l puikiai tinka net ma\u017eoms erdv\u0117ms. Galima rinktis i\u0161 daugyb\u0117s spalv\u0173. Baldai [\u2026]<\/p>","protected":false},"featured_media":335956,"comment_status":"open","ping_status":"closed","template":"","meta":[],"product_brand":[],"product_cat":[9879,1312],"product_tag":[],"class_list":{"0":"post-335912","1":"product","2":"type-product","3":"status-publish","4":"has-post-thumbnail","6":"product_cat-krajan","7":"product_cat-desks","9":"first","10":"instock","11":"shipping-taxable","12":"purchasable","13":"product-type-variable","14":"wvs-archive-product-wrapper"},"_links":{"self":[{"href":"https:\/\/baldumarket.lt\/lt\/wp-json\/wp\/v2\/product\/335912","targetHints":{"allow":["GET"]}}],"collection":[{"href":"https:\/\/baldumarket.lt\/lt\/wp-json\/wp\/v2\/product"}],"about":[{"href":"https:\/\/baldumarket.lt\/lt\/wp-json\/wp\/v2\/types\/product"}],"replies":[{"embeddable":true,"href":"https:\/\/baldumarket.lt\/lt\/wp-json\/wp\/v2\/comments?post=335912"}],"wp:featuredmedia":[{"embeddable":true,"href":"https:\/\/baldumarket.lt\/lt\/wp-json\/wp\/v2\/media\/335956"}],"wp:attachment":[{"href":"https:\/\/baldumarket.lt\/lt\/wp-json\/wp\/v2\/media?parent=335912"}],"wp:term":[{"taxonomy":"product_brand","embeddable":true,"href":"https:\/\/baldumarket.lt\/lt\/wp-json\/wp\/v2\/product_brand?post=335912"},{"taxonomy":"product_cat","embeddable":true,"href":"https:\/\/baldumarket.lt\/lt\/wp-json\/wp\/v2\/product_cat?post=335912"},{"taxonomy":"product_tag","embeddable":true,"href":"https:\/\/baldumarket.lt\/lt\/wp-json\/wp\/v2\/product_tag?post=335912"}],"curies":[{"name":"wp","href":"https:\/\/api.w.org\/{rel}","templated":true}]}}