{"id":335895,"date":"2026-03-07T19:06:04","date_gmt":"2026-03-07T16:06:04","guid":{"rendered":"https:\/\/baldumarket.lt\/?post_type=product&#038;p=335895"},"modified":"2026-03-26T18:06:57","modified_gmt":"2026-03-26T15:06:57","slug":"mix","status":"publish","type":"product","link":"https:\/\/baldumarket.lt\/lt\/product\/mix\/","title":{"rendered":"MI\u0160INYS"},"content":{"rendered":"<p>Plotis\/Auk\u0161tis\/Gylis: 322\/204\/52 cm<br \/>\nMIX komplektas \u2013 tai i\u0161skirtinai patraukli, universali, moderni sienin\u0117 spintel\u0117. Puikiai suprojektuota, labai patogi ir prakti\u0161ka naudoti. Pagaminta i\u0161 auk\u0161tos kokyb\u0117s laminuotos plok\u0161t\u0117s, tarnaus ilgus metus. Baldai puikiai tinka svetain\u0117ms ir poilsio kambariams. Baldai yra \u012fvairi\u0173 spalv\u0173.<br \/>\nMatmenys:<br \/>\n\u2013 plotis 322 cm \/ auk\u0161tis 204 cm \/ gylis 52 cm<br \/>\nPapildoma informacija:<br \/>\n\u2013 16 mm storio laminuota plok\u0161t\u0117, 22 mm vir\u0161us,<\/p>\n<p>\u2013 vitrinose standarti\u0161kai yra laminuotos plok\u0161t\u0117s lentynos,<\/p>\n<p>\u2013 plastikin\u0117s rankenos ir kojel\u0117s u\u017etikrina patvarum\u0105 ir patogum\u0105,<\/p>\n<p>\u2013 Televizoriaus ni\u0161os plotis 121,6 cm,<\/p>\n<p>\u2013 baldai yra nauji, supakuoti \u012f savaranki\u0161kai surinkamas pakuotes, su ai\u0161kiomis instrukcijomis ir priedais.<\/p>\n<p>\u2013 vizualizacijoje pavaizduota sienin\u0117 spintel\u0117 yra pagaminta i\u0161 spalvos: trufel\/anderson; \/ 2 nuotrauka: trufel<\/p>","protected":false},"excerpt":{"rendered":"<p>Plotis\/Auk\u0161tis\/Gylis: 322\/204\/52 cm MIX komplektas \u2013 tai i\u0161skirtinai patraukli, universali, moderni sienin\u0117 spintel\u0117. Puikiai suprojektuota, labai patogi ir prakti\u0161ka naudoti. Pagaminta i\u0161 auk\u0161tos kokyb\u0117s laminuotos plok\u0161t\u0117s, tarnaus ilgus metus. Baldai puikiai tinka svetain\u0117ms ir poilsio kambariams. Baldai yra \u012fvairi\u0173 spalv\u0173. Matmenys: \u2013 plotis 322 [\u2026]<\/p>","protected":false},"featured_media":335942,"comment_status":"open","ping_status":"closed","template":"","meta":[],"product_brand":[],"product_cat":[9879,2008],"product_tag":[],"class_list":{"0":"post-335895","1":"product","2":"type-product","3":"status-publish","4":"has-post-thumbnail","6":"product_cat-krajan","7":"product_cat-wall-units","9":"first","10":"instock","11":"shipping-taxable","12":"purchasable","13":"product-type-variable","14":"wvs-archive-product-wrapper"},"_links":{"self":[{"href":"https:\/\/baldumarket.lt\/lt\/wp-json\/wp\/v2\/product\/335895","targetHints":{"allow":["GET"]}}],"collection":[{"href":"https:\/\/baldumarket.lt\/lt\/wp-json\/wp\/v2\/product"}],"about":[{"href":"https:\/\/baldumarket.lt\/lt\/wp-json\/wp\/v2\/types\/product"}],"replies":[{"embeddable":true,"href":"https:\/\/baldumarket.lt\/lt\/wp-json\/wp\/v2\/comments?post=335895"}],"wp:featuredmedia":[{"embeddable":true,"href":"https:\/\/baldumarket.lt\/lt\/wp-json\/wp\/v2\/media\/335942"}],"wp:attachment":[{"href":"https:\/\/baldumarket.lt\/lt\/wp-json\/wp\/v2\/media?parent=335895"}],"wp:term":[{"taxonomy":"product_brand","embeddable":true,"href":"https:\/\/baldumarket.lt\/lt\/wp-json\/wp\/v2\/product_brand?post=335895"},{"taxonomy":"product_cat","embeddable":true,"href":"https:\/\/baldumarket.lt\/lt\/wp-json\/wp\/v2\/product_cat?post=335895"},{"taxonomy":"product_tag","embeddable":true,"href":"https:\/\/baldumarket.lt\/lt\/wp-json\/wp\/v2\/product_tag?post=335895"}],"curies":[{"name":"wp","href":"https:\/\/api.w.org\/{rel}","templated":true}]}}