{"id":335889,"date":"2026-03-07T19:05:55","date_gmt":"2026-03-07T16:05:55","guid":{"rendered":"https:\/\/baldumarket.lt\/?post_type=product&#038;p=335889"},"modified":"2026-04-07T16:02:23","modified_gmt":"2026-04-07T13:02:23","slug":"nadia","status":"publish","type":"product","link":"https:\/\/baldumarket.lt\/lt\/product\/nadia\/","title":{"rendered":"NADIA"},"content":{"rendered":"<p>NADIA miegamojo komplektas<br \/>\n\u0160\u012f miegamojo bald\u0173 komplekt\u0105 sudaro lova, spinta, komoda ir naktiniai staleliai. Juos taip pat galima \u012fsigyti atskirai, tod\u0117l galite susikurti savo miegamojo bald\u0173 komplekt\u0105 pagal savo individualius pageidavimus. Jie yra patog\u016bs ir erdv\u016bs d\u0117l gerai suprojektuot\u0173 daiktad\u0117\u017ei\u0173. D\u0117l auk\u0161\u010diausios kokyb\u0117s meistri\u0161kumo jais gal\u0117site d\u017eiaugtis ilgus metus. Komplekt\u0105 sudaro:<br \/>\n\u2013 2 dur\u0173 stumdoma spinta \u2013 1 vnt. \/\/ spintos informacija \u2192 Nadia<\/p>\n<p>\u2013 lova su kop\u0117\u010di\u0173 r\u0117mu \u2013 1 vnt. (be \u010diu\u017einio)<\/p>\n<p>\u2013 komoda \u2013 1 vnt.<\/p>\n<p>\u2013 naktiniai staleliai \u2013 2 vnt.<br \/>\nMatmenys:<\/p>\n<p>plotis cm \/ auk\u0161tis cm \/ gylis cm<\/p>\n<p>\u2013 spinta: 200 x 212 x 60<\/p>\n<p>\u2013 lova: 169 x 85 x 207<\/p>\n<p>\u2013 naktiniai staleliai: 54 x 43 x 42,5 cm<\/p>\n<p>\u2013 komoda: 139 x 95 x 42,5 cm<\/p>\n<p>Papildoma informacija:<br \/>\n\u2013 lova: miegamojo plotas 160 x 200 cm (\u010diu\u017einys ne\u012fskai\u010diuotas)<\/p>\n<p>\u2013 baldai yra nauji, supakuoti \u012f savaranki\u0161kai surinkamas pakuotes, su ai\u0161kiomis instrukcijomis ir priedais.<\/p>\n<p>\u2013 miegamasis pagal vizualizacij\u0105, pagamintas triufeli\u0173\/pu\u0161\u0173 kremin\u0117s spalvos<\/p>","protected":false},"excerpt":{"rendered":"<p>NADIA miegamojo komplektas. \u0160\u012f miegamojo komplekt\u0105 sudaro lova, spinta, komoda ir naktiniai staleliai. Juos taip pat galima \u012fsigyti atskirai, tod\u0117l galite susikurti savo miegamojo bald\u0173 komplekt\u0105 pagal savo individualius pageidavimus. Jie yra patog\u016bs ir erdv\u016bs d\u0117l gerai suprojektuot\u0173 daiktad\u0117\u017ei\u0173. D\u0117l auk\u0161\u010diausios kokyb\u0117s meistri\u0161kumo galite [\u2026]<\/p>","protected":false},"featured_media":335928,"comment_status":"open","ping_status":"closed","template":"","meta":[],"product_brand":[],"product_cat":[9883,9879,9134],"product_tag":[],"class_list":{"0":"post-335889","1":"product","2":"type-product","3":"status-publish","4":"has-post-thumbnail","6":"product_cat-bedrooms-krajan","7":"product_cat-krajan","8":"product_cat-bedroom-sets","10":"first","11":"instock","12":"shipping-taxable","13":"product-type-variable","14":"wvs-archive-product-wrapper"},"_links":{"self":[{"href":"https:\/\/baldumarket.lt\/lt\/wp-json\/wp\/v2\/product\/335889","targetHints":{"allow":["GET"]}}],"collection":[{"href":"https:\/\/baldumarket.lt\/lt\/wp-json\/wp\/v2\/product"}],"about":[{"href":"https:\/\/baldumarket.lt\/lt\/wp-json\/wp\/v2\/types\/product"}],"replies":[{"embeddable":true,"href":"https:\/\/baldumarket.lt\/lt\/wp-json\/wp\/v2\/comments?post=335889"}],"wp:featuredmedia":[{"embeddable":true,"href":"https:\/\/baldumarket.lt\/lt\/wp-json\/wp\/v2\/media\/335928"}],"wp:attachment":[{"href":"https:\/\/baldumarket.lt\/lt\/wp-json\/wp\/v2\/media?parent=335889"}],"wp:term":[{"taxonomy":"product_brand","embeddable":true,"href":"https:\/\/baldumarket.lt\/lt\/wp-json\/wp\/v2\/product_brand?post=335889"},{"taxonomy":"product_cat","embeddable":true,"href":"https:\/\/baldumarket.lt\/lt\/wp-json\/wp\/v2\/product_cat?post=335889"},{"taxonomy":"product_tag","embeddable":true,"href":"https:\/\/baldumarket.lt\/lt\/wp-json\/wp\/v2\/product_tag?post=335889"}],"curies":[{"name":"wp","href":"https:\/\/api.w.org\/{rel}","templated":true}]}}