{"id":335877,"date":"2026-03-07T19:04:58","date_gmt":"2026-03-07T16:04:58","guid":{"rendered":"https:\/\/baldumarket.lt\/?post_type=product&#038;p=335877"},"modified":"2026-03-26T18:06:57","modified_gmt":"2026-03-26T15:06:57","slug":"nadia-drabuzine-n-1","status":"publish","type":"product","link":"https:\/\/baldumarket.lt\/lt\/product\/nadia-drabuzine-n-1\/","title":{"rendered":"NADIA Drabu\u017ein\u0117 N-1"},"content":{"rendered":"<p>Plotis\/Auk\u0161tis\/Gylis: 200\/212\/60 cm<br \/>\nNADIA \u2013 moderni ir erdvi spinta su stumdomomis durimis. \u0160i spinta puikiai tiks eleganti\u0161kame miegamajame, prie\u0161kambaryje ar net paauglio kambaryje. Ji pagaminta i\u0161 auk\u0161tos kokyb\u0117s laminuotos plok\u0161t\u0117s. Spintos viduje yra prakti\u0161kos lentynos, du stal\u010diai ir pakaba daiktams. Spinta yra \u012fvairi\u0173 spalv\u0173.<br \/>\nMatmenys:<br \/>\n\u2013 plotis 200 cm \/ auk\u0161tis 212 cm \/ gylis 65 cm<br \/>\nPapildoma informacija:<br \/>\n\u2013 spintos vidus: padalintas \u012f dvi dalis (kair\u0117je pus\u0117je lentynos; de\u0161in\u0117je pus\u0117je drabu\u017ei\u0173 pakaba)<br \/>\n\u2013 aliuminio \u0161oniniai profiliai<br \/>\n\u2013 MDF \u0161onin\u0117s juostel\u0117s<br \/>\n\u2013 baldai yra nauji, supakuoti \u012f savaranki\u0161kai surinkamas pakuotes, su ai\u0161kiomis instrukcijomis ir priedais.<\/p>\n<p>\u2013 vizualizacijoje pavaizduota spinta yra Sonoma\/kremin\u0117s pu\u0161ies spalvos (PASTABA!!! SPALVA NEGALIMA)<\/p>","protected":false},"excerpt":{"rendered":"<p>Plotis\/Auk\u0161tis\/Gylis: 200\/212\/60 cm NADIA \u2013 tai moderni ir erdvi stumdoma spinta. \u0160i spinta puikiai tiks eleganti\u0161kame miegamajame, prie\u0161kambaryje ar net paauglio kambaryje. Ji pagaminta i\u0161 auk\u0161tos kokyb\u0117s laminuotos plok\u0161t\u0117s. Spintos viduje yra prakti\u0161kos lentynos, du stal\u010diai ir pakaba pakabinimui. Spinta yra \u012fvairi\u0173 spalv\u0173. Matmenys: \u2013 plotis 200 [\u2026]<\/p>","protected":false},"featured_media":335256,"comment_status":"open","ping_status":"closed","template":"","meta":[],"product_brand":[],"product_cat":[9883,9879,9884,1177],"product_tag":[],"class_list":{"0":"post-335877","1":"product","2":"type-product","3":"status-publish","4":"has-post-thumbnail","6":"product_cat-bedrooms-krajan","7":"product_cat-krajan","8":"product_cat-wardrobes-krajan","9":"product_cat-wardrobes","11":"first","12":"instock","13":"shipping-taxable","14":"purchasable","15":"product-type-variable","16":"wvs-archive-product-wrapper"},"_links":{"self":[{"href":"https:\/\/baldumarket.lt\/lt\/wp-json\/wp\/v2\/product\/335877","targetHints":{"allow":["GET"]}}],"collection":[{"href":"https:\/\/baldumarket.lt\/lt\/wp-json\/wp\/v2\/product"}],"about":[{"href":"https:\/\/baldumarket.lt\/lt\/wp-json\/wp\/v2\/types\/product"}],"replies":[{"embeddable":true,"href":"https:\/\/baldumarket.lt\/lt\/wp-json\/wp\/v2\/comments?post=335877"}],"wp:featuredmedia":[{"embeddable":true,"href":"https:\/\/baldumarket.lt\/lt\/wp-json\/wp\/v2\/media\/335256"}],"wp:attachment":[{"href":"https:\/\/baldumarket.lt\/lt\/wp-json\/wp\/v2\/media?parent=335877"}],"wp:term":[{"taxonomy":"product_brand","embeddable":true,"href":"https:\/\/baldumarket.lt\/lt\/wp-json\/wp\/v2\/product_brand?post=335877"},{"taxonomy":"product_cat","embeddable":true,"href":"https:\/\/baldumarket.lt\/lt\/wp-json\/wp\/v2\/product_cat?post=335877"},{"taxonomy":"product_tag","embeddable":true,"href":"https:\/\/baldumarket.lt\/lt\/wp-json\/wp\/v2\/product_tag?post=335877"}],"curies":[{"name":"wp","href":"https:\/\/api.w.org\/{rel}","templated":true}]}}