{"id":335870,"date":"2026-03-07T19:04:14","date_gmt":"2026-03-07T16:04:14","guid":{"rendered":"https:\/\/baldumarket.lt\/?post_type=product&#038;p=335870"},"modified":"2026-03-26T18:06:57","modified_gmt":"2026-03-26T15:06:57","slug":"natasza","status":"publish","type":"product","link":"https:\/\/baldumarket.lt\/lt\/product\/natasza\/","title":{"rendered":"Prie\u0161kambaris NATASZA"},"content":{"rendered":"<p>Plotis\/Auk\u0161tis\/Gylis: 140\/200\/60 cm<br \/>\nTrij\u0173 dur\u0173 spinta NATASZA \u2013 puikus pasirinkimas j\u016bs\u0173 persirengimo kambariui, svetainei ar miegamajam. Pagaminta i\u0161 auk\u0161tos kokyb\u0117s laminuotos plok\u0161t\u0117s, prakti\u0161ki stal\u010diai, lentynos ir drabu\u017ei\u0173 pakabos suteikia daug vietos daiktams susid\u0117ti. Tvirta konstrukcija garantuoja ilgaam\u017ei\u0161kum\u0105 ir u\u017etikrina, kad spinta tarnaus daugel\u012f met\u0173.<br \/>\nMatmenys:<br \/>\n\u2013 plotis 140 cm \/ auk\u0161tis 200 cm \/ gylis 60 cm<br \/>\nPapildoma informacija:<br \/>\n\u2013 rankenos ir kojel\u0117s pagamintos i\u0161 auk\u0161tos kokyb\u0117s plastiko, u\u017etikrinan\u010dio patvarum\u0105 ir naudojimo patogum\u0105,<\/p>\n<p>\u2013 veidrodis ant vidurini\u0173 dur\u0173,<\/p>\n<p>\u2013 MDF \u0161onin\u0117s panel\u0117s,<\/p>\n<p>\u2013 baldai yra nauji, supakuoti \u012f savaranki\u0161kai surinkamas pakuotes, su ai\u0161kiomis instrukcijomis ir priedais.<\/p>\n<p>\u2013 vizualizacijoje parodyta spinta, apdailinta alksnio mediena.<\/p>","protected":false},"excerpt":{"rendered":"<p>Plotis\/Auk\u0161tis\/Gylis: 140\/200\/60 cm. Trij\u0173 dur\u0173 NATASZA spinta \u2013 puikus pasirinkimas j\u016bs\u0173 persirengimo kambariui, svetainei ar miegamajam. Pagaminta i\u0161 auk\u0161tos kokyb\u0117s laminuotos plok\u0161t\u0117s, prakti\u0161ki stal\u010diai, lentynos ir drabu\u017ei\u0173 pakabos suteikia daug vietos daiktams susid\u0117ti. Tvirta konstrukcija garantuoja ilgaam\u017ei\u0161kum\u0105 ir u\u017etikrina, kad spinta tarnaus daugel\u012f met\u0173. Matmenys: \u2013 plotis 140 cm \/ auk\u0161tis 200 [\u2026]<\/p>","protected":false},"featured_media":335907,"comment_status":"open","ping_status":"closed","template":"","meta":[],"product_brand":[],"product_cat":[9879,9884,1177],"product_tag":[],"class_list":{"0":"post-335870","1":"product","2":"type-product","3":"status-publish","4":"has-post-thumbnail","6":"product_cat-krajan","7":"product_cat-wardrobes-krajan","8":"product_cat-wardrobes","10":"first","11":"instock","12":"shipping-taxable","13":"purchasable","14":"product-type-variable","15":"wvs-archive-product-wrapper"},"_links":{"self":[{"href":"https:\/\/baldumarket.lt\/lt\/wp-json\/wp\/v2\/product\/335870","targetHints":{"allow":["GET"]}}],"collection":[{"href":"https:\/\/baldumarket.lt\/lt\/wp-json\/wp\/v2\/product"}],"about":[{"href":"https:\/\/baldumarket.lt\/lt\/wp-json\/wp\/v2\/types\/product"}],"replies":[{"embeddable":true,"href":"https:\/\/baldumarket.lt\/lt\/wp-json\/wp\/v2\/comments?post=335870"}],"wp:featuredmedia":[{"embeddable":true,"href":"https:\/\/baldumarket.lt\/lt\/wp-json\/wp\/v2\/media\/335907"}],"wp:attachment":[{"href":"https:\/\/baldumarket.lt\/lt\/wp-json\/wp\/v2\/media?parent=335870"}],"wp:term":[{"taxonomy":"product_brand","embeddable":true,"href":"https:\/\/baldumarket.lt\/lt\/wp-json\/wp\/v2\/product_brand?post=335870"},{"taxonomy":"product_cat","embeddable":true,"href":"https:\/\/baldumarket.lt\/lt\/wp-json\/wp\/v2\/product_cat?post=335870"},{"taxonomy":"product_tag","embeddable":true,"href":"https:\/\/baldumarket.lt\/lt\/wp-json\/wp\/v2\/product_tag?post=335870"}],"curies":[{"name":"wp","href":"https:\/\/api.w.org\/{rel}","templated":true}]}}