{"id":335868,"date":"2026-03-07T19:04:11","date_gmt":"2026-03-07T16:04:11","guid":{"rendered":"https:\/\/baldumarket.lt\/?post_type=product&#038;p=335868"},"modified":"2026-03-26T18:06:57","modified_gmt":"2026-03-26T15:06:57","slug":"nel","status":"publish","type":"product","link":"https:\/\/baldumarket.lt\/lt\/product\/nel\/","title":{"rendered":"Bald\u0173 sienel\u0117 NEL"},"content":{"rendered":"<p>Plotis\/Auk\u0161tis\/Gylis: 225\/45\/44 cm<br \/>\nNEL televizorius, pasi\u017eymintis moderniu charakteriu ir dizainu, puikiai tiks bet kurioje svetain\u0117je, poilsio zonoje ir kitur. Baldai pagaminti i\u0161 tvirtos 16 mm storio laminuotos plok\u0161t\u0117s. D\u0117l eleganti\u0161kos formos ir modernios i\u0161vaizdos jie neu\u017ego\u0161 interjero, tod\u0117l puikiai tiks ma\u017eoje erdv\u0117je. NEL televizorius si\u016blomas \u012fvairi\u0173 spalv\u0173.<br \/>\nBaldai nauji, supakuoti \u012f savaranki\u0161kai surinkamas pakuotes, su lengvai suprantamomis instrukcijomis ir priedais.<\/p>\n<p>Matmenys:<br \/>\n\u2013 plotis 225 cm \/ auk\u0161tis 45 cm \/ gylis 44 cm<br \/>\nPapildoma informacija:<\/p>\n<p>Galimos spalvos: matin\u0117 vienspalv\u0117 arba su blizgiu priekiu: balta arba juoda. Korpuso apdaila: matin\u0117<br \/>\nPriekin\u0117 apdaila: blizgi arba matin\u0117, priklausomai nuo pasirinktos spalvos varianto<br \/>\nMed\u017eiaga: laminuota med\u017eio dro\u017eli\u0173 plok\u0161t\u0117<br \/>\nTipas: laisvai pastatomas, montuojamas ant sienos<br \/>\nStilius: modernus<br \/>\nBlizg\u016bs fasadai galimi baltos ir juodos spalvos.<\/p>","protected":false},"excerpt":{"rendered":"<p>Plotis\/Auk\u0161tis\/Gylis: 225\/45\/44 cm. NEL televizorius, pasi\u017eymintis moderniu charakteriu ir dizainu, puikiai tiks bet kurioje svetain\u0117je, poilsio zonoje ir kitur. Baldai pagaminti i\u0161 tvirtos 16 mm storio laminuotos plok\u0161t\u0117s. D\u0117l eleganti\u0161kos formos ir modernios i\u0161vaizdos jie neu\u017ego\u0161 interjero, tod\u0117l puikiai papildys [\u2026]<\/p>","protected":false},"featured_media":335906,"comment_status":"open","ping_status":"closed","template":"","meta":[],"product_brand":[],"product_cat":[9879,9885,2008],"product_tag":[],"class_list":{"0":"post-335868","1":"product","2":"type-product","3":"status-publish","4":"has-post-thumbnail","6":"product_cat-krajan","7":"product_cat-rtv-krajan","8":"product_cat-wall-units","10":"first","11":"instock","12":"shipping-taxable","13":"purchasable","14":"product-type-variable","15":"wvs-archive-product-wrapper"},"_links":{"self":[{"href":"https:\/\/baldumarket.lt\/lt\/wp-json\/wp\/v2\/product\/335868","targetHints":{"allow":["GET"]}}],"collection":[{"href":"https:\/\/baldumarket.lt\/lt\/wp-json\/wp\/v2\/product"}],"about":[{"href":"https:\/\/baldumarket.lt\/lt\/wp-json\/wp\/v2\/types\/product"}],"replies":[{"embeddable":true,"href":"https:\/\/baldumarket.lt\/lt\/wp-json\/wp\/v2\/comments?post=335868"}],"wp:featuredmedia":[{"embeddable":true,"href":"https:\/\/baldumarket.lt\/lt\/wp-json\/wp\/v2\/media\/335906"}],"wp:attachment":[{"href":"https:\/\/baldumarket.lt\/lt\/wp-json\/wp\/v2\/media?parent=335868"}],"wp:term":[{"taxonomy":"product_brand","embeddable":true,"href":"https:\/\/baldumarket.lt\/lt\/wp-json\/wp\/v2\/product_brand?post=335868"},{"taxonomy":"product_cat","embeddable":true,"href":"https:\/\/baldumarket.lt\/lt\/wp-json\/wp\/v2\/product_cat?post=335868"},{"taxonomy":"product_tag","embeddable":true,"href":"https:\/\/baldumarket.lt\/lt\/wp-json\/wp\/v2\/product_tag?post=335868"}],"curies":[{"name":"wp","href":"https:\/\/api.w.org\/{rel}","templated":true}]}}