{"id":335806,"date":"2026-03-07T18:58:58","date_gmt":"2026-03-07T15:58:58","guid":{"rendered":"https:\/\/baldumarket.lt\/?post_type=product&#038;p=335806"},"modified":"2026-03-26T18:06:57","modified_gmt":"2026-03-26T15:06:57","slug":"nik-i","status":"publish","type":"product","link":"https:\/\/baldumarket.lt\/lt\/product\/nik-i\/","title":{"rendered":"Bald\u0173 sienel\u0117 NIK I"},"content":{"rendered":"<p>Televizorius yra ma\u017eas, bet labai reikalingas baldas. Jis naudingas tiek ma\u017eose, tiek didel\u0117se svetain\u0117se. Jis atlieka ir praktin\u0119, ir estetin\u0119 funkcij\u0105, tarnauja kaip gra\u017eus dekoratyvinis elementas. Ant jo taip pat galite pastatyti bet kokio dyd\u017eio televizori\u0173. Tuo tarpu pakabinamose spintel\u0117se galima laikyti smulkius daiktus, tokius kaip stiklin\u0117s, fig\u016br\u0117l\u0117s ar knygos. Dar vienas negin\u010dijamas sistemos privalumas \u2013 juodos kojel\u0117s, kurios palengvina valym\u0105 ir suteikia baldams lengvumo.<\/p>","protected":false},"excerpt":{"rendered":"<p>Televizorius yra ma\u017eas, bet labai reikalingas baldas. Jis naudingas tiek ma\u017eose, tiek didel\u0117se svetain\u0117se. Jis atlieka ir praktin\u0119, ir estetin\u0119 funkcij\u0105, yra gra\u017eus dekoratyvinis elementas. Ant jo taip pat galite pastatyti bet kokio dyd\u017eio televizori\u0173. Tuo tarpu pakabinamos spintel\u0117s gali sutalpinti ma\u017eus [\u2026]<\/p>","protected":false},"featured_media":335851,"comment_status":"open","ping_status":"closed","template":"","meta":[],"product_brand":[],"product_cat":[9879,9880,2008],"product_tag":[],"class_list":{"0":"post-335806","1":"product","2":"type-product","3":"status-publish","4":"has-post-thumbnail","6":"product_cat-krajan","7":"product_cat-classic-furniture-krajan","8":"product_cat-wall-units","10":"first","11":"instock","12":"shipping-taxable","13":"purchasable","14":"product-type-variable","15":"wvs-archive-product-wrapper"},"_links":{"self":[{"href":"https:\/\/baldumarket.lt\/lt\/wp-json\/wp\/v2\/product\/335806","targetHints":{"allow":["GET"]}}],"collection":[{"href":"https:\/\/baldumarket.lt\/lt\/wp-json\/wp\/v2\/product"}],"about":[{"href":"https:\/\/baldumarket.lt\/lt\/wp-json\/wp\/v2\/types\/product"}],"replies":[{"embeddable":true,"href":"https:\/\/baldumarket.lt\/lt\/wp-json\/wp\/v2\/comments?post=335806"}],"wp:featuredmedia":[{"embeddable":true,"href":"https:\/\/baldumarket.lt\/lt\/wp-json\/wp\/v2\/media\/335851"}],"wp:attachment":[{"href":"https:\/\/baldumarket.lt\/lt\/wp-json\/wp\/v2\/media?parent=335806"}],"wp:term":[{"taxonomy":"product_brand","embeddable":true,"href":"https:\/\/baldumarket.lt\/lt\/wp-json\/wp\/v2\/product_brand?post=335806"},{"taxonomy":"product_cat","embeddable":true,"href":"https:\/\/baldumarket.lt\/lt\/wp-json\/wp\/v2\/product_cat?post=335806"},{"taxonomy":"product_tag","embeddable":true,"href":"https:\/\/baldumarket.lt\/lt\/wp-json\/wp\/v2\/product_tag?post=335806"}],"curies":[{"name":"wp","href":"https:\/\/api.w.org\/{rel}","templated":true}]}}