{"id":335786,"date":"2026-03-07T18:57:16","date_gmt":"2026-03-07T15:57:16","guid":{"rendered":"https:\/\/baldumarket.lt\/?post_type=product&#038;p=335786"},"modified":"2026-03-26T18:06:57","modified_gmt":"2026-03-26T15:06:57","slug":"nikol","status":"publish","type":"product","link":"https:\/\/baldumarket.lt\/lt\/product\/nikol\/","title":{"rendered":"Bald\u0173 sienel\u0117 NIKOL"},"content":{"rendered":"<p>Plotis\/Auk\u0161tis\/Gylis: 300\/xx\/42 cm<br \/>\n\u201eNikol\u201c \u2013 tai labai moderni ir eleganti\u0161ka bald\u0173 sistema, galinti apstatyti bet kok\u012f but\u0105. Paprastas prie sienos tvirtinam\u0173 spinteli\u0173 dizainas, si\u016blomas \u012fvairi\u0173 spalv\u0173, leid\u017eia laisvai apstatyti but\u0105, atkreipiant d\u0117mes\u012f \u012f detales. Platus spalv\u0173 pasirinkimas leid\u017eia priderinti spinteles prie sien\u0173 pagal savo ir nam\u0173 \u016bkio skon\u012f. Matmenys:<br \/>\n\u2013 Plotis 300 cm \/ Auk\u0161tis XX cm \/ Gylis 42 cm<br \/>\nPapildoma informacija:<br \/>\n\u2013 Komplekt\u0105 sudaro 5 dalys + dvi atviros lentynos<\/p>\n<p>\u2013 Apatini\u0173 spinteli\u0173 auk\u0161tis: 120\u2013120\u201360 cm \/\/ Auk\u0161tis 35 cm<\/p>\n<p>\u2013 Vir\u0161utin\u0117s spintel\u0117s: 50\u201350 cm \/\/ Auk\u0161tis 100 cm<\/p>\n<p>\u2013 2 atviros lentynos: 150\u2013130 cm<\/p>\n<p>\u2013 Galima rinktis priekin\u0117s dalies spalvas, matin\u0117s ir blizgios apdailos<\/p>\n<p>\u2013 Baldai nauji, supakuoti \u012f savaranki\u0161kai surinkamas pakuotes, su ai\u0161kiomis instrukcijomis ir priedais.<\/p>\n<p>\u2013 Vizualizacijoje pavaizduota sienin\u0117 spintel\u0117 yra Anderson \/ blizgios juodos spalvos<\/p>","protected":false},"excerpt":{"rendered":"<p><strong><span dir=\"auto\">Matmenys:<\/span><\/strong><\/p>\n<p><span dir=\"auto\"><span class=\"\" dir=\"auto\">\u2013 plotis 300 cm \/ auk\u0161tis XX cm \/ gylis 42 cm<\/span><\/span><\/p>","protected":false},"featured_media":335830,"comment_status":"open","ping_status":"closed","template":"","meta":[],"product_brand":[],"product_cat":[9879,9880,2008],"product_tag":[],"class_list":{"0":"post-335786","1":"product","2":"type-product","3":"status-publish","4":"has-post-thumbnail","6":"product_cat-krajan","7":"product_cat-classic-furniture-krajan","8":"product_cat-wall-units","10":"first","11":"instock","12":"shipping-taxable","13":"purchasable","14":"product-type-variable","15":"wvs-archive-product-wrapper"},"_links":{"self":[{"href":"https:\/\/baldumarket.lt\/lt\/wp-json\/wp\/v2\/product\/335786","targetHints":{"allow":["GET"]}}],"collection":[{"href":"https:\/\/baldumarket.lt\/lt\/wp-json\/wp\/v2\/product"}],"about":[{"href":"https:\/\/baldumarket.lt\/lt\/wp-json\/wp\/v2\/types\/product"}],"replies":[{"embeddable":true,"href":"https:\/\/baldumarket.lt\/lt\/wp-json\/wp\/v2\/comments?post=335786"}],"wp:featuredmedia":[{"embeddable":true,"href":"https:\/\/baldumarket.lt\/lt\/wp-json\/wp\/v2\/media\/335830"}],"wp:attachment":[{"href":"https:\/\/baldumarket.lt\/lt\/wp-json\/wp\/v2\/media?parent=335786"}],"wp:term":[{"taxonomy":"product_brand","embeddable":true,"href":"https:\/\/baldumarket.lt\/lt\/wp-json\/wp\/v2\/product_brand?post=335786"},{"taxonomy":"product_cat","embeddable":true,"href":"https:\/\/baldumarket.lt\/lt\/wp-json\/wp\/v2\/product_cat?post=335786"},{"taxonomy":"product_tag","embeddable":true,"href":"https:\/\/baldumarket.lt\/lt\/wp-json\/wp\/v2\/product_tag?post=335786"}],"curies":[{"name":"wp","href":"https:\/\/api.w.org\/{rel}","templated":true}]}}