{"id":335782,"date":"2026-03-07T18:57:03","date_gmt":"2026-03-07T15:57:03","guid":{"rendered":"https:\/\/baldumarket.lt\/?post_type=product&#038;p=335782"},"modified":"2026-03-26T18:06:57","modified_gmt":"2026-03-26T15:06:57","slug":"nomi","status":"publish","type":"product","link":"https:\/\/baldumarket.lt\/lt\/product\/nomi\/","title":{"rendered":"NOMI"},"content":{"rendered":"<p>Plotis\/Auk\u0161tis\/Gylis: 200\/200\/65 cm<br \/>\nNOMI veidrodin\u0117 spinta yra moderni ir erdvi stumdom\u0173 ...<br \/>\nMatmenys:<br \/>\n\u2013 plotis 200 cm \/ auk\u0161tis 200 cm \/ gylis 65 cm<br \/>\nPapildoma informacija:<br \/>\n\u2013 spintos vidus: padalintas \u012f dvi dalis (kair\u0117je pus\u0117je lentynos; de\u0161in\u0117je pus\u0117je drabu\u017ei\u0173 pakaba)<br \/>\n\u2013 aliuminio \u0161oniniai profiliai,<br \/>\n\u2013 MDF \u0161onin\u0117s juostel\u0117s,<br \/>\n\u2013 baldai yra nauji, supakuoti \u012f savaranki\u0161kai surinkamas pakuotes, su ai\u0161kiomis instrukcijomis ir priedais.<\/p>\n<p>\u2013 vizualizacijoje pavaizduota spinta, kurios spalva: \u0161okoladin\u0117 ruda su \u201eSonoma\u201c \u012fd\u0117klais<\/p>","protected":false},"excerpt":{"rendered":"<p>Plotis\/Auk\u0161tis\/Gylis: 200\/200\/65 cm. NOMI veidrodin\u0117 spinta yra moderni ir erdvi stumdom\u0173 stumdom\u0173 lang\u0173 spinta. \u0160i spinta puikiai tiks eleganti\u0161kame miegamajame, prie\u0161kambaryje ar net paauglio kambaryje. Ji pagaminta i\u0161 auk\u0161tos kokyb\u0117s laminuotos plok\u0161t\u0117s. Spintos viduje yra prakti\u0161kos lentynos, du stal\u010diai ir pakabos. Galima rinktis i\u0161 \u012fvairi\u0173 spalv\u0173. Matmenys: \u2013 plotis 200 cm [\u2026]<\/p>","protected":false},"featured_media":335828,"comment_status":"open","ping_status":"closed","template":"","meta":[],"product_brand":[],"product_cat":[9879,1177],"product_tag":[],"class_list":{"0":"post-335782","1":"product","2":"type-product","3":"status-publish","4":"has-post-thumbnail","6":"product_cat-krajan","7":"product_cat-wardrobes","9":"first","10":"instock","11":"shipping-taxable","12":"purchasable","13":"product-type-variable","14":"wvs-archive-product-wrapper"},"_links":{"self":[{"href":"https:\/\/baldumarket.lt\/lt\/wp-json\/wp\/v2\/product\/335782","targetHints":{"allow":["GET"]}}],"collection":[{"href":"https:\/\/baldumarket.lt\/lt\/wp-json\/wp\/v2\/product"}],"about":[{"href":"https:\/\/baldumarket.lt\/lt\/wp-json\/wp\/v2\/types\/product"}],"replies":[{"embeddable":true,"href":"https:\/\/baldumarket.lt\/lt\/wp-json\/wp\/v2\/comments?post=335782"}],"wp:featuredmedia":[{"embeddable":true,"href":"https:\/\/baldumarket.lt\/lt\/wp-json\/wp\/v2\/media\/335828"}],"wp:attachment":[{"href":"https:\/\/baldumarket.lt\/lt\/wp-json\/wp\/v2\/media?parent=335782"}],"wp:term":[{"taxonomy":"product_brand","embeddable":true,"href":"https:\/\/baldumarket.lt\/lt\/wp-json\/wp\/v2\/product_brand?post=335782"},{"taxonomy":"product_cat","embeddable":true,"href":"https:\/\/baldumarket.lt\/lt\/wp-json\/wp\/v2\/product_cat?post=335782"},{"taxonomy":"product_tag","embeddable":true,"href":"https:\/\/baldumarket.lt\/lt\/wp-json\/wp\/v2\/product_tag?post=335782"}],"curies":[{"name":"wp","href":"https:\/\/api.w.org\/{rel}","templated":true}]}}