{"id":335779,"date":"2026-03-07T18:56:13","date_gmt":"2026-03-07T15:56:13","guid":{"rendered":"https:\/\/baldumarket.lt\/?post_type=product&#038;p=335779"},"modified":"2026-03-26T18:06:57","modified_gmt":"2026-03-26T15:06:57","slug":"ola-26-m","status":"publish","type":"product","link":"https:\/\/baldumarket.lt\/lt\/product\/ola-26-m\/","title":{"rendered":"OLA 2,6 m"},"content":{"rendered":"<p>Plotis \u2013 260 cm<br \/>\nOLA virtuv\u0117 \u2013 tai paprastas, eleganti\u0161kas ir modernus virtuv\u0117s spinteli\u0173 komplektas, pagamintas labai populiariu stiliumi. \u0160\u012f komplekt\u0105 sudaro 8 atskiros spintel\u0117s, kurias galima laisvai konfig\u016bruoti, u\u017etikrinant maksimal\u0173 naudojimo patogum\u0105 ir i\u0161d\u0117stymo laisv\u0119. Virtuv\u0117s komplekte yra stalvir\u0161is.<\/p>\n<p>Baldai nauji, supakuoti \u012f surinkimo pakuotes, su ai\u0161kiomis instrukcijomis ir priedais. Vir\u0161utin\u0117s spintel\u0117s: -80-50-80-50<\/p>\n<p>Apatin\u0117s spintel\u0117s: 80-50-80-50<\/p>\n<p>Stalvir\u0161is: 2,6 m<br \/>\nMatmenys:<br \/>\n\u2013 Vir\u0161utin\u0117s spintel\u0117s: plotis 260 cm \/ auk\u0161tis 72 cm \/ gylis 30 cm<\/p>\n<p>\u2013 Apatin\u0117s spintel\u0117s: plotis 260 cm \/ auk\u0161tis 82 cm \/ gylis 47 cm<br \/>\nPapildoma informacija:<\/p>\n<p>Pjaustomas stalvir\u0161is \u2013 50-80-50-80 PLN<br \/>\nGalimyb\u0117 u\u017esisakyti piln\u0105 stalvir\u0161\u012f<br \/>\nStalvir\u0161io spalva: \u0161viesus marmuras, 28 mm storio<br \/>\nKorpusas ir priekin\u0117 dalis pagaminti i\u0161 \u201c16\u201d laminuotos plok\u0161t\u0117s<br \/>\nReguliuojami vyriai<br \/>\nMetaliniai stal\u010di\u0173 b\u0117geliai ir \u0161onai: METABOX<br \/>\nVir\u0161utin\u0117s spintel\u0117s tvirtinamos ant reguliuojam\u0173 pakab\u0173 (pridedami ta\u0161kiniai tvirtinimo b\u0117geliai)<br \/>\nTvirtos plastikin\u0117s kojel\u0117s u\u017etikrina stabilum\u0105 ir ilgaam\u017ei\u0161kum\u0105<br \/>\nFasad\u0173 spalvos, i\u0161 kuri\u0173 galima rinktis.<br \/>\nParuo\u0161t\u0173 komplekt\u0173 virtuv\u0117s spinteli\u0173 matmenys yra standartiniai. Apatini\u0173 spinteli\u0173 auk\u0161tis yra 82 cm, o stalvir\u0161io storis \u2013 28 mm \u2013 ma\u017edaug 85 cm.<\/p>\n<p>Vizualizacijoje pavaizduota virtuv\u0117 yra apdailinta balta korpuso \/ \u201eartisan\u201c fasado spalva.<br \/>\nVisi nuotraukose parodyti priedai, tokie kaip buitin\u0117 technika, sienin\u0117 panel\u0117, gartraukiai, i\u0161traukimo gaubtai ir dekoratyviniai elementai, \u012f komplekt\u0105 ne\u012feina.<\/p>","protected":false},"excerpt":{"rendered":"<p>Plotis \u2013 260 cm. OLA virtuv\u0117s spinteli\u0173 komplektas \u2013 tai paprastas, eleganti\u0161kas ir modernus virtuv\u0117s spinteli\u0173 komplektas, pagamintas labai populiariu stiliumi. \u0160\u012f komplekt\u0105 sudaro 8 atskiros spintel\u0117s, kurias galima laisvai konfig\u016bruoti, u\u017etikrinant maksimal\u0173 naudojimo patogum\u0105 ir i\u0161d\u0117stymo laisv\u0119. Virtuv\u0117s komplekte yra stalvir\u0161is. Baldai yra nauji, supakuoti \u012f savaranki\u0161kai surinkamas pakuotes, su [\u2026]<\/p>","protected":false},"featured_media":335821,"comment_status":"open","ping_status":"closed","template":"","meta":[],"product_brand":[],"product_cat":[9879,1932],"product_tag":[],"class_list":{"0":"post-335779","1":"product","2":"type-product","3":"status-publish","4":"has-post-thumbnail","6":"product_cat-krajan","7":"product_cat-kitchen-sets","9":"first","10":"instock","11":"shipping-taxable","12":"purchasable","13":"product-type-variable","14":"wvs-archive-product-wrapper"},"_links":{"self":[{"href":"https:\/\/baldumarket.lt\/lt\/wp-json\/wp\/v2\/product\/335779","targetHints":{"allow":["GET"]}}],"collection":[{"href":"https:\/\/baldumarket.lt\/lt\/wp-json\/wp\/v2\/product"}],"about":[{"href":"https:\/\/baldumarket.lt\/lt\/wp-json\/wp\/v2\/types\/product"}],"replies":[{"embeddable":true,"href":"https:\/\/baldumarket.lt\/lt\/wp-json\/wp\/v2\/comments?post=335779"}],"wp:featuredmedia":[{"embeddable":true,"href":"https:\/\/baldumarket.lt\/lt\/wp-json\/wp\/v2\/media\/335821"}],"wp:attachment":[{"href":"https:\/\/baldumarket.lt\/lt\/wp-json\/wp\/v2\/media?parent=335779"}],"wp:term":[{"taxonomy":"product_brand","embeddable":true,"href":"https:\/\/baldumarket.lt\/lt\/wp-json\/wp\/v2\/product_brand?post=335779"},{"taxonomy":"product_cat","embeddable":true,"href":"https:\/\/baldumarket.lt\/lt\/wp-json\/wp\/v2\/product_cat?post=335779"},{"taxonomy":"product_tag","embeddable":true,"href":"https:\/\/baldumarket.lt\/lt\/wp-json\/wp\/v2\/product_tag?post=335779"}],"curies":[{"name":"wp","href":"https:\/\/api.w.org\/{rel}","templated":true}]}}