{"id":335728,"date":"2026-03-07T18:52:16","date_gmt":"2026-03-07T15:52:16","guid":{"rendered":"https:\/\/baldumarket.lt\/?post_type=product&#038;p=335728"},"modified":"2026-03-26T18:06:57","modified_gmt":"2026-03-26T15:06:57","slug":"orion","status":"publish","type":"product","link":"https:\/\/baldumarket.lt\/lt\/product\/orion\/","title":{"rendered":"Prie\u0161kambaris ORION"},"content":{"rendered":"<p>Plotis\/Auk\u0161tis\/Gylis: 180\/212\/53 cm<br \/>\nORION 4 dur\u0173 spinta \u2013 puikus pasirinkimas j\u016bs\u0173 persirengimo kambariui, svetainei ar miegamajam. Pagaminta i\u0161 auk\u0161tos kokyb\u0117s laminuotos plok\u0161t\u0117s, prakti\u0161ki stal\u010diai, lentynos ir drabu\u017ei\u0173 pakabos suteikia daug vietos daiktams susid\u0117ti. Tvirta konstrukcija garantuoja ilgaam\u017ei\u0161kum\u0105 ir u\u017etikrina, kad spinta tarnaus ilgus metus.<\/p>\n<p>Moderni ORION spinta i\u0161siskiria i\u0161 kit\u0173 spint\u0173 \u012fdomiu spalv\u0173 deriniu ir nesenstan\u010diu dizainu. Jos matmenys suteikia ne\u012ftik\u0117tinai daug vietos daiktams susid\u0117ti. Matmenys:<br \/>\n\u2013 Plotis 180 cm \/ Auk\u0161tis 212 cm \/ Gylis 53 cm<br \/>\nPapildoma informacija:<\/p>\n<p>\u2013 Dur\u0173 skai\u010dius: 4<\/p>\n<p>\u2013 Stal\u010di\u0173 skai\u010dius: 2<\/p>\n<p>\u2013 Kra\u0161tai: kruop\u0161\u010diai apdirbti patvariu ir atspariu pa\u017eeidimams PVC luk\u0161tu,<\/p>\n<p>\u2013 Med\u017eiaga: 16 mm storio laminuota plok\u0161t\u0117,<\/p>\n<p>\u2013 2 veidrod\u0117liai ant vidurini\u0173 dur\u0173,<\/p>\n<p>\u2013 Rankenos pagamintos i\u0161 auk\u0161tos kokyb\u0117s plastiko, u\u017etikrinan\u010dio patvarum\u0105 ir naudojimo patogum\u0105,<\/p>\n<p>\u2013 Baldai nauji, supakuoti \u012f savaranki\u0161kai surinkamas pakuotes, su ai\u0161kiomis instrukcijomis ir priedais.<\/p>\n<p>\u2013 Vizualizacijoje pavaizduota spinta yra Sonoma\/Chocolate spalvos.<\/p>","protected":false},"excerpt":{"rendered":"<p>Plotis\/Auk\u0161tis\/Gylis: 180\/212\/53 cm. ORION 4 dur\u0173 spinta \u2013 puikus pasirinkimas j\u016bs\u0173 persirengimo kambariui, svetainei ar miegamajam. Pagaminta i\u0161 auk\u0161tos kokyb\u0117s laminuotos plok\u0161t\u0117s, prakti\u0161ki stal\u010diai, lentynos ir drabu\u017ei\u0173 pakabos suteikia daug vietos daiktams susid\u0117ti. Tvirta konstrukcija garantuoja ilgaam\u017ei\u0161kum\u0105 ir u\u017etikrina, kad spinta tarnaus ilgus metus. Moderni ORION spinta i\u0161siskiria i\u0161 kit\u0173 spint\u0173 [\u2026]<\/p>","protected":false},"featured_media":335759,"comment_status":"open","ping_status":"closed","template":"","meta":[],"product_brand":[],"product_cat":[9879,9884,1177],"product_tag":[],"class_list":{"0":"post-335728","1":"product","2":"type-product","3":"status-publish","4":"has-post-thumbnail","6":"product_cat-krajan","7":"product_cat-wardrobes-krajan","8":"product_cat-wardrobes","10":"first","11":"instock","12":"shipping-taxable","13":"purchasable","14":"product-type-variable","15":"wvs-archive-product-wrapper"},"_links":{"self":[{"href":"https:\/\/baldumarket.lt\/lt\/wp-json\/wp\/v2\/product\/335728","targetHints":{"allow":["GET"]}}],"collection":[{"href":"https:\/\/baldumarket.lt\/lt\/wp-json\/wp\/v2\/product"}],"about":[{"href":"https:\/\/baldumarket.lt\/lt\/wp-json\/wp\/v2\/types\/product"}],"replies":[{"embeddable":true,"href":"https:\/\/baldumarket.lt\/lt\/wp-json\/wp\/v2\/comments?post=335728"}],"wp:featuredmedia":[{"embeddable":true,"href":"https:\/\/baldumarket.lt\/lt\/wp-json\/wp\/v2\/media\/335759"}],"wp:attachment":[{"href":"https:\/\/baldumarket.lt\/lt\/wp-json\/wp\/v2\/media?parent=335728"}],"wp:term":[{"taxonomy":"product_brand","embeddable":true,"href":"https:\/\/baldumarket.lt\/lt\/wp-json\/wp\/v2\/product_brand?post=335728"},{"taxonomy":"product_cat","embeddable":true,"href":"https:\/\/baldumarket.lt\/lt\/wp-json\/wp\/v2\/product_cat?post=335728"},{"taxonomy":"product_tag","embeddable":true,"href":"https:\/\/baldumarket.lt\/lt\/wp-json\/wp\/v2\/product_tag?post=335728"}],"curies":[{"name":"wp","href":"https:\/\/api.w.org\/{rel}","templated":true}]}}