{"id":335680,"date":"2026-03-07T18:48:46","date_gmt":"2026-03-07T15:48:46","guid":{"rendered":"https:\/\/baldumarket.lt\/?post_type=product&#038;p=335680"},"modified":"2026-03-26T18:06:57","modified_gmt":"2026-03-26T15:06:57","slug":"paulo","status":"publish","type":"product","link":"https:\/\/baldumarket.lt\/lt\/product\/paulo\/","title":{"rendered":"Bald\u0173 sienel\u0117 PAULO"},"content":{"rendered":"<p>Plotis\/Auk\u0161tis\/Gylis: 245\/201\/53<\/p>\n<p>PAULO jaunimo baldai puikiai papildys bet kur\u012f paauglio ar vaiko kambar\u012f. Unikalus dizainas suteiks stiliaus ir pabr\u0117\u0161 jaunatvi\u0161k\u0105 kambario charakter\u012f. Tai puikus sprendimas visiems, kurie vertina funkcionalum\u0105 savo vaik\u0173 erdv\u0117je. Baldai yra erdv\u016bs ir si\u016blomi \u012fvairi\u0173 spalv\u0173. Matmenys:<\/p>\n<p>\u2013 Plotis 245 cm \/ Auk\u0161tis 201 cm \/ Gylis 53 cm<br \/>\nPapildoma informacija:<\/p>\n<p>\u012e komplekt\u0105 \u012feina \u0161ie baldai (plotis\/auk\u0161tis):<\/p>\n<p>\u2013 Spinta 80 x 201\/53 cm su dviem erdviais stal\u010diais ir drabu\u017ei\u0173 pakaba,<\/p>\n<p>\u2013 Stalas 120 x 78\/53 cm su i\u0161traukiama lentyna klaviat\u016brai ir stalo prailginimu,<\/p>\n<p>\u2013 Lentyna 45 x 201 cm su vidin\u0117mis lentynomis ir dviem stal\u010diais,<\/p>\n<p>\u2013 Baldai pagaminti i\u0161 16 mm storio laminuotos plok\u0161t\u0117s,<\/p>\n<p>\u2013 Auk\u0161tos kokyb\u0117s plastikin\u0117s rankenos u\u017etikrina patvarum\u0105 ir patogum\u0105.<\/p>\n<p>\u2013 Baldai yra nauji, supakuoti \u012f savaranki\u0161kai surinkamas pakuotes,<\/p>\n<p>\u2013 Pridedamos ai\u0161kios instrukcijos ir priedai.<\/p>","protected":false},"excerpt":{"rendered":"<p>Width\/Height\/Depth: 245\/201\/53 PAULO youth furniture is the perfect complement to any teenager&#8217;s or child&#8217;s room. Its unique design will add style and emphasize the youthful character of the room. It&#8217;s a perfect solution for anyone who values \u200b\u200bfunctionality in their children&#8217;s space. The furniture is spacious and available in a variety of colors. Dimensions: \u2013 [&hellip;]<\/p>","protected":false},"featured_media":335720,"comment_status":"open","ping_status":"closed","template":"","meta":[],"product_brand":[],"product_cat":[9881,9879,2008],"product_tag":[],"class_list":{"0":"post-335680","1":"product","2":"type-product","3":"status-publish","4":"has-post-thumbnail","6":"product_cat-furniture-for-young-people-krajan","7":"product_cat-krajan","8":"product_cat-wall-units","10":"first","11":"instock","12":"shipping-taxable","13":"purchasable","14":"product-type-variable","15":"wvs-archive-product-wrapper"},"_links":{"self":[{"href":"https:\/\/baldumarket.lt\/lt\/wp-json\/wp\/v2\/product\/335680","targetHints":{"allow":["GET"]}}],"collection":[{"href":"https:\/\/baldumarket.lt\/lt\/wp-json\/wp\/v2\/product"}],"about":[{"href":"https:\/\/baldumarket.lt\/lt\/wp-json\/wp\/v2\/types\/product"}],"replies":[{"embeddable":true,"href":"https:\/\/baldumarket.lt\/lt\/wp-json\/wp\/v2\/comments?post=335680"}],"wp:featuredmedia":[{"embeddable":true,"href":"https:\/\/baldumarket.lt\/lt\/wp-json\/wp\/v2\/media\/335720"}],"wp:attachment":[{"href":"https:\/\/baldumarket.lt\/lt\/wp-json\/wp\/v2\/media?parent=335680"}],"wp:term":[{"taxonomy":"product_brand","embeddable":true,"href":"https:\/\/baldumarket.lt\/lt\/wp-json\/wp\/v2\/product_brand?post=335680"},{"taxonomy":"product_cat","embeddable":true,"href":"https:\/\/baldumarket.lt\/lt\/wp-json\/wp\/v2\/product_cat?post=335680"},{"taxonomy":"product_tag","embeddable":true,"href":"https:\/\/baldumarket.lt\/lt\/wp-json\/wp\/v2\/product_tag?post=335680"}],"curies":[{"name":"wp","href":"https:\/\/api.w.org\/{rel}","templated":true}]}}